{"id":1035,"date":"2025-02-24T17:50:59","date_gmt":"2025-02-24T16:50:59","guid":{"rendered":"https:\/\/webstaging.spka.ch\/spenden-sie-an-spka\/"},"modified":"2025-09-03T11:18:54","modified_gmt":"2025-09-03T09:18:54","slug":"donations","status":"publish","type":"page","link":"https:\/\/www.spka.ch\/de\/donations\/","title":{"rendered":"Spenden Sie an SPKA"},"content":{"rendered":"\n<h2 class=\"wp-block-heading\">Spenden Sie an SPKA<\/h2>\n\n<p>SPKA leistet derzeit entscheidende Vorarbeit, um Parkour in den Sportstrukturen der Schweiz zu etablieren. Alle Aufgaben, um die wir uns derzeit k\u00fcmmern, sind Teil des Aufbaus einer Plattform, die es Parkour erm\u00f6glicht, als eine von der Gemeinschaft getragene Bewegung weiter zu wachsen und dabei so unabh\u00e4ngig wie m\u00f6glich zu bleiben, ohne auf die Vorteile zu verzichten, die etablierte Sportarten in der Schweiz haben. Die Swiss Parkour Tour und Jugend+Sport sind nur der Anfang von dem, was wir erreichen wollen.  <strong>  Letztendlich kann jede Parkour-Organisation und jeder Traceur in Zukunft von unserer Arbeit profitieren.<\/strong><\/p>\n\n<p>Dieses Projekt wurde aus einem gemeinsamen Traum geboren. Alle Traceure in der Schweiz, die Parkour weiterentwickeln wollten, haben Teams und Vereinigungen gegr\u00fcndet, um die lokalen Gemeinschaften zu entwickeln &#8211; um ihre Disziplin, die sie so sehr lieben, weiterzuentwickeln, indem sie Inhalte in Netzwerken erstellen, an Veranstaltungen teilnehmen, Sessions mit famili\u00e4rer Atmosph\u00e4re organisieren und schlie\u00dflich versuchen, von ihrer Leidenschaft zu leben. <\/p>\n\n<p>Die SPKA m\u00f6chte all diese Projekte noch weiter vorantreiben! Das derzeitige Interesse der Organisationen in der Schweiz sollte dem Projekt Jugend+Sport gelten, denn das wird den Sport wachsen lassen und die Anerkennung auf nationaler Ebene wird danach folgen. <\/p>\n\n<p>Parkour erh\u00e4lt viel Aufmerksamkeit, wenn es um die Sportpolitik geht. Wir arbeiten derzeit daran, dass die Praktiker von Parkour auch in Zukunft regieren und ihre Vision von Parkour entwickeln k\u00f6nnen. Um erfolgreich zu sein, ist es von grundlegender Bedeutung, dass wir auf jedes einzelne Parkour-Herz in unserer starken Gemeinschaft z\u00e4hlen k\u00f6nnen. Viele Stunden freiwilliger Arbeit werden noch immer jede Woche geleistet.   <\/p>\n\n<p>Um SPKA eine Spende zukommen zu lassen, <a href=\"https:\/\/www.spka.ch\/en\/contact\" target=\"_blank\" rel=\"noopener\">kontaktieren Sie uns<\/a> bitte.  <\/p>\n\n<p><\/p>\n","protected":false},"excerpt":{"rendered":"<p>Spenden Sie an SPKA SPKA leistet derzeit entscheidende Vorarbeit, um Parkour in den Sportstrukturen der Schweiz zu etablieren. Alle Aufgaben, um die wir uns derzeit k\u00fcmmern, sind Teil des Aufbaus einer Plattform, die es Parkour erm\u00f6glicht, als eine von der Gemeinschaft getragene Bewegung weiter zu wachsen und dabei so unabh\u00e4ngig wie m\u00f6glich zu bleiben, ohne [&hellip;]<\/p>\n","protected":false},"author":2,"featured_media":0,"parent":0,"menu_order":0,"comment_status":"closed","ping_status":"closed","template":"","meta":{"footnotes":""},"class_list":["post-1035","page","type-page","status-publish","hentry"],"blocksy_meta":[],"yoast_head":"<!-- This site is optimized with the Yoast SEO plugin v27.2 - https:\/\/yoast.com\/product\/yoast-seo-wordpress\/ -->\n<title>Spenden Sie an SPKA - Swiss Parkour Association<\/title>\n<meta name=\"robots\" content=\"index, follow, max-snippet:-1, max-image-preview:large, max-video-preview:-1\" \/>\n<link rel=\"canonical\" href=\"https:\/\/www.spka.ch\/de\/donations\/\" \/>\n<meta property=\"og:locale\" content=\"de_DE\" \/>\n<meta property=\"og:type\" content=\"article\" \/>\n<meta property=\"og:title\" content=\"Spenden Sie an SPKA - Swiss Parkour Association\" \/>\n<meta property=\"og:description\" content=\"Spenden Sie an SPKA SPKA leistet derzeit entscheidende Vorarbeit, um Parkour in den Sportstrukturen der Schweiz zu etablieren. Alle Aufgaben, um die wir uns derzeit k\u00fcmmern, sind Teil des Aufbaus einer Plattform, die es Parkour erm\u00f6glicht, als eine von der Gemeinschaft getragene Bewegung weiter zu wachsen und dabei so unabh\u00e4ngig wie m\u00f6glich zu bleiben, ohne [&hellip;]\" \/>\n<meta property=\"og:url\" content=\"https:\/\/www.spka.ch\/de\/donations\/\" \/>\n<meta property=\"og:site_name\" content=\"Swiss Parkour Association\" \/>\n<meta property=\"article:modified_time\" content=\"2025-09-03T09:18:54+00:00\" \/>\n<meta name=\"twitter:card\" content=\"summary_large_image\" \/>\n<meta name=\"twitter:label1\" content=\"Gesch\u00e4tzte Lesezeit\" \/>\n\t<meta name=\"twitter:data1\" content=\"1\u00a0Minute\" \/>\n<script type=\"application\/ld+json\" class=\"yoast-schema-graph\">{\"@context\":\"https:\/\/schema.org\",\"@graph\":[{\"@type\":\"WebPage\",\"@id\":\"https:\/\/www.spka.ch\/de\/donations\/\",\"url\":\"https:\/\/www.spka.ch\/de\/donations\/\",\"name\":\"Spenden Sie an SPKA - Swiss Parkour Association\",\"isPartOf\":{\"@id\":\"https:\/\/spka-wordpress-fhf0e0dzb2bveydb.switzerlandnorth-01.azurewebsites.net\/en\/#website\"},\"datePublished\":\"2025-02-24T16:50:59+00:00\",\"dateModified\":\"2025-09-03T09:18:54+00:00\",\"breadcrumb\":{\"@id\":\"https:\/\/www.spka.ch\/de\/donations\/#breadcrumb\"},\"inLanguage\":\"de\",\"potentialAction\":[{\"@type\":\"ReadAction\",\"target\":[\"https:\/\/www.spka.ch\/de\/donations\/\"]}]},{\"@type\":\"BreadcrumbList\",\"@id\":\"https:\/\/www.spka.ch\/de\/donations\/#breadcrumb\",\"itemListElement\":[{\"@type\":\"ListItem\",\"position\":1,\"name\":\"Home\",\"item\":\"https:\/\/spka.ch\/de\/\"},{\"@type\":\"ListItem\",\"position\":2,\"name\":\"Spenden Sie an SPKA\"}]},{\"@type\":\"WebSite\",\"@id\":\"https:\/\/spka-wordpress-fhf0e0dzb2bveydb.switzerlandnorth-01.azurewebsites.net\/en\/#website\",\"url\":\"https:\/\/spka-wordpress-fhf0e0dzb2bveydb.switzerlandnorth-01.azurewebsites.net\/en\/\",\"name\":\"Swiss Parkour Association\",\"description\":\"\",\"publisher\":{\"@id\":\"https:\/\/spka-wordpress-fhf0e0dzb2bveydb.switzerlandnorth-01.azurewebsites.net\/en\/#organization\"},\"potentialAction\":[{\"@type\":\"SearchAction\",\"target\":{\"@type\":\"EntryPoint\",\"urlTemplate\":\"https:\/\/spka-wordpress-fhf0e0dzb2bveydb.switzerlandnorth-01.azurewebsites.net\/en\/?s={search_term_string}\"},\"query-input\":{\"@type\":\"PropertyValueSpecification\",\"valueRequired\":true,\"valueName\":\"search_term_string\"}}],\"inLanguage\":\"de\"},{\"@type\":\"Organization\",\"@id\":\"https:\/\/spka-wordpress-fhf0e0dzb2bveydb.switzerlandnorth-01.azurewebsites.net\/en\/#organization\",\"name\":\"Swiss Parkour Association\",\"url\":\"https:\/\/spka-wordpress-fhf0e0dzb2bveydb.switzerlandnorth-01.azurewebsites.net\/en\/\",\"logo\":{\"@type\":\"ImageObject\",\"inLanguage\":\"de\",\"@id\":\"https:\/\/spka-wordpress-fhf0e0dzb2bveydb.switzerlandnorth-01.azurewebsites.net\/en\/#\/schema\/logo\/image\/\",\"url\":\"\/wp-content\/uploads\/logo-dark-circle.png\",\"contentUrl\":\"\/wp-content\/uploads\/logo-dark-circle.png\",\"width\":527,\"height\":527,\"caption\":\"Swiss Parkour Association\"},\"image\":{\"@id\":\"https:\/\/spka-wordpress-fhf0e0dzb2bveydb.switzerlandnorth-01.azurewebsites.net\/en\/#\/schema\/logo\/image\/\"},\"sameAs\":[\"https:\/\/www.instagram.com\/spka.swiss\/\"]}]}<\/script>\n<!-- \/ Yoast SEO plugin. -->","yoast_head_json":{"title":"Spenden Sie an SPKA - Swiss Parkour Association","robots":{"index":"index","follow":"follow","max-snippet":"max-snippet:-1","max-image-preview":"max-image-preview:large","max-video-preview":"max-video-preview:-1"},"canonical":"https:\/\/www.spka.ch\/de\/donations\/","og_locale":"de_DE","og_type":"article","og_title":"Spenden Sie an SPKA - Swiss Parkour Association","og_description":"Spenden Sie an SPKA SPKA leistet derzeit entscheidende Vorarbeit, um Parkour in den Sportstrukturen der Schweiz zu etablieren. Alle Aufgaben, um die wir uns derzeit k\u00fcmmern, sind Teil des Aufbaus einer Plattform, die es Parkour erm\u00f6glicht, als eine von der Gemeinschaft getragene Bewegung weiter zu wachsen und dabei so unabh\u00e4ngig wie m\u00f6glich zu bleiben, ohne [&hellip;]","og_url":"https:\/\/www.spka.ch\/de\/donations\/","og_site_name":"Swiss Parkour Association","article_modified_time":"2025-09-03T09:18:54+00:00","twitter_card":"summary_large_image","twitter_misc":{"Gesch\u00e4tzte Lesezeit":"1\u00a0Minute"},"schema":{"@context":"https:\/\/schema.org","@graph":[{"@type":"WebPage","@id":"https:\/\/www.spka.ch\/de\/donations\/","url":"https:\/\/www.spka.ch\/de\/donations\/","name":"Spenden Sie an SPKA - Swiss Parkour Association","isPartOf":{"@id":"https:\/\/spka-wordpress-fhf0e0dzb2bveydb.switzerlandnorth-01.azurewebsites.net\/en\/#website"},"datePublished":"2025-02-24T16:50:59+00:00","dateModified":"2025-09-03T09:18:54+00:00","breadcrumb":{"@id":"https:\/\/www.spka.ch\/de\/donations\/#breadcrumb"},"inLanguage":"de","potentialAction":[{"@type":"ReadAction","target":["https:\/\/www.spka.ch\/de\/donations\/"]}]},{"@type":"BreadcrumbList","@id":"https:\/\/www.spka.ch\/de\/donations\/#breadcrumb","itemListElement":[{"@type":"ListItem","position":1,"name":"Home","item":"https:\/\/spka.ch\/de\/"},{"@type":"ListItem","position":2,"name":"Spenden Sie an SPKA"}]},{"@type":"WebSite","@id":"https:\/\/spka-wordpress-fhf0e0dzb2bveydb.switzerlandnorth-01.azurewebsites.net\/en\/#website","url":"https:\/\/spka-wordpress-fhf0e0dzb2bveydb.switzerlandnorth-01.azurewebsites.net\/en\/","name":"Swiss Parkour Association","description":"","publisher":{"@id":"https:\/\/spka-wordpress-fhf0e0dzb2bveydb.switzerlandnorth-01.azurewebsites.net\/en\/#organization"},"potentialAction":[{"@type":"SearchAction","target":{"@type":"EntryPoint","urlTemplate":"https:\/\/spka-wordpress-fhf0e0dzb2bveydb.switzerlandnorth-01.azurewebsites.net\/en\/?s={search_term_string}"},"query-input":{"@type":"PropertyValueSpecification","valueRequired":true,"valueName":"search_term_string"}}],"inLanguage":"de"},{"@type":"Organization","@id":"https:\/\/spka-wordpress-fhf0e0dzb2bveydb.switzerlandnorth-01.azurewebsites.net\/en\/#organization","name":"Swiss Parkour Association","url":"https:\/\/spka-wordpress-fhf0e0dzb2bveydb.switzerlandnorth-01.azurewebsites.net\/en\/","logo":{"@type":"ImageObject","inLanguage":"de","@id":"https:\/\/spka-wordpress-fhf0e0dzb2bveydb.switzerlandnorth-01.azurewebsites.net\/en\/#\/schema\/logo\/image\/","url":"\/wp-content\/uploads\/logo-dark-circle.png","contentUrl":"\/wp-content\/uploads\/logo-dark-circle.png","width":527,"height":527,"caption":"Swiss Parkour Association"},"image":{"@id":"https:\/\/spka-wordpress-fhf0e0dzb2bveydb.switzerlandnorth-01.azurewebsites.net\/en\/#\/schema\/logo\/image\/"},"sameAs":["https:\/\/www.instagram.com\/spka.swiss\/"]}]}},"jetpack_sharing_enabled":true,"jetpack_shortlink":"https:\/\/wp.me\/PgGha7-gH","_links":{"self":[{"href":"https:\/\/www.spka.ch\/de\/wp-json\/wp\/v2\/pages\/1035","targetHints":{"allow":["GET"]}}],"collection":[{"href":"https:\/\/www.spka.ch\/de\/wp-json\/wp\/v2\/pages"}],"about":[{"href":"https:\/\/www.spka.ch\/de\/wp-json\/wp\/v2\/types\/page"}],"author":[{"embeddable":true,"href":"https:\/\/www.spka.ch\/de\/wp-json\/wp\/v2\/users\/2"}],"replies":[{"embeddable":true,"href":"https:\/\/www.spka.ch\/de\/wp-json\/wp\/v2\/comments?post=1035"}],"version-history":[{"count":3,"href":"https:\/\/www.spka.ch\/de\/wp-json\/wp\/v2\/pages\/1035\/revisions"}],"predecessor-version":[{"id":1233,"href":"https:\/\/www.spka.ch\/de\/wp-json\/wp\/v2\/pages\/1035\/revisions\/1233"}],"wp:attachment":[{"href":"https:\/\/www.spka.ch\/de\/wp-json\/wp\/v2\/media?parent=1035"}],"curies":[{"name":"wp","href":"https:\/\/api.w.org\/{rel}","templated":true}]}}