{"id":1170,"date":"2025-02-24T17:51:04","date_gmt":"2025-02-24T16:51:04","guid":{"rendered":"https:\/\/webstaging.spka.ch\/fuer-einzelpersonen\/"},"modified":"2025-09-03T11:18:58","modified_gmt":"2025-09-03T09:18:58","slug":"join-spka-individual","status":"publish","type":"page","link":"https:\/\/www.spka.ch\/de\/join-spka-individual\/","title":{"rendered":"F\u00fcr Einzelpersonen"},"content":{"rendered":"\n<h2 class=\"wp-block-heading\">SPKA als Einzelperson beitreten<\/h2>\n\n<p><strong>Vielen Dank f\u00fcr Ihr Interesse, Mitglied der Swiss Parkour Association zu werden. Dank Ihrer Unterst\u00fctzung w\u00e4chst die Bedeutung von Parkour im Bereich der Gesundheitsf\u00f6rderung, des Sports und der Kultur von Tag zu Tag. <\/strong><\/p>\n\n<p>Wenn Sie der Swiss Parkour Association als Privatperson beitreten m\u00f6chten, steht dem nichts im Wege. Mit einer privaten Mitgliedschaft unterst\u00fctzen Sie die Projekte von SPKA und akzeptieren die Werte und die Ethik, die wir vertreten. Die Mitgliedschaft als Privatperson ist f\u00fcr jeden geeignet, der selbst Parkour praktiziert, aber nicht Mitglied einer Parkour-Organisation ist. Eine Mitgliedschaft ist entweder m\u00f6glich, wenn Sie sich f\u00fcr Parkour engagieren oder den Sport in der Schweiz wachsen sehen m\u00f6chten.  Wenn dies der Fall ist und Sie sich \u00fcber die Mitgliedschaft hinaus engagieren m\u00f6chten, werfen Sie einen Blick auf die Rubrik Freiwilligenarbeit (Link).<\/p>\n\n<p>Mit einer Mitgliedschaft bei SPKA genie\u00dfen Sie die folgenden Vorteile:<\/p>\n\n<ul class=\"wp-block-list\">\n<li>Erm\u00e4\u00dfigte Teilnahmegeb\u00fchren f\u00fcr die Swiss Parkour Tour<\/li>\n\n\n\n<li>Sie erhalten regelm\u00e4\u00dfig einen Newsletter \u00fcber die Arbeit von SPKA<\/li>\n\n\n\n<li>Sie haben eine Stimme bei der Jahreshauptversammlung (gleichwertig mit der eines Clubs)<\/li>\n\n\n\n<li>Sie sind ein direkter Unterst\u00fctzer der Projekte von SPKA<\/li>\n\n\n\n<li>Sie haben die M\u00f6glichkeit, Ihre eigenen Projekte (mit Bezug zu Parkour) \u00fcber SPKA zu bewerben<\/li>\n<\/ul>\n\n<p>Die Mitgliedschaft f\u00fcr Privatpersonen kostet CHF 30 pro Jahr. Indem Sie Ihre Daten eingeben, stimmen Sie unserer Vision und Mission zu und registrieren sich offiziell als Mitglied der SPKA. Den Einzahlungsschein erhalten Sie nach Ihrer Anmeldung per E-Mail. Sobald die Zahlung eingegangen ist, erhalten Sie eine offizielle Best\u00e4tigung per E-Mail und Ihre Mitgliedschaft wird aktiv.  <\/p>\n\n<div class=\"wp-block-group alignfull has-text-color has-background is-layout-flow wp-block-group-is-layout-flow\" style=\"color:#000000;background-color:#ffffff\">\n<div style=\"height:64px\" aria-hidden=\"true\" class=\"wp-block-spacer\"><\/div>\n\n\n\n<h2 class=\"wp-block-heading has-text-align-center\" id=\"schedule-a-visit\" style=\"font-size:clamp(32.969px, 2.061rem + ((1vw - 3.2px) * 2.034), 59px);px;line-height:1.15\"><strong>SPKA beitreten<\/strong><\/h2>\n\n\n\n<div class=\"wp-block-buttons is-horizontal is-content-justification-center is-layout-flex wp-container-core-buttons-is-layout-03627597 wp-block-buttons-is-layout-flex\">\n<div class=\"wp-block-button has-custom-width wp-block-button__width-50\"><a class=\"wp-block-button__link has-text-color has-background wp-element-button\" href=\"https:\/\/forms.office.com\/e\/uWVy66jM5H\" style=\"border-radius:50px;color:#ffffff;background-color:#000000\">Jetzt als Einzelperson registrieren<\/a><\/div>\n<\/div>\n\n\n\n<div style=\"height:64px\" aria-hidden=\"true\" class=\"wp-block-spacer\"><\/div>\n<\/div>\n\n<h2 class=\"wp-block-heading\">Stornierung<\/h2>\n\n<p>Die K\u00fcndigung kann zum Ende des laufenden Kalenderjahres unter Einhaltung einer K\u00fcndigungsfrist von 30 Tagen erfolgen. <a href=\"https:\/\/webstaging.spka.ch\/de\/?page_id=1027\">Kontaktieren Sie uns<\/a>.<\/p>\n\n<p><\/p>\n","protected":false},"excerpt":{"rendered":"<p>SPKA als Einzelperson beitreten Vielen Dank f\u00fcr Ihr Interesse, Mitglied der Swiss Parkour Association zu werden. Dank Ihrer Unterst\u00fctzung w\u00e4chst die Bedeutung von Parkour im Bereich der Gesundheitsf\u00f6rderung, des Sports und der Kultur von Tag zu Tag. Wenn Sie der Swiss Parkour Association als Privatperson beitreten m\u00f6chten, steht dem nichts im Wege. Mit einer privaten [&hellip;]<\/p>\n","protected":false},"author":2,"featured_media":591,"parent":0,"menu_order":0,"comment_status":"closed","ping_status":"closed","template":"","meta":{"footnotes":""},"class_list":["post-1170","page","type-page","status-publish","has-post-thumbnail","hentry"],"blocksy_meta":[],"yoast_head":"<!-- This site is optimized with the Yoast SEO plugin v27.2 - https:\/\/yoast.com\/product\/yoast-seo-wordpress\/ -->\n<title>F\u00fcr Einzelpersonen - Swiss Parkour Association<\/title>\n<meta name=\"robots\" content=\"index, follow, max-snippet:-1, max-image-preview:large, max-video-preview:-1\" \/>\n<link rel=\"canonical\" href=\"https:\/\/www.spka.ch\/de\/join-spka-individual\/\" \/>\n<meta property=\"og:locale\" content=\"de_DE\" \/>\n<meta property=\"og:type\" content=\"article\" \/>\n<meta property=\"og:title\" content=\"F\u00fcr Einzelpersonen - Swiss Parkour Association\" \/>\n<meta property=\"og:description\" content=\"SPKA als Einzelperson beitreten Vielen Dank f\u00fcr Ihr Interesse, Mitglied der Swiss Parkour Association zu werden. Dank Ihrer Unterst\u00fctzung w\u00e4chst die Bedeutung von Parkour im Bereich der Gesundheitsf\u00f6rderung, des Sports und der Kultur von Tag zu Tag. Wenn Sie der Swiss Parkour Association als Privatperson beitreten m\u00f6chten, steht dem nichts im Wege. Mit einer privaten [&hellip;]\" \/>\n<meta property=\"og:url\" content=\"https:\/\/www.spka.ch\/de\/join-spka-individual\/\" \/>\n<meta property=\"og:site_name\" content=\"Swiss Parkour Association\" \/>\n<meta property=\"article:modified_time\" content=\"2025-09-03T09:18:58+00:00\" \/>\n<meta property=\"og:image\" content=\"https:\/\/www.spka.ch\/wp-content\/uploads\/Gros-_R3A0023.jpeg\" \/>\n\t<meta property=\"og:image:width\" content=\"1280\" \/>\n\t<meta property=\"og:image:height\" content=\"853\" \/>\n\t<meta property=\"og:image:type\" content=\"image\/jpeg\" \/>\n<meta name=\"twitter:card\" content=\"summary_large_image\" \/>\n<meta name=\"twitter:label1\" content=\"Gesch\u00e4tzte Lesezeit\" \/>\n\t<meta name=\"twitter:data1\" content=\"1\u00a0Minute\" \/>\n<script type=\"application\/ld+json\" class=\"yoast-schema-graph\">{\"@context\":\"https:\/\/schema.org\",\"@graph\":[{\"@type\":\"WebPage\",\"@id\":\"https:\/\/www.spka.ch\/de\/join-spka-individual\/\",\"url\":\"https:\/\/www.spka.ch\/de\/join-spka-individual\/\",\"name\":\"F\u00fcr Einzelpersonen - Swiss Parkour Association\",\"isPartOf\":{\"@id\":\"https:\/\/spka-wordpress-fhf0e0dzb2bveydb.switzerlandnorth-01.azurewebsites.net\/en\/#website\"},\"primaryImageOfPage\":{\"@id\":\"https:\/\/www.spka.ch\/de\/join-spka-individual\/#primaryimage\"},\"image\":{\"@id\":\"https:\/\/www.spka.ch\/de\/join-spka-individual\/#primaryimage\"},\"thumbnailUrl\":\"\/wp-content\/uploads\/Gros-_R3A0023.jpeg\",\"datePublished\":\"2025-02-24T16:51:04+00:00\",\"dateModified\":\"2025-09-03T09:18:58+00:00\",\"breadcrumb\":{\"@id\":\"https:\/\/www.spka.ch\/de\/join-spka-individual\/#breadcrumb\"},\"inLanguage\":\"de\",\"potentialAction\":[{\"@type\":\"ReadAction\",\"target\":[\"https:\/\/www.spka.ch\/de\/join-spka-individual\/\"]}]},{\"@type\":\"ImageObject\",\"inLanguage\":\"de\",\"@id\":\"https:\/\/www.spka.ch\/de\/join-spka-individual\/#primaryimage\",\"url\":\"\/wp-content\/uploads\/Gros-_R3A0023.jpeg\",\"contentUrl\":\"\/wp-content\/uploads\/Gros-_R3A0023.jpeg\",\"width\":1280,\"height\":853,\"caption\":\"Parkour Wallspin\"},{\"@type\":\"BreadcrumbList\",\"@id\":\"https:\/\/www.spka.ch\/de\/join-spka-individual\/#breadcrumb\",\"itemListElement\":[{\"@type\":\"ListItem\",\"position\":1,\"name\":\"Home\",\"item\":\"https:\/\/spka.ch\/de\/\"},{\"@type\":\"ListItem\",\"position\":2,\"name\":\"F\u00fcr Einzelpersonen\"}]},{\"@type\":\"WebSite\",\"@id\":\"https:\/\/spka-wordpress-fhf0e0dzb2bveydb.switzerlandnorth-01.azurewebsites.net\/en\/#website\",\"url\":\"https:\/\/spka-wordpress-fhf0e0dzb2bveydb.switzerlandnorth-01.azurewebsites.net\/en\/\",\"name\":\"Swiss Parkour Association\",\"description\":\"\",\"publisher\":{\"@id\":\"https:\/\/spka-wordpress-fhf0e0dzb2bveydb.switzerlandnorth-01.azurewebsites.net\/en\/#organization\"},\"potentialAction\":[{\"@type\":\"SearchAction\",\"target\":{\"@type\":\"EntryPoint\",\"urlTemplate\":\"https:\/\/spka-wordpress-fhf0e0dzb2bveydb.switzerlandnorth-01.azurewebsites.net\/en\/?s={search_term_string}\"},\"query-input\":{\"@type\":\"PropertyValueSpecification\",\"valueRequired\":true,\"valueName\":\"search_term_string\"}}],\"inLanguage\":\"de\"},{\"@type\":\"Organization\",\"@id\":\"https:\/\/spka-wordpress-fhf0e0dzb2bveydb.switzerlandnorth-01.azurewebsites.net\/en\/#organization\",\"name\":\"Swiss Parkour Association\",\"url\":\"https:\/\/spka-wordpress-fhf0e0dzb2bveydb.switzerlandnorth-01.azurewebsites.net\/en\/\",\"logo\":{\"@type\":\"ImageObject\",\"inLanguage\":\"de\",\"@id\":\"https:\/\/spka-wordpress-fhf0e0dzb2bveydb.switzerlandnorth-01.azurewebsites.net\/en\/#\/schema\/logo\/image\/\",\"url\":\"\/wp-content\/uploads\/logo-dark-circle.png\",\"contentUrl\":\"\/wp-content\/uploads\/logo-dark-circle.png\",\"width\":527,\"height\":527,\"caption\":\"Swiss Parkour Association\"},\"image\":{\"@id\":\"https:\/\/spka-wordpress-fhf0e0dzb2bveydb.switzerlandnorth-01.azurewebsites.net\/en\/#\/schema\/logo\/image\/\"},\"sameAs\":[\"https:\/\/www.instagram.com\/spka.swiss\/\"]}]}<\/script>\n<!-- \/ Yoast SEO plugin. -->","yoast_head_json":{"title":"F\u00fcr Einzelpersonen - Swiss Parkour Association","robots":{"index":"index","follow":"follow","max-snippet":"max-snippet:-1","max-image-preview":"max-image-preview:large","max-video-preview":"max-video-preview:-1"},"canonical":"https:\/\/www.spka.ch\/de\/join-spka-individual\/","og_locale":"de_DE","og_type":"article","og_title":"F\u00fcr Einzelpersonen - Swiss Parkour Association","og_description":"SPKA als Einzelperson beitreten Vielen Dank f\u00fcr Ihr Interesse, Mitglied der Swiss Parkour Association zu werden. Dank Ihrer Unterst\u00fctzung w\u00e4chst die Bedeutung von Parkour im Bereich der Gesundheitsf\u00f6rderung, des Sports und der Kultur von Tag zu Tag. Wenn Sie der Swiss Parkour Association als Privatperson beitreten m\u00f6chten, steht dem nichts im Wege. Mit einer privaten [&hellip;]","og_url":"https:\/\/www.spka.ch\/de\/join-spka-individual\/","og_site_name":"Swiss Parkour Association","article_modified_time":"2025-09-03T09:18:58+00:00","og_image":[{"width":1280,"height":853,"url":"https:\/\/www.spka.ch\/wp-content\/uploads\/Gros-_R3A0023.jpeg","type":"image\/jpeg"}],"twitter_card":"summary_large_image","twitter_misc":{"Gesch\u00e4tzte Lesezeit":"1\u00a0Minute"},"schema":{"@context":"https:\/\/schema.org","@graph":[{"@type":"WebPage","@id":"https:\/\/www.spka.ch\/de\/join-spka-individual\/","url":"https:\/\/www.spka.ch\/de\/join-spka-individual\/","name":"F\u00fcr Einzelpersonen - Swiss Parkour Association","isPartOf":{"@id":"https:\/\/spka-wordpress-fhf0e0dzb2bveydb.switzerlandnorth-01.azurewebsites.net\/en\/#website"},"primaryImageOfPage":{"@id":"https:\/\/www.spka.ch\/de\/join-spka-individual\/#primaryimage"},"image":{"@id":"https:\/\/www.spka.ch\/de\/join-spka-individual\/#primaryimage"},"thumbnailUrl":"\/wp-content\/uploads\/Gros-_R3A0023.jpeg","datePublished":"2025-02-24T16:51:04+00:00","dateModified":"2025-09-03T09:18:58+00:00","breadcrumb":{"@id":"https:\/\/www.spka.ch\/de\/join-spka-individual\/#breadcrumb"},"inLanguage":"de","potentialAction":[{"@type":"ReadAction","target":["https:\/\/www.spka.ch\/de\/join-spka-individual\/"]}]},{"@type":"ImageObject","inLanguage":"de","@id":"https:\/\/www.spka.ch\/de\/join-spka-individual\/#primaryimage","url":"\/wp-content\/uploads\/Gros-_R3A0023.jpeg","contentUrl":"\/wp-content\/uploads\/Gros-_R3A0023.jpeg","width":1280,"height":853,"caption":"Parkour Wallspin"},{"@type":"BreadcrumbList","@id":"https:\/\/www.spka.ch\/de\/join-spka-individual\/#breadcrumb","itemListElement":[{"@type":"ListItem","position":1,"name":"Home","item":"https:\/\/spka.ch\/de\/"},{"@type":"ListItem","position":2,"name":"F\u00fcr Einzelpersonen"}]},{"@type":"WebSite","@id":"https:\/\/spka-wordpress-fhf0e0dzb2bveydb.switzerlandnorth-01.azurewebsites.net\/en\/#website","url":"https:\/\/spka-wordpress-fhf0e0dzb2bveydb.switzerlandnorth-01.azurewebsites.net\/en\/","name":"Swiss Parkour Association","description":"","publisher":{"@id":"https:\/\/spka-wordpress-fhf0e0dzb2bveydb.switzerlandnorth-01.azurewebsites.net\/en\/#organization"},"potentialAction":[{"@type":"SearchAction","target":{"@type":"EntryPoint","urlTemplate":"https:\/\/spka-wordpress-fhf0e0dzb2bveydb.switzerlandnorth-01.azurewebsites.net\/en\/?s={search_term_string}"},"query-input":{"@type":"PropertyValueSpecification","valueRequired":true,"valueName":"search_term_string"}}],"inLanguage":"de"},{"@type":"Organization","@id":"https:\/\/spka-wordpress-fhf0e0dzb2bveydb.switzerlandnorth-01.azurewebsites.net\/en\/#organization","name":"Swiss Parkour Association","url":"https:\/\/spka-wordpress-fhf0e0dzb2bveydb.switzerlandnorth-01.azurewebsites.net\/en\/","logo":{"@type":"ImageObject","inLanguage":"de","@id":"https:\/\/spka-wordpress-fhf0e0dzb2bveydb.switzerlandnorth-01.azurewebsites.net\/en\/#\/schema\/logo\/image\/","url":"\/wp-content\/uploads\/logo-dark-circle.png","contentUrl":"\/wp-content\/uploads\/logo-dark-circle.png","width":527,"height":527,"caption":"Swiss Parkour Association"},"image":{"@id":"https:\/\/spka-wordpress-fhf0e0dzb2bveydb.switzerlandnorth-01.azurewebsites.net\/en\/#\/schema\/logo\/image\/"},"sameAs":["https:\/\/www.instagram.com\/spka.swiss\/"]}]}},"jetpack_sharing_enabled":true,"jetpack_shortlink":"https:\/\/wp.me\/PgGha7-iS","_links":{"self":[{"href":"https:\/\/www.spka.ch\/de\/wp-json\/wp\/v2\/pages\/1170","targetHints":{"allow":["GET"]}}],"collection":[{"href":"https:\/\/www.spka.ch\/de\/wp-json\/wp\/v2\/pages"}],"about":[{"href":"https:\/\/www.spka.ch\/de\/wp-json\/wp\/v2\/types\/page"}],"author":[{"embeddable":true,"href":"https:\/\/www.spka.ch\/de\/wp-json\/wp\/v2\/users\/2"}],"replies":[{"embeddable":true,"href":"https:\/\/www.spka.ch\/de\/wp-json\/wp\/v2\/comments?post=1170"}],"version-history":[{"count":4,"href":"https:\/\/www.spka.ch\/de\/wp-json\/wp\/v2\/pages\/1170\/revisions"}],"predecessor-version":[{"id":1238,"href":"https:\/\/www.spka.ch\/de\/wp-json\/wp\/v2\/pages\/1170\/revisions\/1238"}],"wp:featuredmedia":[{"embeddable":true,"href":"https:\/\/www.spka.ch\/de\/wp-json\/wp\/v2\/media\/591"}],"wp:attachment":[{"href":"https:\/\/www.spka.ch\/de\/wp-json\/wp\/v2\/media?parent=1170"}],"curies":[{"name":"wp","href":"https:\/\/api.w.org\/{rel}","templated":true}]}}