{"id":907,"date":"2025-02-24T17:52:34","date_gmt":"2025-02-24T16:52:34","guid":{"rendered":"https:\/\/webstaging.spka.ch\/parkour-in-der-schweiz\/"},"modified":"2025-09-03T11:19:13","modified_gmt":"2025-09-03T09:19:13","slug":"parkour-in-switzerland","status":"publish","type":"page","link":"https:\/\/www.spka.ch\/de\/parkour-in-switzerland\/","title":{"rendered":"Parkour in der Schweiz"},"content":{"rendered":"\n<div class=\"wp-block-cover alignfull has-parallax\"><span aria-hidden=\"true\" class=\"wp-block-cover__background has-palette-color-3-background-color has-background-dim\"><\/span><div aria-label=\"Parkour Katzenpass\" class=\"wp-block-cover__image-background wp-image-594 has-parallax\" role=\"img\" style=\"background-position:50% 50%;background-image:url(\/wp-content\/uploads\/Gros-_R3A0038-1024x682.jpeg);\"><\/div><div class=\"wp-block-cover__inner-container is-layout-constrained wp-block-cover-is-layout-constrained\">\n<p class=\"has-text-align-center has-palette-color-2-color has-text-color has-link-color has-x-large-font-size wp-elements-c48826c966b991dadc94fd1c1b70f698\"><strong>PARKOUR IN DER SCHWEIZ<\/strong><\/p>\n<\/div><\/div>\n\n<p>Die Schweiz mit ihren atemberaubenden Landschaften und lebendigen St\u00e4dten ist zu einem pulsierenden Zentrum f\u00fcr die Parkour-Gemeinschaft geworden. Von den belebten Stra\u00dfen Z\u00fcrichs bis zu den steinigen Fl\u00e4chen im Tessin bietet die Schweizer Parkour-Szene einzigartige Trainingsm\u00f6glichkeiten und eine enge Gemeinschaft von leidenschaftlichen Traceuren.  <\/p>\n\n<p>Die Geschichte von Parkour in der Schweiz reicht bis in die fr\u00fchen 2000er Jahre zur\u00fcck, als Pioniere aus Bern begannen, auf eigene Faust zu trainieren und an ihre Grenzen zu gehen. Mit dem Einfluss von Internetvideos eroberte der Sport alle Regionen der Schweiz, in denen kleine Organisationen entstanden waren. Der Spa\u00df am gemeinsamen Training war bis etwa 2010 immer das Hauptziel dieser Teams. Das neue Jahrzehnt begann mit neuen M\u00f6glichkeiten und die ersten Parkour-Kurse wurden von diesen Teams angeboten, da die Nachfrage schnell wuchs. In dieser fr\u00fchen Phase von Parkour in der Schweiz begannen auch Teams und Organisationen, Veranstaltungen und Wettbewerbe auszurichten. Anfang 2018 wurde SPKA gegr\u00fcndet, um alle Organisationen aus der ganzen Schweiz zu vereinen, mit dem Hauptziel, die Parkour-Ausbildung voranzutreiben und den Sport zu professionalisieren.  <\/p>\n\n<p>Die Parkour-Community in der Schweiz ist bekannt f\u00fcr ihren starken Sinn f\u00fcr Kameradschaft und Unterst\u00fctzung. Die Trainingseinheiten finden oft in speziellen Parkour-Parks statt, in denen Menschen aller K\u00f6nnensstufen zusammenkommen, um zu lernen, Wissen zu teilen und sich gegenseitig zu inspirieren. Diese Parks sind mit speziell angefertigten Strukturen wie Mauern, Stangen und Plattformen ausgestattet, die die Herausforderungen einer st\u00e4dtischen Umgebung simulieren sollen. Die Schweizer Parkour-Gemeinschaft ist stolz darauf, eine einladende und integrative Atmosph\u00e4re zu schaffen, die Neulinge dazu ermutigt, sich anzuschlie\u00dfen und von erfahrenen Trainern zu lernen.<\/p>\n\n<p>Neben den strukturierten Parkour-Parks organisiert die Gemeinschaft in der Schweiz h\u00e4ufig Outdoor-Trainingseinheiten und Veranstaltungen. Diese Treffen nutzen die nat\u00fcrliche Sch\u00f6nheit des Landes und bieten die M\u00f6glichkeit, neue Orte zu erkunden und die Grenzen des Parkour-Sports zu erweitern.  <\/p>\n\n<p class=\"has-medium-font-size\">Zusammenfassend l\u00e4sst sich sagen, dass sich die Schweiz zu einem dynamischen und einflussreichen Zentrum f\u00fcr die Parkour-Gemeinschaft entwickelt hat. Das starke Gemeinschaftsgef\u00fchl, das durch spezielle Parkour-Parks, Outdoor-Sessions und Veranstaltungen gef\u00f6rdert wird, schafft eine unterst\u00fctzende Umgebung, die zu Wachstum, Erkundung und dem Kn\u00fcpfen dauerhafter Verbindungen anregt. Ob Sie durch die Stra\u00dfen der Stadt schweben oder die Hindernisse der Natur bezwingen, die Schweizer Parkour-Gemeinschaft verk\u00f6rpert den Geist der Bewegung, der Kreativit\u00e4t und der Einigkeit.<\/p>\n\n<figure class=\"wp-block-gallery alignfull has-nested-images columns-3 is-cropped wp-block-gallery-1 is-layout-flex wp-block-gallery-is-layout-flex\" style=\"border-style:none;border-width:0px;border-radius:0px\">\n<figure class=\"wp-block-image size-full is-style-default\"><a href=\"\/wp-content\/uploads\/2022_08_13-Parkour-SPKA-Jam-Aarau-20220813_DSC_0198-2_exp-scaled.jpeg\" target=\"_blank\"><img loading=\"lazy\" decoding=\"async\" width=\"2560\" height=\"1707\" data-id=\"99\" src=\"\/wp-content\/uploads\/2022_08_13-Parkour-SPKA-Jam-Aarau-20220813_DSC_0198-2_exp-scaled.jpeg\" alt=\"\" class=\"wp-image-99\" srcset=\"\/wp-content\/uploads\/2022_08_13-Parkour-SPKA-Jam-Aarau-20220813_DSC_0198-2_exp-scaled.jpeg 2560w, \/wp-content\/uploads\/2022_08_13-Parkour-SPKA-Jam-Aarau-20220813_DSC_0198-2_exp-300x200.jpeg 300w, \/wp-content\/uploads\/2022_08_13-Parkour-SPKA-Jam-Aarau-20220813_DSC_0198-2_exp-1024x683.jpeg 1024w, \/wp-content\/uploads\/2022_08_13-Parkour-SPKA-Jam-Aarau-20220813_DSC_0198-2_exp-768x512.jpeg 768w, \/wp-content\/uploads\/2022_08_13-Parkour-SPKA-Jam-Aarau-20220813_DSC_0198-2_exp-1536x1024.jpeg 1536w, \/wp-content\/uploads\/2022_08_13-Parkour-SPKA-Jam-Aarau-20220813_DSC_0198-2_exp-2048x1365.jpeg 2048w\" sizes=\"auto, (max-width: 2560px) 100vw, 2560px\" \/><\/a><figcaption class=\"wp-element-caption\">Kind l\u00e4uft \u00fcber Hindernisse<\/figcaption><\/figure>\n\n\n\n<figure class=\"wp-block-image size-full\"><a href=\"\/wp-content\/uploads\/Gros-_R3A0023.jpeg\" target=\"_blank\"><img loading=\"lazy\" decoding=\"async\" width=\"1280\" height=\"853\" data-id=\"100\" src=\"\/wp-content\/uploads\/Gros-_R3A0023.jpeg\" alt=\"\" class=\"wp-image-100\" srcset=\"\/wp-content\/uploads\/Gros-_R3A0023.jpeg 1280w, \/wp-content\/uploads\/Gros-_R3A0023-300x200.jpeg 300w, \/wp-content\/uploads\/Gros-_R3A0023-1024x682.jpeg 1024w, \/wp-content\/uploads\/Gros-_R3A0023-768x512.jpeg 768w\" sizes=\"auto, (max-width: 1280px) 100vw, 1280px\" \/><\/a><figcaption class=\"wp-element-caption\">Parkour Wallspin<\/figcaption><\/figure>\n\n\n\n<figure class=\"wp-block-image size-full\"><a href=\"\/wp-content\/uploads\/Gros-_R3A0038.jpeg\" target=\"_blank\"><img loading=\"lazy\" decoding=\"async\" width=\"1280\" height=\"853\" data-id=\"101\" src=\"\/wp-content\/uploads\/Gros-_R3A0038.jpeg\" alt=\"\" class=\"wp-image-101\" srcset=\"\/wp-content\/uploads\/Gros-_R3A0038.jpeg 1280w, \/wp-content\/uploads\/Gros-_R3A0038-300x200.jpeg 300w, \/wp-content\/uploads\/Gros-_R3A0038-1024x682.jpeg 1024w, \/wp-content\/uploads\/Gros-_R3A0038-768x512.jpeg 768w\" sizes=\"auto, (max-width: 1280px) 100vw, 1280px\" \/><\/a><figcaption class=\"wp-element-caption\">Parkour Katzenpass<\/figcaption><\/figure>\n\n\n\n<figure class=\"wp-block-image size-full\"><a href=\"\/wp-content\/uploads\/Gros-_R3A0055.jpeg\" target=\"_blank\"><img loading=\"lazy\" decoding=\"async\" width=\"1280\" height=\"853\" data-id=\"102\" src=\"\/wp-content\/uploads\/Gros-_R3A0055.jpeg\" alt=\"\" class=\"wp-image-102\" srcset=\"\/wp-content\/uploads\/Gros-_R3A0055.jpeg 1280w, \/wp-content\/uploads\/Gros-_R3A0055-300x200.jpeg 300w, \/wp-content\/uploads\/Gros-_R3A0055-1024x682.jpeg 1024w, \/wp-content\/uploads\/Gros-_R3A0055-768x512.jpeg 768w\" sizes=\"auto, (max-width: 1280px) 100vw, 1280px\" \/><\/a><figcaption class=\"wp-element-caption\">Parkour Jam<\/figcaption><\/figure>\n\n\n\n<figure class=\"wp-block-image size-full\"><a href=\"\/wp-content\/uploads\/Gros-SPTgenf_-59.jpeg\" target=\"_blank\"><img loading=\"lazy\" decoding=\"async\" width=\"1280\" height=\"853\" data-id=\"103\" src=\"\/wp-content\/uploads\/Gros-SPTgenf_-59.jpeg\" alt=\"\" class=\"wp-image-103\" srcset=\"\/wp-content\/uploads\/Gros-SPTgenf_-59.jpeg 1280w, \/wp-content\/uploads\/Gros-SPTgenf_-59-300x200.jpeg 300w, \/wp-content\/uploads\/Gros-SPTgenf_-59-1024x682.jpeg 1024w, \/wp-content\/uploads\/Gros-SPTgenf_-59-768x512.jpeg 768w\" sizes=\"auto, (max-width: 1280px) 100vw, 1280px\" \/><\/a><figcaption class=\"wp-element-caption\">Parkour Podium eines Wettbewerbs<\/figcaption><\/figure>\n\n\n\n<figure class=\"wp-block-image size-full\"><a href=\"\/wp-content\/uploads\/Gros-ZH-19.jpeg\" target=\"_blank\"><img loading=\"lazy\" decoding=\"async\" width=\"1280\" height=\"853\" data-id=\"104\" src=\"\/wp-content\/uploads\/Gros-ZH-19.jpeg\" alt=\"\" class=\"wp-image-104\" srcset=\"\/wp-content\/uploads\/Gros-ZH-19.jpeg 1280w, \/wp-content\/uploads\/Gros-ZH-19-300x200.jpeg 300w, \/wp-content\/uploads\/Gros-ZH-19-1024x682.jpeg 1024w, \/wp-content\/uploads\/Gros-ZH-19-768x512.jpeg 768w\" sizes=\"auto, (max-width: 1280px) 100vw, 1280px\" \/><\/a><figcaption class=\"wp-element-caption\">Parkour beim Jam chillen<\/figcaption><\/figure>\n<\/figure>\n\n<hr class=\"wp-block-separator alignwide has-alpha-channel-opacity is-style-dots\"\/>\n\n<hr class=\"wp-block-separator alignwide has-alpha-channel-opacity is-style-dots\"\/>\n\n<p><\/p>\n","protected":false},"excerpt":{"rendered":"<p>Die Schweiz mit ihren atemberaubenden Landschaften und lebendigen St\u00e4dten ist zu einem pulsierenden Zentrum f\u00fcr die Parkour-Gemeinschaft geworden. Von den belebten Stra\u00dfen Z\u00fcrichs bis zu den steinigen Fl\u00e4chen im Tessin bietet die Schweizer Parkour-Szene einzigartige Trainingsm\u00f6glichkeiten und eine enge Gemeinschaft von leidenschaftlichen Traceuren. Die Geschichte von Parkour in der Schweiz reicht bis in die fr\u00fchen [&hellip;]<\/p>\n","protected":false},"author":2,"featured_media":594,"parent":0,"menu_order":0,"comment_status":"closed","ping_status":"closed","template":"","meta":{"footnotes":""},"class_list":["post-907","page","type-page","status-publish","has-post-thumbnail","hentry"],"blocksy_meta":[],"yoast_head":"<!-- This site is optimized with the Yoast SEO plugin v27.2 - https:\/\/yoast.com\/product\/yoast-seo-wordpress\/ -->\n<title>Parkour in der Schweiz - Swiss Parkour Association<\/title>\n<meta name=\"robots\" content=\"index, follow, max-snippet:-1, max-image-preview:large, max-video-preview:-1\" \/>\n<link rel=\"canonical\" href=\"https:\/\/www.spka.ch\/de\/parkour-in-switzerland\/\" \/>\n<meta property=\"og:locale\" content=\"de_DE\" \/>\n<meta property=\"og:type\" content=\"article\" \/>\n<meta property=\"og:title\" content=\"Parkour in der Schweiz - Swiss Parkour Association\" \/>\n<meta property=\"og:description\" content=\"Die Schweiz mit ihren atemberaubenden Landschaften und lebendigen St\u00e4dten ist zu einem pulsierenden Zentrum f\u00fcr die Parkour-Gemeinschaft geworden. Von den belebten Stra\u00dfen Z\u00fcrichs bis zu den steinigen Fl\u00e4chen im Tessin bietet die Schweizer Parkour-Szene einzigartige Trainingsm\u00f6glichkeiten und eine enge Gemeinschaft von leidenschaftlichen Traceuren. Die Geschichte von Parkour in der Schweiz reicht bis in die fr\u00fchen [&hellip;]\" \/>\n<meta property=\"og:url\" content=\"https:\/\/www.spka.ch\/de\/parkour-in-switzerland\/\" \/>\n<meta property=\"og:site_name\" content=\"Swiss Parkour Association\" \/>\n<meta property=\"article:modified_time\" content=\"2025-09-03T09:19:13+00:00\" \/>\n<meta property=\"og:image\" content=\"https:\/\/www.spka.ch\/wp-content\/uploads\/Gros-_R3A0038.jpeg\" \/>\n\t<meta property=\"og:image:width\" content=\"1280\" \/>\n\t<meta property=\"og:image:height\" content=\"853\" \/>\n\t<meta property=\"og:image:type\" content=\"image\/jpeg\" \/>\n<meta name=\"twitter:card\" content=\"summary_large_image\" \/>\n<meta name=\"twitter:label1\" content=\"Gesch\u00e4tzte Lesezeit\" \/>\n\t<meta name=\"twitter:data1\" content=\"2\u00a0Minuten\" \/>\n<script type=\"application\/ld+json\" class=\"yoast-schema-graph\">{\"@context\":\"https:\/\/schema.org\",\"@graph\":[{\"@type\":\"WebPage\",\"@id\":\"https:\/\/www.spka.ch\/de\/parkour-in-switzerland\/\",\"url\":\"https:\/\/www.spka.ch\/de\/parkour-in-switzerland\/\",\"name\":\"Parkour in der Schweiz - Swiss Parkour Association\",\"isPartOf\":{\"@id\":\"https:\/\/spka-wordpress-fhf0e0dzb2bveydb.switzerlandnorth-01.azurewebsites.net\/en\/#website\"},\"primaryImageOfPage\":{\"@id\":\"https:\/\/www.spka.ch\/de\/parkour-in-switzerland\/#primaryimage\"},\"image\":{\"@id\":\"https:\/\/www.spka.ch\/de\/parkour-in-switzerland\/#primaryimage\"},\"thumbnailUrl\":\"\/wp-content\/uploads\/Gros-_R3A0038.jpeg\",\"datePublished\":\"2025-02-24T16:52:34+00:00\",\"dateModified\":\"2025-09-03T09:19:13+00:00\",\"breadcrumb\":{\"@id\":\"https:\/\/www.spka.ch\/de\/parkour-in-switzerland\/#breadcrumb\"},\"inLanguage\":\"de\",\"potentialAction\":[{\"@type\":\"ReadAction\",\"target\":[\"https:\/\/www.spka.ch\/de\/parkour-in-switzerland\/\"]}]},{\"@type\":\"ImageObject\",\"inLanguage\":\"de\",\"@id\":\"https:\/\/www.spka.ch\/de\/parkour-in-switzerland\/#primaryimage\",\"url\":\"\/wp-content\/uploads\/Gros-_R3A0038.jpeg\",\"contentUrl\":\"\/wp-content\/uploads\/Gros-_R3A0038.jpeg\",\"width\":1280,\"height\":853,\"caption\":\"Parkour Katzenpass\"},{\"@type\":\"BreadcrumbList\",\"@id\":\"https:\/\/www.spka.ch\/de\/parkour-in-switzerland\/#breadcrumb\",\"itemListElement\":[{\"@type\":\"ListItem\",\"position\":1,\"name\":\"Home\",\"item\":\"https:\/\/spka.ch\/de\/\"},{\"@type\":\"ListItem\",\"position\":2,\"name\":\"Parkour in der Schweiz\"}]},{\"@type\":\"WebSite\",\"@id\":\"https:\/\/spka-wordpress-fhf0e0dzb2bveydb.switzerlandnorth-01.azurewebsites.net\/en\/#website\",\"url\":\"https:\/\/spka-wordpress-fhf0e0dzb2bveydb.switzerlandnorth-01.azurewebsites.net\/en\/\",\"name\":\"Swiss Parkour Association\",\"description\":\"\",\"publisher\":{\"@id\":\"https:\/\/spka-wordpress-fhf0e0dzb2bveydb.switzerlandnorth-01.azurewebsites.net\/en\/#organization\"},\"potentialAction\":[{\"@type\":\"SearchAction\",\"target\":{\"@type\":\"EntryPoint\",\"urlTemplate\":\"https:\/\/spka-wordpress-fhf0e0dzb2bveydb.switzerlandnorth-01.azurewebsites.net\/en\/?s={search_term_string}\"},\"query-input\":{\"@type\":\"PropertyValueSpecification\",\"valueRequired\":true,\"valueName\":\"search_term_string\"}}],\"inLanguage\":\"de\"},{\"@type\":\"Organization\",\"@id\":\"https:\/\/spka-wordpress-fhf0e0dzb2bveydb.switzerlandnorth-01.azurewebsites.net\/en\/#organization\",\"name\":\"Swiss Parkour Association\",\"url\":\"https:\/\/spka-wordpress-fhf0e0dzb2bveydb.switzerlandnorth-01.azurewebsites.net\/en\/\",\"logo\":{\"@type\":\"ImageObject\",\"inLanguage\":\"de\",\"@id\":\"https:\/\/spka-wordpress-fhf0e0dzb2bveydb.switzerlandnorth-01.azurewebsites.net\/en\/#\/schema\/logo\/image\/\",\"url\":\"\/wp-content\/uploads\/logo-dark-circle.png\",\"contentUrl\":\"\/wp-content\/uploads\/logo-dark-circle.png\",\"width\":527,\"height\":527,\"caption\":\"Swiss Parkour Association\"},\"image\":{\"@id\":\"https:\/\/spka-wordpress-fhf0e0dzb2bveydb.switzerlandnorth-01.azurewebsites.net\/en\/#\/schema\/logo\/image\/\"},\"sameAs\":[\"https:\/\/www.instagram.com\/spka.swiss\/\"]}]}<\/script>\n<!-- \/ Yoast SEO plugin. -->","yoast_head_json":{"title":"Parkour in der Schweiz - Swiss Parkour Association","robots":{"index":"index","follow":"follow","max-snippet":"max-snippet:-1","max-image-preview":"max-image-preview:large","max-video-preview":"max-video-preview:-1"},"canonical":"https:\/\/www.spka.ch\/de\/parkour-in-switzerland\/","og_locale":"de_DE","og_type":"article","og_title":"Parkour in der Schweiz - Swiss Parkour Association","og_description":"Die Schweiz mit ihren atemberaubenden Landschaften und lebendigen St\u00e4dten ist zu einem pulsierenden Zentrum f\u00fcr die Parkour-Gemeinschaft geworden. Von den belebten Stra\u00dfen Z\u00fcrichs bis zu den steinigen Fl\u00e4chen im Tessin bietet die Schweizer Parkour-Szene einzigartige Trainingsm\u00f6glichkeiten und eine enge Gemeinschaft von leidenschaftlichen Traceuren. Die Geschichte von Parkour in der Schweiz reicht bis in die fr\u00fchen [&hellip;]","og_url":"https:\/\/www.spka.ch\/de\/parkour-in-switzerland\/","og_site_name":"Swiss Parkour Association","article_modified_time":"2025-09-03T09:19:13+00:00","og_image":[{"width":1280,"height":853,"url":"https:\/\/www.spka.ch\/wp-content\/uploads\/Gros-_R3A0038.jpeg","type":"image\/jpeg"}],"twitter_card":"summary_large_image","twitter_misc":{"Gesch\u00e4tzte Lesezeit":"2\u00a0Minuten"},"schema":{"@context":"https:\/\/schema.org","@graph":[{"@type":"WebPage","@id":"https:\/\/www.spka.ch\/de\/parkour-in-switzerland\/","url":"https:\/\/www.spka.ch\/de\/parkour-in-switzerland\/","name":"Parkour in der Schweiz - Swiss Parkour Association","isPartOf":{"@id":"https:\/\/spka-wordpress-fhf0e0dzb2bveydb.switzerlandnorth-01.azurewebsites.net\/en\/#website"},"primaryImageOfPage":{"@id":"https:\/\/www.spka.ch\/de\/parkour-in-switzerland\/#primaryimage"},"image":{"@id":"https:\/\/www.spka.ch\/de\/parkour-in-switzerland\/#primaryimage"},"thumbnailUrl":"\/wp-content\/uploads\/Gros-_R3A0038.jpeg","datePublished":"2025-02-24T16:52:34+00:00","dateModified":"2025-09-03T09:19:13+00:00","breadcrumb":{"@id":"https:\/\/www.spka.ch\/de\/parkour-in-switzerland\/#breadcrumb"},"inLanguage":"de","potentialAction":[{"@type":"ReadAction","target":["https:\/\/www.spka.ch\/de\/parkour-in-switzerland\/"]}]},{"@type":"ImageObject","inLanguage":"de","@id":"https:\/\/www.spka.ch\/de\/parkour-in-switzerland\/#primaryimage","url":"\/wp-content\/uploads\/Gros-_R3A0038.jpeg","contentUrl":"\/wp-content\/uploads\/Gros-_R3A0038.jpeg","width":1280,"height":853,"caption":"Parkour Katzenpass"},{"@type":"BreadcrumbList","@id":"https:\/\/www.spka.ch\/de\/parkour-in-switzerland\/#breadcrumb","itemListElement":[{"@type":"ListItem","position":1,"name":"Home","item":"https:\/\/spka.ch\/de\/"},{"@type":"ListItem","position":2,"name":"Parkour in der Schweiz"}]},{"@type":"WebSite","@id":"https:\/\/spka-wordpress-fhf0e0dzb2bveydb.switzerlandnorth-01.azurewebsites.net\/en\/#website","url":"https:\/\/spka-wordpress-fhf0e0dzb2bveydb.switzerlandnorth-01.azurewebsites.net\/en\/","name":"Swiss Parkour Association","description":"","publisher":{"@id":"https:\/\/spka-wordpress-fhf0e0dzb2bveydb.switzerlandnorth-01.azurewebsites.net\/en\/#organization"},"potentialAction":[{"@type":"SearchAction","target":{"@type":"EntryPoint","urlTemplate":"https:\/\/spka-wordpress-fhf0e0dzb2bveydb.switzerlandnorth-01.azurewebsites.net\/en\/?s={search_term_string}"},"query-input":{"@type":"PropertyValueSpecification","valueRequired":true,"valueName":"search_term_string"}}],"inLanguage":"de"},{"@type":"Organization","@id":"https:\/\/spka-wordpress-fhf0e0dzb2bveydb.switzerlandnorth-01.azurewebsites.net\/en\/#organization","name":"Swiss Parkour Association","url":"https:\/\/spka-wordpress-fhf0e0dzb2bveydb.switzerlandnorth-01.azurewebsites.net\/en\/","logo":{"@type":"ImageObject","inLanguage":"de","@id":"https:\/\/spka-wordpress-fhf0e0dzb2bveydb.switzerlandnorth-01.azurewebsites.net\/en\/#\/schema\/logo\/image\/","url":"\/wp-content\/uploads\/logo-dark-circle.png","contentUrl":"\/wp-content\/uploads\/logo-dark-circle.png","width":527,"height":527,"caption":"Swiss Parkour Association"},"image":{"@id":"https:\/\/spka-wordpress-fhf0e0dzb2bveydb.switzerlandnorth-01.azurewebsites.net\/en\/#\/schema\/logo\/image\/"},"sameAs":["https:\/\/www.instagram.com\/spka.swiss\/"]}]}},"jetpack_sharing_enabled":true,"jetpack_shortlink":"https:\/\/wp.me\/PgGha7-eD","_links":{"self":[{"href":"https:\/\/www.spka.ch\/de\/wp-json\/wp\/v2\/pages\/907","targetHints":{"allow":["GET"]}}],"collection":[{"href":"https:\/\/www.spka.ch\/de\/wp-json\/wp\/v2\/pages"}],"about":[{"href":"https:\/\/www.spka.ch\/de\/wp-json\/wp\/v2\/types\/page"}],"author":[{"embeddable":true,"href":"https:\/\/www.spka.ch\/de\/wp-json\/wp\/v2\/users\/2"}],"replies":[{"embeddable":true,"href":"https:\/\/www.spka.ch\/de\/wp-json\/wp\/v2\/comments?post=907"}],"version-history":[{"count":3,"href":"https:\/\/www.spka.ch\/de\/wp-json\/wp\/v2\/pages\/907\/revisions"}],"predecessor-version":[{"id":1247,"href":"https:\/\/www.spka.ch\/de\/wp-json\/wp\/v2\/pages\/907\/revisions\/1247"}],"wp:featuredmedia":[{"embeddable":true,"href":"https:\/\/www.spka.ch\/de\/wp-json\/wp\/v2\/media\/594"}],"wp:attachment":[{"href":"https:\/\/www.spka.ch\/de\/wp-json\/wp\/v2\/media?parent=907"}],"curies":[{"name":"wp","href":"https:\/\/api.w.org\/{rel}","templated":true}]}}