{"id":970,"date":"2025-02-24T20:58:35","date_gmt":"2025-02-24T19:58:35","guid":{"rendered":"https:\/\/webstaging.spka.ch\/werte-und-ethik\/parkour-werte\/"},"modified":"2025-09-04T10:21:35","modified_gmt":"2025-09-04T08:21:35","slug":"parkour-values","status":"publish","type":"page","link":"https:\/\/www.spka.ch\/de\/values-ethics\/parkour-values\/","title":{"rendered":"Parkour Werte"},"content":{"rendered":"\n<div class=\"wp-block-cover alignfull has-parallax\"><div class=\"wp-block-cover__image-background wp-image-254 has-parallax\" style=\"background-position:50% 50%;background-image:url(\/wp-content\/uploads\/Gros-52883140549_587c94a56c_o-1024x679.jpeg)\"><\/div><span aria-hidden=\"true\" class=\"wp-block-cover__background has-background-dim\"><\/span><div class=\"wp-block-cover__inner-container is-layout-flow wp-block-cover-is-layout-flow\">\n<p class=\"has-text-align-center has-palette-color-2-color has-text-color has-link-color has-x-large-font-size wp-elements-50090d9e4fbc66ccfad6c66602f73a5d\"><strong>PARKOUR WERTE<\/strong><\/p>\n<\/div><\/div>\n\n<p>Mit der Entwicklung des Parkours ist eine starke Philosophie gewachsen. Die Werte und Haltungen im Parkour bilden die Grundlage, um die Unterschiede zu anderen Sportarten zu erkennen und den Sport vollumf\u00e4nglich zu leben. Parkour bringt viele Werte und Verhaltensweisen mit sich, die du in deinen Trainings vorleben und weitergeben sollst. Die Werte im Parkour lassen sich mit denjenigen der Ethik-Charta vergleichen und erg\u00e4nzen. Insgesamt sind die folgenden 10 Werte zentral f\u00fcr Parkour:      <\/p>\n\n<h5 class=\"wp-block-heading\">1 Sicherheit und Kontrolle in jeder Situation<\/h5>\n\n<p>Im Parkour vermeiden wir Risikosituationen. Wir f\u00fchren die agilen Bewegungen mit gr\u00f6sster Sicherheit und sehr kontrolliert aus (Werte nach David Belle). <\/p>\n\n<h5 class=\"wp-block-heading\">2 Gesundheit und St\u00e4rke<\/h5>\n\n<p>Diese Haltung erg\u00e4nzt den ersten Punkt. Um mental und physisch gesund zu bleiben und st\u00e4rker zu werden, m\u00fcssen Parkouristinnen und Parkouristen bewusst und kontrolliert handeln. Die mentale St\u00e4rke fokussiert vor allem auf die pr\u00e4zise Selbsteinsch\u00e4tzung. Parkouristinnen und Parkouristen m\u00fcssen ihre F\u00e4higkeiten sehr gut kennen, um das Risiko eines Sprungs einsch\u00e4tzen zu k\u00f6nnen. Dies wiederum f\u00fchrt zu Selbstvertrauen und mentaler St\u00e4rke (Werte nach David Belle).    <\/p>\n\n<h5 class=\"wp-block-heading\">3 Gegenseitige Unterst\u00fctzung<\/h5>\n\n<p>Es braucht Mut, seinen K\u00f6rper auf eine neue Art zu erkunden und zu nutzen. Die gegenseitige Unterst\u00fctzung der Parkouristinnen und Parkouristen ist ein wichtiger Faktor, um ans Ziel zu kommen. Best\u00e4rke deine Parkourgruppe darin, sich gegenseitig zu helfen und zu unterst\u00fctzen, agiere vorbildlich, motiviere und ermutige leistungsschw\u00e4chere Teilnehmende. Ein lernf\u00f6rderliches Klima entsteht nur, wenn du Fehler zul\u00e4sst und die n\u00f6tige Unterst\u00fctzung sicherstellst (Werte nach David Belle).   <\/p>\n\n<h5 class=\"wp-block-heading\">4 Konkurrenzfreiheit<\/h5>\n\n<p>Im Parkour gibt es nur eine Gegnerin, einen Gegner: sich selbst. Deine Kinder und Jugendlichen versuchen, heute besser zu sein als gestern \u2013 und helfen anderen, ihre Ziele ebenfalls zu erreichen. Ihre Leidenschaft zur Bewegungskunst verbindet alle, die Parkour aus\u00fcben. Jede einzelne Leistung verdient Respekt.   <\/p>\n\n<h5 class=\"wp-block-heading\">5 Respekt gegen\u00fcber Umwelt und Umfeld<\/h5>\n\n<p>Der Wert Respekt umfasst verschiedene Ebenen: Respekt gegen\u00fcber sich selbst und dem eigenen K\u00f6rper erfordert einen gesunden und nachhaltigen Lebensstil. Respekt gegen\u00fcber der Umwelt bedeutet, sich im Alltag verantwortungsvoll und vorbildlich zu verhalten. Der Respekt gegen\u00fcber den Mitmenschen bedarf einer st\u00e4ndigen Auseinandersetzung mit sich selbst. Wer sich respektiert und seine Verhaltensweisen reflektiert, ist f\u00e4hig, empathisch zu denken und zu handeln.   <\/p>\n\n<h5 class=\"wp-block-heading\">6 Dankbarkeit<\/h5>\n\n<p>Der Mensch will sich weiterentwickeln und weiterkommen. Dabei sollten wir nie vergessen, was wir bereits alles erreicht haben und wer uns auf diesem Weg begleitet hat. Wir sind dankbar f\u00fcr die Unterst\u00fctzung unserer Freundinnen und Freunde, Partnerinnen und Partner sowie Familien. Wir sind dankbar und stolz auf die unglaublichen Dinge, die wir gemeinsam erlebt und geschaffen haben.   <\/p>\n\n<h5 class=\"wp-block-heading\">7 Bescheidenheit<\/h5>\n\n<p>Das Sprichwort \u00abDer Weg ist das Ziel\u00bb versinnbildlicht diesen Wert treffend: Das Leben stellt uns immer wieder vor neue Herausforderungen, die es zu bew\u00e4ltigen gilt und an denen wir wachsen.<\/p>\n\n<h5 class=\"wp-block-heading\">8 Vertrauen<\/h5>\n\n<p>Neue Wege zu gehen und das eigene Leben kreativ zu gestalten, fordert ein hohes Mass an Selbstvertrauen. Das Wechselspiel zwischen Erfolg und Misserfolg f\u00fchrt zu einem gest\u00e4rkten Selbstbewusstsein und f\u00f6rdert die Selbstwirksamkeit. Das Vertrauen zu sich selbst ist die Grundlage, um zwischenmenschliches Vertrauen aufbauen zu k\u00f6nnen.  <\/p>\n\n<h5 class=\"wp-block-heading\">9 Mutig sein<\/h5>\n\n<p>Mutig sein bedeutet, innere St\u00e4rke zu haben und sein Leben in die Hand zu nehmen. Im Parkour m\u00fcssen wir die Verantwortung f\u00fcr unser Handeln \u00fcbernehmen und den Mut besitzen, eine Entscheidung zu treffen. <\/p>\n\n<h5 class=\"wp-block-heading\">10 Freundschaft<\/h5>\n\n<p>Egal wohin du gehst, Parkour ist ein Schl\u00fcssel zur Freundschaft. Freundschaft entsteht durch viele Aspekte. Einer davon ist, gemeinsame Bed\u00fcrfnisse zu haben. Der Sport mit seinen starken Wertehaltungen f\u00f6rdert eine offene und gleichgesinnte Haltung, die uns vereint. R\u00fcckwirkend st\u00e4rkt die Freundschaft die Werte, die wir im Parkour pflegen (Werte nach David Belle).     <\/p>\n\n<p><\/p>\n","protected":false},"excerpt":{"rendered":"<p>Mit der Entwicklung des Parkours ist eine starke Philosophie gewachsen. Die Werte und Haltungen im Parkour bilden die Grundlage, um die Unterschiede zu anderen Sportarten zu erkennen und den Sport vollumf\u00e4nglich zu leben. Parkour bringt viele Werte und Verhaltensweisen mit sich, die du in deinen Trainings vorleben und weitergeben sollst. Die Werte im Parkour lassen [&hellip;]<\/p>\n","protected":false},"author":1,"featured_media":705,"parent":1397,"menu_order":0,"comment_status":"closed","ping_status":"closed","template":"","meta":{"footnotes":""},"class_list":["post-970","page","type-page","status-publish","has-post-thumbnail","hentry"],"blocksy_meta":[],"yoast_head":"<!-- This site is optimized with the Yoast SEO plugin v27.2 - https:\/\/yoast.com\/product\/yoast-seo-wordpress\/ -->\n<title>Parkour Werte - Swiss Parkour Association<\/title>\n<meta name=\"robots\" content=\"index, follow, max-snippet:-1, max-image-preview:large, max-video-preview:-1\" \/>\n<link rel=\"canonical\" href=\"https:\/\/www.spka.ch\/de\/values-ethics\/parkour-values\/\" \/>\n<meta property=\"og:locale\" content=\"de_DE\" \/>\n<meta property=\"og:type\" content=\"article\" \/>\n<meta property=\"og:title\" content=\"Parkour Werte - Swiss Parkour Association\" \/>\n<meta property=\"og:description\" content=\"Mit der Entwicklung des Parkours ist eine starke Philosophie gewachsen. Die Werte und Haltungen im Parkour bilden die Grundlage, um die Unterschiede zu anderen Sportarten zu erkennen und den Sport vollumf\u00e4nglich zu leben. Parkour bringt viele Werte und Verhaltensweisen mit sich, die du in deinen Trainings vorleben und weitergeben sollst. Die Werte im Parkour lassen [&hellip;]\" \/>\n<meta property=\"og:url\" content=\"https:\/\/www.spka.ch\/de\/values-ethics\/parkour-values\/\" \/>\n<meta property=\"og:site_name\" content=\"Swiss Parkour Association\" \/>\n<meta property=\"article:modified_time\" content=\"2025-09-04T08:21:35+00:00\" \/>\n<meta property=\"og:image\" content=\"https:\/\/www.spka.ch\/wp-content\/uploads\/Gros-52883140549_587c94a56c_o.jpeg\" \/>\n\t<meta property=\"og:image:width\" content=\"1280\" \/>\n\t<meta property=\"og:image:height\" content=\"849\" \/>\n\t<meta property=\"og:image:type\" content=\"image\/jpeg\" \/>\n<meta name=\"twitter:card\" content=\"summary_large_image\" \/>\n<meta name=\"twitter:label1\" content=\"Gesch\u00e4tzte Lesezeit\" \/>\n\t<meta name=\"twitter:data1\" content=\"3\u00a0Minuten\" \/>\n<script type=\"application\/ld+json\" class=\"yoast-schema-graph\">{\"@context\":\"https:\/\/schema.org\",\"@graph\":[{\"@type\":\"WebPage\",\"@id\":\"https:\/\/www.spka.ch\/de\/values-ethics\/parkour-values\/\",\"url\":\"https:\/\/www.spka.ch\/de\/values-ethics\/parkour-values\/\",\"name\":\"Parkour Werte - Swiss Parkour Association\",\"isPartOf\":{\"@id\":\"https:\/\/spka-wordpress-fhf0e0dzb2bveydb.switzerlandnorth-01.azurewebsites.net\/en\/#website\"},\"primaryImageOfPage\":{\"@id\":\"https:\/\/www.spka.ch\/de\/values-ethics\/parkour-values\/#primaryimage\"},\"image\":{\"@id\":\"https:\/\/www.spka.ch\/de\/values-ethics\/parkour-values\/#primaryimage\"},\"thumbnailUrl\":\"\/wp-content\/uploads\/Gros-52883140549_587c94a56c_o.jpeg\",\"datePublished\":\"2025-02-24T19:58:35+00:00\",\"dateModified\":\"2025-09-04T08:21:35+00:00\",\"breadcrumb\":{\"@id\":\"https:\/\/www.spka.ch\/de\/values-ethics\/parkour-values\/#breadcrumb\"},\"inLanguage\":\"de\",\"potentialAction\":[{\"@type\":\"ReadAction\",\"target\":[\"https:\/\/www.spka.ch\/de\/values-ethics\/parkour-values\/\"]}]},{\"@type\":\"ImageObject\",\"inLanguage\":\"de\",\"@id\":\"https:\/\/www.spka.ch\/de\/values-ethics\/parkour-values\/#primaryimage\",\"url\":\"\/wp-content\/uploads\/Gros-52883140549_587c94a56c_o.jpeg\",\"contentUrl\":\"\/wp-content\/uploads\/Gros-52883140549_587c94a56c_o.jpeg\",\"width\":1280,\"height\":849},{\"@type\":\"BreadcrumbList\",\"@id\":\"https:\/\/www.spka.ch\/de\/values-ethics\/parkour-values\/#breadcrumb\",\"itemListElement\":[{\"@type\":\"ListItem\",\"position\":1,\"name\":\"Home\",\"item\":\"https:\/\/spka.ch\/de\/\"},{\"@type\":\"ListItem\",\"position\":2,\"name\":\"Werte und Ethik\",\"item\":\"https:\/\/webstaging.spka.ch\/de\/values-ethics\/\"},{\"@type\":\"ListItem\",\"position\":3,\"name\":\"Parkour Werte\"}]},{\"@type\":\"WebSite\",\"@id\":\"https:\/\/spka-wordpress-fhf0e0dzb2bveydb.switzerlandnorth-01.azurewebsites.net\/en\/#website\",\"url\":\"https:\/\/spka-wordpress-fhf0e0dzb2bveydb.switzerlandnorth-01.azurewebsites.net\/en\/\",\"name\":\"Swiss Parkour Association\",\"description\":\"\",\"publisher\":{\"@id\":\"https:\/\/spka-wordpress-fhf0e0dzb2bveydb.switzerlandnorth-01.azurewebsites.net\/en\/#organization\"},\"potentialAction\":[{\"@type\":\"SearchAction\",\"target\":{\"@type\":\"EntryPoint\",\"urlTemplate\":\"https:\/\/spka-wordpress-fhf0e0dzb2bveydb.switzerlandnorth-01.azurewebsites.net\/en\/?s={search_term_string}\"},\"query-input\":{\"@type\":\"PropertyValueSpecification\",\"valueRequired\":true,\"valueName\":\"search_term_string\"}}],\"inLanguage\":\"de\"},{\"@type\":\"Organization\",\"@id\":\"https:\/\/spka-wordpress-fhf0e0dzb2bveydb.switzerlandnorth-01.azurewebsites.net\/en\/#organization\",\"name\":\"Swiss Parkour Association\",\"url\":\"https:\/\/spka-wordpress-fhf0e0dzb2bveydb.switzerlandnorth-01.azurewebsites.net\/en\/\",\"logo\":{\"@type\":\"ImageObject\",\"inLanguage\":\"de\",\"@id\":\"https:\/\/spka-wordpress-fhf0e0dzb2bveydb.switzerlandnorth-01.azurewebsites.net\/en\/#\/schema\/logo\/image\/\",\"url\":\"\/wp-content\/uploads\/logo-dark-circle.png\",\"contentUrl\":\"\/wp-content\/uploads\/logo-dark-circle.png\",\"width\":527,\"height\":527,\"caption\":\"Swiss Parkour Association\"},\"image\":{\"@id\":\"https:\/\/spka-wordpress-fhf0e0dzb2bveydb.switzerlandnorth-01.azurewebsites.net\/en\/#\/schema\/logo\/image\/\"},\"sameAs\":[\"https:\/\/www.instagram.com\/spka.swiss\/\"]}]}<\/script>\n<!-- \/ Yoast SEO plugin. -->","yoast_head_json":{"title":"Parkour Werte - Swiss Parkour Association","robots":{"index":"index","follow":"follow","max-snippet":"max-snippet:-1","max-image-preview":"max-image-preview:large","max-video-preview":"max-video-preview:-1"},"canonical":"https:\/\/www.spka.ch\/de\/values-ethics\/parkour-values\/","og_locale":"de_DE","og_type":"article","og_title":"Parkour Werte - Swiss Parkour Association","og_description":"Mit der Entwicklung des Parkours ist eine starke Philosophie gewachsen. Die Werte und Haltungen im Parkour bilden die Grundlage, um die Unterschiede zu anderen Sportarten zu erkennen und den Sport vollumf\u00e4nglich zu leben. Parkour bringt viele Werte und Verhaltensweisen mit sich, die du in deinen Trainings vorleben und weitergeben sollst. Die Werte im Parkour lassen [&hellip;]","og_url":"https:\/\/www.spka.ch\/de\/values-ethics\/parkour-values\/","og_site_name":"Swiss Parkour Association","article_modified_time":"2025-09-04T08:21:35+00:00","og_image":[{"width":1280,"height":849,"url":"https:\/\/www.spka.ch\/wp-content\/uploads\/Gros-52883140549_587c94a56c_o.jpeg","type":"image\/jpeg"}],"twitter_card":"summary_large_image","twitter_misc":{"Gesch\u00e4tzte Lesezeit":"3\u00a0Minuten"},"schema":{"@context":"https:\/\/schema.org","@graph":[{"@type":"WebPage","@id":"https:\/\/www.spka.ch\/de\/values-ethics\/parkour-values\/","url":"https:\/\/www.spka.ch\/de\/values-ethics\/parkour-values\/","name":"Parkour Werte - Swiss Parkour Association","isPartOf":{"@id":"https:\/\/spka-wordpress-fhf0e0dzb2bveydb.switzerlandnorth-01.azurewebsites.net\/en\/#website"},"primaryImageOfPage":{"@id":"https:\/\/www.spka.ch\/de\/values-ethics\/parkour-values\/#primaryimage"},"image":{"@id":"https:\/\/www.spka.ch\/de\/values-ethics\/parkour-values\/#primaryimage"},"thumbnailUrl":"\/wp-content\/uploads\/Gros-52883140549_587c94a56c_o.jpeg","datePublished":"2025-02-24T19:58:35+00:00","dateModified":"2025-09-04T08:21:35+00:00","breadcrumb":{"@id":"https:\/\/www.spka.ch\/de\/values-ethics\/parkour-values\/#breadcrumb"},"inLanguage":"de","potentialAction":[{"@type":"ReadAction","target":["https:\/\/www.spka.ch\/de\/values-ethics\/parkour-values\/"]}]},{"@type":"ImageObject","inLanguage":"de","@id":"https:\/\/www.spka.ch\/de\/values-ethics\/parkour-values\/#primaryimage","url":"\/wp-content\/uploads\/Gros-52883140549_587c94a56c_o.jpeg","contentUrl":"\/wp-content\/uploads\/Gros-52883140549_587c94a56c_o.jpeg","width":1280,"height":849},{"@type":"BreadcrumbList","@id":"https:\/\/www.spka.ch\/de\/values-ethics\/parkour-values\/#breadcrumb","itemListElement":[{"@type":"ListItem","position":1,"name":"Home","item":"https:\/\/spka.ch\/de\/"},{"@type":"ListItem","position":2,"name":"Werte und Ethik","item":"https:\/\/webstaging.spka.ch\/de\/values-ethics\/"},{"@type":"ListItem","position":3,"name":"Parkour Werte"}]},{"@type":"WebSite","@id":"https:\/\/spka-wordpress-fhf0e0dzb2bveydb.switzerlandnorth-01.azurewebsites.net\/en\/#website","url":"https:\/\/spka-wordpress-fhf0e0dzb2bveydb.switzerlandnorth-01.azurewebsites.net\/en\/","name":"Swiss Parkour Association","description":"","publisher":{"@id":"https:\/\/spka-wordpress-fhf0e0dzb2bveydb.switzerlandnorth-01.azurewebsites.net\/en\/#organization"},"potentialAction":[{"@type":"SearchAction","target":{"@type":"EntryPoint","urlTemplate":"https:\/\/spka-wordpress-fhf0e0dzb2bveydb.switzerlandnorth-01.azurewebsites.net\/en\/?s={search_term_string}"},"query-input":{"@type":"PropertyValueSpecification","valueRequired":true,"valueName":"search_term_string"}}],"inLanguage":"de"},{"@type":"Organization","@id":"https:\/\/spka-wordpress-fhf0e0dzb2bveydb.switzerlandnorth-01.azurewebsites.net\/en\/#organization","name":"Swiss Parkour Association","url":"https:\/\/spka-wordpress-fhf0e0dzb2bveydb.switzerlandnorth-01.azurewebsites.net\/en\/","logo":{"@type":"ImageObject","inLanguage":"de","@id":"https:\/\/spka-wordpress-fhf0e0dzb2bveydb.switzerlandnorth-01.azurewebsites.net\/en\/#\/schema\/logo\/image\/","url":"\/wp-content\/uploads\/logo-dark-circle.png","contentUrl":"\/wp-content\/uploads\/logo-dark-circle.png","width":527,"height":527,"caption":"Swiss Parkour Association"},"image":{"@id":"https:\/\/spka-wordpress-fhf0e0dzb2bveydb.switzerlandnorth-01.azurewebsites.net\/en\/#\/schema\/logo\/image\/"},"sameAs":["https:\/\/www.instagram.com\/spka.swiss\/"]}]}},"jetpack_sharing_enabled":true,"jetpack_shortlink":"https:\/\/wp.me\/PgGha7-fE","_links":{"self":[{"href":"https:\/\/www.spka.ch\/de\/wp-json\/wp\/v2\/pages\/970","targetHints":{"allow":["GET"]}}],"collection":[{"href":"https:\/\/www.spka.ch\/de\/wp-json\/wp\/v2\/pages"}],"about":[{"href":"https:\/\/www.spka.ch\/de\/wp-json\/wp\/v2\/types\/page"}],"author":[{"embeddable":true,"href":"https:\/\/www.spka.ch\/de\/wp-json\/wp\/v2\/users\/1"}],"replies":[{"embeddable":true,"href":"https:\/\/www.spka.ch\/de\/wp-json\/wp\/v2\/comments?post=970"}],"version-history":[{"count":5,"href":"https:\/\/www.spka.ch\/de\/wp-json\/wp\/v2\/pages\/970\/revisions"}],"predecessor-version":[{"id":1369,"href":"https:\/\/www.spka.ch\/de\/wp-json\/wp\/v2\/pages\/970\/revisions\/1369"}],"up":[{"embeddable":true,"href":"https:\/\/www.spka.ch\/de\/wp-json\/wp\/v2\/pages\/1397"}],"wp:featuredmedia":[{"embeddable":true,"href":"https:\/\/www.spka.ch\/de\/wp-json\/wp\/v2\/media\/705"}],"wp:attachment":[{"href":"https:\/\/www.spka.ch\/de\/wp-json\/wp\/v2\/media?parent=970"}],"curies":[{"name":"wp","href":"https:\/\/api.w.org\/{rel}","templated":true}]}}