{"id":981,"date":"2025-02-24T17:51:32","date_gmt":"2025-02-24T16:51:32","guid":{"rendered":"https:\/\/webstaging.spka.ch\/beitreten\/"},"modified":"2025-09-03T11:19:10","modified_gmt":"2025-09-03T09:19:10","slug":"join","status":"publish","type":"page","link":"https:\/\/www.spka.ch\/de\/join\/","title":{"rendered":"Beitreten"},"content":{"rendered":"\n<h1 class=\"wp-block-heading\">Formular f\u00fcr die Mitgliedschaft<\/h1>\n\n<p>F\u00fcr eine individuelle Mitgliedschaft f\u00fcllen Sie bitte <a href=\"https:\/\/forms.office.com\/e\/uWVy66jM5H\" target=\"_blank\" rel=\"noreferrer noopener\">dieses Formular<\/a> aus.<\/p>\n\n<p>F\u00fcr Organisationen f\u00fcllen Sie bitte <a href=\"https:\/\/forms.office.com\/e\/deu6kPjEM1\" target=\"_blank\" rel=\"noreferrer noopener\">dieses Formular<\/a> aus.<\/p>\n\n<p>Die Antr\u00e4ge auf Mitgliedschaft werden vom SPKA-Vorstand gepr\u00fcft. Wir werden uns so schnell wie m\u00f6glich bei Ihnen melden. <\/p>\n\n<p>Weitere Informationen zur Mitgliedschaft finden Sie auf den Seiten <a href=\"https:\/\/spka-acdgchf8bvf2h0d9.francecentral-01.azurewebsites.net\/join-spka-organisation\/\">f\u00fcr Organisationen<\/a> und <a href=\"https:\/\/spka-acdgchf8bvf2h0d9.francecentral-01.azurewebsites.net\/join-spka-individual\/\">f\u00fcr Einzelpersonen<\/a>.<\/p>\n\n<p><\/p>\n\n<h4 class=\"wp-block-heading\">So f\u00fcllen Sie die Formulare auf einem anderen Ger\u00e4t aus  <br\/><\/h4>\n\n<figure class=\"wp-block-gallery has-nested-images columns-default is-cropped wp-block-gallery-1 is-layout-flex wp-block-gallery-is-layout-flex\">\n<figure class=\"wp-block-image size-large\"><img loading=\"lazy\" decoding=\"async\" width=\"400\" height=\"400\" data-id=\"177\" src=\"\/wp-content\/uploads\/QRCode-for-Membership-Application-Organisations.png\" alt=\"\" class=\"wp-image-177\" srcset=\"\/wp-content\/uploads\/QRCode-for-Membership-Application-Organisations.png 400w, \/wp-content\/uploads\/QRCode-for-Membership-Application-Organisations-300x300.png 300w, \/wp-content\/uploads\/QRCode-for-Membership-Application-Organisations-150x150.png 150w\" sizes=\"auto, (max-width: 400px) 100vw, 400px\" \/><\/figure>\n\n\n\n<figure class=\"wp-block-image size-large\"><img loading=\"lazy\" decoding=\"async\" width=\"400\" height=\"400\" data-id=\"178\" src=\"\/wp-content\/uploads\/QRCode-for-Membership-Application-Individual.png\" alt=\"\" class=\"wp-image-178\" srcset=\"\/wp-content\/uploads\/QRCode-for-Membership-Application-Individual.png 400w, \/wp-content\/uploads\/QRCode-for-Membership-Application-Individual-300x300.png 300w, \/wp-content\/uploads\/QRCode-for-Membership-Application-Individual-150x150.png 150w\" sizes=\"auto, (max-width: 400px) 100vw, 400px\" \/><\/figure>\n<\/figure>\n\n<figure class=\"wp-block-image alignwide size-full\"><img loading=\"lazy\" decoding=\"async\" width=\"1280\" height=\"910\" src=\"\/wp-content\/uploads\/Gros-2022_08_13-Parkour-SPKA-Jam-Aarau-20220813_DSC_0166_exp.jpeg\" alt=\"\" class=\"wp-image-260\" srcset=\"\/wp-content\/uploads\/Gros-2022_08_13-Parkour-SPKA-Jam-Aarau-20220813_DSC_0166_exp.jpeg 1280w, \/wp-content\/uploads\/Gros-2022_08_13-Parkour-SPKA-Jam-Aarau-20220813_DSC_0166_exp-300x213.jpeg 300w, \/wp-content\/uploads\/Gros-2022_08_13-Parkour-SPKA-Jam-Aarau-20220813_DSC_0166_exp-1024x728.jpeg 1024w, \/wp-content\/uploads\/Gros-2022_08_13-Parkour-SPKA-Jam-Aarau-20220813_DSC_0166_exp-768x546.jpeg 768w\" sizes=\"auto, (max-width: 1280px) 100vw, 1280px\" \/><\/figure>\n","protected":false},"excerpt":{"rendered":"<p>Formular f\u00fcr die Mitgliedschaft F\u00fcr eine individuelle Mitgliedschaft f\u00fcllen Sie bitte dieses Formular aus. F\u00fcr Organisationen f\u00fcllen Sie bitte dieses Formular aus. Die Antr\u00e4ge auf Mitgliedschaft werden vom SPKA-Vorstand gepr\u00fcft. Wir werden uns so schnell wie m\u00f6glich bei Ihnen melden. Weitere Informationen zur Mitgliedschaft finden Sie auf den Seiten f\u00fcr Organisationen und f\u00fcr Einzelpersonen. So [&hellip;]<\/p>\n","protected":false},"author":2,"featured_media":723,"parent":0,"menu_order":0,"comment_status":"closed","ping_status":"closed","template":"","meta":{"footnotes":""},"class_list":["post-981","page","type-page","status-publish","has-post-thumbnail","hentry"],"blocksy_meta":[],"yoast_head":"<!-- This site is optimized with the Yoast SEO plugin v27.2 - https:\/\/yoast.com\/product\/yoast-seo-wordpress\/ -->\n<title>Beitreten - Swiss Parkour Association<\/title>\n<meta name=\"robots\" content=\"index, follow, max-snippet:-1, max-image-preview:large, max-video-preview:-1\" \/>\n<link rel=\"canonical\" href=\"https:\/\/www.spka.ch\/de\/join\/\" \/>\n<meta property=\"og:locale\" content=\"de_DE\" \/>\n<meta property=\"og:type\" content=\"article\" \/>\n<meta property=\"og:title\" content=\"Beitreten - Swiss Parkour Association\" \/>\n<meta property=\"og:description\" content=\"Formular f\u00fcr die Mitgliedschaft F\u00fcr eine individuelle Mitgliedschaft f\u00fcllen Sie bitte dieses Formular aus. F\u00fcr Organisationen f\u00fcllen Sie bitte dieses Formular aus. Die Antr\u00e4ge auf Mitgliedschaft werden vom SPKA-Vorstand gepr\u00fcft. Wir werden uns so schnell wie m\u00f6glich bei Ihnen melden. Weitere Informationen zur Mitgliedschaft finden Sie auf den Seiten f\u00fcr Organisationen und f\u00fcr Einzelpersonen. So [&hellip;]\" \/>\n<meta property=\"og:url\" content=\"https:\/\/www.spka.ch\/de\/join\/\" \/>\n<meta property=\"og:site_name\" content=\"Swiss Parkour Association\" \/>\n<meta property=\"article:modified_time\" content=\"2025-09-03T09:19:10+00:00\" \/>\n<meta property=\"og:image\" content=\"https:\/\/www.spka.ch\/wp-content\/uploads\/Gros-2022_08_13-Parkour-SPKA-Jam-Aarau-20220813_DSC_0166_exp-1.jpeg\" \/>\n\t<meta property=\"og:image:width\" content=\"1280\" \/>\n\t<meta property=\"og:image:height\" content=\"910\" \/>\n\t<meta property=\"og:image:type\" content=\"image\/jpeg\" \/>\n<meta name=\"twitter:card\" content=\"summary_large_image\" \/>\n<script type=\"application\/ld+json\" class=\"yoast-schema-graph\">{\"@context\":\"https:\/\/schema.org\",\"@graph\":[{\"@type\":\"WebPage\",\"@id\":\"https:\/\/www.spka.ch\/de\/join\/\",\"url\":\"https:\/\/www.spka.ch\/de\/join\/\",\"name\":\"Beitreten - Swiss Parkour Association\",\"isPartOf\":{\"@id\":\"https:\/\/spka-wordpress-fhf0e0dzb2bveydb.switzerlandnorth-01.azurewebsites.net\/en\/#website\"},\"primaryImageOfPage\":{\"@id\":\"https:\/\/www.spka.ch\/de\/join\/#primaryimage\"},\"image\":{\"@id\":\"https:\/\/www.spka.ch\/de\/join\/#primaryimage\"},\"thumbnailUrl\":\"\/wp-content\/uploads\/Gros-2022_08_13-Parkour-SPKA-Jam-Aarau-20220813_DSC_0166_exp-1.jpeg\",\"datePublished\":\"2025-02-24T16:51:32+00:00\",\"dateModified\":\"2025-09-03T09:19:10+00:00\",\"breadcrumb\":{\"@id\":\"https:\/\/www.spka.ch\/de\/join\/#breadcrumb\"},\"inLanguage\":\"de\",\"potentialAction\":[{\"@type\":\"ReadAction\",\"target\":[\"https:\/\/www.spka.ch\/de\/join\/\"]}]},{\"@type\":\"ImageObject\",\"inLanguage\":\"de\",\"@id\":\"https:\/\/www.spka.ch\/de\/join\/#primaryimage\",\"url\":\"\/wp-content\/uploads\/Gros-2022_08_13-Parkour-SPKA-Jam-Aarau-20220813_DSC_0166_exp-1.jpeg\",\"contentUrl\":\"\/wp-content\/uploads\/Gros-2022_08_13-Parkour-SPKA-Jam-Aarau-20220813_DSC_0166_exp-1.jpeg\",\"width\":1280,\"height\":910},{\"@type\":\"BreadcrumbList\",\"@id\":\"https:\/\/www.spka.ch\/de\/join\/#breadcrumb\",\"itemListElement\":[{\"@type\":\"ListItem\",\"position\":1,\"name\":\"Home\",\"item\":\"https:\/\/spka.ch\/de\/\"},{\"@type\":\"ListItem\",\"position\":2,\"name\":\"Beitreten\"}]},{\"@type\":\"WebSite\",\"@id\":\"https:\/\/spka-wordpress-fhf0e0dzb2bveydb.switzerlandnorth-01.azurewebsites.net\/en\/#website\",\"url\":\"https:\/\/spka-wordpress-fhf0e0dzb2bveydb.switzerlandnorth-01.azurewebsites.net\/en\/\",\"name\":\"Swiss Parkour Association\",\"description\":\"\",\"publisher\":{\"@id\":\"https:\/\/spka-wordpress-fhf0e0dzb2bveydb.switzerlandnorth-01.azurewebsites.net\/en\/#organization\"},\"potentialAction\":[{\"@type\":\"SearchAction\",\"target\":{\"@type\":\"EntryPoint\",\"urlTemplate\":\"https:\/\/spka-wordpress-fhf0e0dzb2bveydb.switzerlandnorth-01.azurewebsites.net\/en\/?s={search_term_string}\"},\"query-input\":{\"@type\":\"PropertyValueSpecification\",\"valueRequired\":true,\"valueName\":\"search_term_string\"}}],\"inLanguage\":\"de\"},{\"@type\":\"Organization\",\"@id\":\"https:\/\/spka-wordpress-fhf0e0dzb2bveydb.switzerlandnorth-01.azurewebsites.net\/en\/#organization\",\"name\":\"Swiss Parkour Association\",\"url\":\"https:\/\/spka-wordpress-fhf0e0dzb2bveydb.switzerlandnorth-01.azurewebsites.net\/en\/\",\"logo\":{\"@type\":\"ImageObject\",\"inLanguage\":\"de\",\"@id\":\"https:\/\/spka-wordpress-fhf0e0dzb2bveydb.switzerlandnorth-01.azurewebsites.net\/en\/#\/schema\/logo\/image\/\",\"url\":\"\/wp-content\/uploads\/logo-dark-circle.png\",\"contentUrl\":\"\/wp-content\/uploads\/logo-dark-circle.png\",\"width\":527,\"height\":527,\"caption\":\"Swiss Parkour Association\"},\"image\":{\"@id\":\"https:\/\/spka-wordpress-fhf0e0dzb2bveydb.switzerlandnorth-01.azurewebsites.net\/en\/#\/schema\/logo\/image\/\"},\"sameAs\":[\"https:\/\/www.instagram.com\/spka.swiss\/\"]}]}<\/script>\n<!-- \/ Yoast SEO plugin. -->","yoast_head_json":{"title":"Beitreten - Swiss Parkour Association","robots":{"index":"index","follow":"follow","max-snippet":"max-snippet:-1","max-image-preview":"max-image-preview:large","max-video-preview":"max-video-preview:-1"},"canonical":"https:\/\/www.spka.ch\/de\/join\/","og_locale":"de_DE","og_type":"article","og_title":"Beitreten - Swiss Parkour Association","og_description":"Formular f\u00fcr die Mitgliedschaft F\u00fcr eine individuelle Mitgliedschaft f\u00fcllen Sie bitte dieses Formular aus. F\u00fcr Organisationen f\u00fcllen Sie bitte dieses Formular aus. Die Antr\u00e4ge auf Mitgliedschaft werden vom SPKA-Vorstand gepr\u00fcft. Wir werden uns so schnell wie m\u00f6glich bei Ihnen melden. Weitere Informationen zur Mitgliedschaft finden Sie auf den Seiten f\u00fcr Organisationen und f\u00fcr Einzelpersonen. So [&hellip;]","og_url":"https:\/\/www.spka.ch\/de\/join\/","og_site_name":"Swiss Parkour Association","article_modified_time":"2025-09-03T09:19:10+00:00","og_image":[{"width":1280,"height":910,"url":"https:\/\/www.spka.ch\/wp-content\/uploads\/Gros-2022_08_13-Parkour-SPKA-Jam-Aarau-20220813_DSC_0166_exp-1.jpeg","type":"image\/jpeg"}],"twitter_card":"summary_large_image","schema":{"@context":"https:\/\/schema.org","@graph":[{"@type":"WebPage","@id":"https:\/\/www.spka.ch\/de\/join\/","url":"https:\/\/www.spka.ch\/de\/join\/","name":"Beitreten - Swiss Parkour Association","isPartOf":{"@id":"https:\/\/spka-wordpress-fhf0e0dzb2bveydb.switzerlandnorth-01.azurewebsites.net\/en\/#website"},"primaryImageOfPage":{"@id":"https:\/\/www.spka.ch\/de\/join\/#primaryimage"},"image":{"@id":"https:\/\/www.spka.ch\/de\/join\/#primaryimage"},"thumbnailUrl":"\/wp-content\/uploads\/Gros-2022_08_13-Parkour-SPKA-Jam-Aarau-20220813_DSC_0166_exp-1.jpeg","datePublished":"2025-02-24T16:51:32+00:00","dateModified":"2025-09-03T09:19:10+00:00","breadcrumb":{"@id":"https:\/\/www.spka.ch\/de\/join\/#breadcrumb"},"inLanguage":"de","potentialAction":[{"@type":"ReadAction","target":["https:\/\/www.spka.ch\/de\/join\/"]}]},{"@type":"ImageObject","inLanguage":"de","@id":"https:\/\/www.spka.ch\/de\/join\/#primaryimage","url":"\/wp-content\/uploads\/Gros-2022_08_13-Parkour-SPKA-Jam-Aarau-20220813_DSC_0166_exp-1.jpeg","contentUrl":"\/wp-content\/uploads\/Gros-2022_08_13-Parkour-SPKA-Jam-Aarau-20220813_DSC_0166_exp-1.jpeg","width":1280,"height":910},{"@type":"BreadcrumbList","@id":"https:\/\/www.spka.ch\/de\/join\/#breadcrumb","itemListElement":[{"@type":"ListItem","position":1,"name":"Home","item":"https:\/\/spka.ch\/de\/"},{"@type":"ListItem","position":2,"name":"Beitreten"}]},{"@type":"WebSite","@id":"https:\/\/spka-wordpress-fhf0e0dzb2bveydb.switzerlandnorth-01.azurewebsites.net\/en\/#website","url":"https:\/\/spka-wordpress-fhf0e0dzb2bveydb.switzerlandnorth-01.azurewebsites.net\/en\/","name":"Swiss Parkour Association","description":"","publisher":{"@id":"https:\/\/spka-wordpress-fhf0e0dzb2bveydb.switzerlandnorth-01.azurewebsites.net\/en\/#organization"},"potentialAction":[{"@type":"SearchAction","target":{"@type":"EntryPoint","urlTemplate":"https:\/\/spka-wordpress-fhf0e0dzb2bveydb.switzerlandnorth-01.azurewebsites.net\/en\/?s={search_term_string}"},"query-input":{"@type":"PropertyValueSpecification","valueRequired":true,"valueName":"search_term_string"}}],"inLanguage":"de"},{"@type":"Organization","@id":"https:\/\/spka-wordpress-fhf0e0dzb2bveydb.switzerlandnorth-01.azurewebsites.net\/en\/#organization","name":"Swiss Parkour Association","url":"https:\/\/spka-wordpress-fhf0e0dzb2bveydb.switzerlandnorth-01.azurewebsites.net\/en\/","logo":{"@type":"ImageObject","inLanguage":"de","@id":"https:\/\/spka-wordpress-fhf0e0dzb2bveydb.switzerlandnorth-01.azurewebsites.net\/en\/#\/schema\/logo\/image\/","url":"\/wp-content\/uploads\/logo-dark-circle.png","contentUrl":"\/wp-content\/uploads\/logo-dark-circle.png","width":527,"height":527,"caption":"Swiss Parkour Association"},"image":{"@id":"https:\/\/spka-wordpress-fhf0e0dzb2bveydb.switzerlandnorth-01.azurewebsites.net\/en\/#\/schema\/logo\/image\/"},"sameAs":["https:\/\/www.instagram.com\/spka.swiss\/"]}]}},"jetpack_sharing_enabled":true,"jetpack_shortlink":"https:\/\/wp.me\/PgGha7-fP","_links":{"self":[{"href":"https:\/\/www.spka.ch\/de\/wp-json\/wp\/v2\/pages\/981","targetHints":{"allow":["GET"]}}],"collection":[{"href":"https:\/\/www.spka.ch\/de\/wp-json\/wp\/v2\/pages"}],"about":[{"href":"https:\/\/www.spka.ch\/de\/wp-json\/wp\/v2\/types\/page"}],"author":[{"embeddable":true,"href":"https:\/\/www.spka.ch\/de\/wp-json\/wp\/v2\/users\/2"}],"replies":[{"embeddable":true,"href":"https:\/\/www.spka.ch\/de\/wp-json\/wp\/v2\/comments?post=981"}],"version-history":[{"count":3,"href":"https:\/\/www.spka.ch\/de\/wp-json\/wp\/v2\/pages\/981\/revisions"}],"predecessor-version":[{"id":1244,"href":"https:\/\/www.spka.ch\/de\/wp-json\/wp\/v2\/pages\/981\/revisions\/1244"}],"wp:featuredmedia":[{"embeddable":true,"href":"https:\/\/www.spka.ch\/de\/wp-json\/wp\/v2\/media\/723"}],"wp:attachment":[{"href":"https:\/\/www.spka.ch\/de\/wp-json\/wp\/v2\/media?parent=981"}],"curies":[{"name":"wp","href":"https:\/\/api.w.org\/{rel}","templated":true}]}}