{"id":991,"date":"2025-02-24T17:51:22","date_gmt":"2025-02-24T16:51:22","guid":{"rendered":"https:\/\/webstaging.spka.ch\/jugendsport\/fuer-parkour-vereine\/"},"modified":"2025-09-03T13:54:52","modified_gmt":"2025-09-03T11:54:52","slug":"js-for-parkour-clubs","status":"publish","type":"page","link":"https:\/\/www.spka.ch\/de\/js\/js-for-parkour-clubs\/","title":{"rendered":"F\u00fcr Parkour Vereine"},"content":{"rendered":"\n<h2 class=\"wp-block-heading\">F\u00fcr Parkour Vereine<\/h2>\n\n<h3 class=\"wp-block-heading\">Warum Youth+Sport?<\/h3>\n\n<p>Youth+Sport unterst\u00fctzt Sportvereine in der Schweiz mit Subventionen, wobei jeder Parkour-Verein mit ausgebildeten J+S-Instruktoren profitieren kann. Sobald ein Verein J+S-Instruktoren in aktiven Kursen einsetzt, er\u00f6ffnet der J+S-Coach (jeder Verein hat seinen eigenen Coach) einen Kurs in der nationalen Datenbank f\u00fcr Sport. Am Ende des Kurses (Mindestkursdauer: 14 Wochen) erh\u00e4lt der Verein eine erste Teilzahlung von 80% der Subventionen. Die restliche Zahlung von maximal 20% wird dann zu Beginn des folgenden Jahres geleistet. Diese Subventionen werden gezahlt, weil Parkour im Rahmen von J+S angeboten wird. Alle Informationen finden Sie in dem folgenden Leitfaden:       <\/p>\n\n<blockquote class=\"wp-block-quote is-layout-flow wp-block-quote-is-layout-flow\">\n<p><em><a href=\"https:\/\/www.jugendundsport.ch\/de\/leitfaden-coach\" target=\"_blank\" rel=\"noreferrer noopener\">Youth+Sport Coach Richtlinien  <\/a><\/em><\/p>\n<\/blockquote>\n\n<p>Um J+S-Kurse als Organisation abrechnen zu k\u00f6nnen, braucht jeder Verein einen eigenen J+S-Coach, der die Verwaltung der vereinsinternen Kurse \u00fcbernimmt. Eine J+S-Coach-Ausbildung dauert nur wenige Stunden und kann an vielen Orten in der Schweiz durchgef\u00fchrt werden. Finden Sie in Ihrem Verein eine Person, die diese Aufgabe \u00fcbernehmen m\u00f6chte, und w\u00e4hlen Sie einen geeigneten J+S-Coach-Kurs. Link zum Coach-Kursangebot:   <\/p>\n\n<blockquote class=\"wp-block-quote is-layout-flow wp-block-quote-is-layout-flow\">\n<p><em><a href=\"https:\/\/www.nds.baspo.admin.ch\/publicArea\/cadreEducationStructure\/cadre\/education-structure\/jsCoach\/structure\" target=\"_blank\" rel=\"noreferrer noopener\">Coach Kursplan<\/a><\/em><\/p>\n<\/blockquote>\n\n<p>Sobald Sie einen J+S-Coach in Ihrem Verein haben, k\u00f6nnen Sie Ihre potentiellen J+S-Instruktoren f\u00fcr die Parkour-Instruktorenkurse anmelden. Nach dem Instruktorenkurs kann der Coach die Kurse der J+S-Instruktoren anmelden und die Subventionen beantragen. <\/p>\n\n<p>F\u00fcr weitere Informationen oder Fragen k\u00f6nnen Sie uns jederzeit kontaktieren. Kontaktieren Sie uns per E-Mail unter: <em><a href=\"mailto:info@spka.ch\">info@spka.ch<\/a><\/em>. <\/p>\n\n<figure class=\"wp-block-image alignfull size-full\"><img loading=\"lazy\" decoding=\"async\" width=\"2560\" height=\"980\" src=\"\/wp-content\/uploads\/JS_Lager-138-scaled.jpg\" alt=\"\" class=\"wp-image-164\" srcset=\"\/wp-content\/uploads\/JS_Lager-138-scaled.jpg 2560w, \/wp-content\/uploads\/JS_Lager-138-300x115.jpg 300w, \/wp-content\/uploads\/JS_Lager-138-1024x392.jpg 1024w, \/wp-content\/uploads\/JS_Lager-138-768x294.jpg 768w, \/wp-content\/uploads\/JS_Lager-138-1536x588.jpg 1536w, \/wp-content\/uploads\/JS_Lager-138-2048x784.jpg 2048w\" sizes=\"auto, (max-width: 2560px) 100vw, 2560px\" \/><\/figure>\n","protected":false},"excerpt":{"rendered":"<p>F\u00fcr Parkour Vereine Warum Youth+Sport? Youth+Sport unterst\u00fctzt Sportvereine in der Schweiz mit Subventionen, wobei jeder Parkour-Verein mit ausgebildeten J+S-Instruktoren profitieren kann. Sobald ein Verein J+S-Instruktoren in aktiven Kursen einsetzt, er\u00f6ffnet der J+S-Coach (jeder Verein hat seinen eigenen Coach) einen Kurs in der nationalen Datenbank f\u00fcr Sport. Am Ende des Kurses (Mindestkursdauer: 14 Wochen) erh\u00e4lt der [&hellip;]<\/p>\n","protected":false},"author":2,"featured_media":0,"parent":927,"menu_order":0,"comment_status":"closed","ping_status":"closed","template":"","meta":{"footnotes":""},"class_list":["post-991","page","type-page","status-publish","hentry"],"blocksy_meta":[],"yoast_head":"<!-- This site is optimized with the Yoast SEO plugin v27.2 - https:\/\/yoast.com\/product\/yoast-seo-wordpress\/ -->\n<title>F\u00fcr Parkour Vereine - Swiss Parkour Association<\/title>\n<meta name=\"robots\" content=\"index, follow, max-snippet:-1, max-image-preview:large, max-video-preview:-1\" \/>\n<link rel=\"canonical\" href=\"https:\/\/www.spka.ch\/de\/js\/js-for-parkour-clubs\/\" \/>\n<meta property=\"og:locale\" content=\"de_DE\" \/>\n<meta property=\"og:type\" content=\"article\" \/>\n<meta property=\"og:title\" content=\"F\u00fcr Parkour Vereine - Swiss Parkour Association\" \/>\n<meta property=\"og:description\" content=\"F\u00fcr Parkour Vereine Warum Youth+Sport? Youth+Sport unterst\u00fctzt Sportvereine in der Schweiz mit Subventionen, wobei jeder Parkour-Verein mit ausgebildeten J+S-Instruktoren profitieren kann. Sobald ein Verein J+S-Instruktoren in aktiven Kursen einsetzt, er\u00f6ffnet der J+S-Coach (jeder Verein hat seinen eigenen Coach) einen Kurs in der nationalen Datenbank f\u00fcr Sport. Am Ende des Kurses (Mindestkursdauer: 14 Wochen) erh\u00e4lt der [&hellip;]\" \/>\n<meta property=\"og:url\" content=\"https:\/\/www.spka.ch\/de\/js\/js-for-parkour-clubs\/\" \/>\n<meta property=\"og:site_name\" content=\"Swiss Parkour Association\" \/>\n<meta property=\"article:modified_time\" content=\"2025-09-03T11:54:52+00:00\" \/>\n<meta name=\"twitter:card\" content=\"summary_large_image\" \/>\n<meta name=\"twitter:label1\" content=\"Gesch\u00e4tzte Lesezeit\" \/>\n\t<meta name=\"twitter:data1\" content=\"1\u00a0Minute\" \/>\n<script type=\"application\/ld+json\" class=\"yoast-schema-graph\">{\"@context\":\"https:\/\/schema.org\",\"@graph\":[{\"@type\":\"WebPage\",\"@id\":\"https:\/\/www.spka.ch\/de\/js\/js-for-parkour-clubs\/\",\"url\":\"https:\/\/www.spka.ch\/de\/js\/js-for-parkour-clubs\/\",\"name\":\"F\u00fcr Parkour Vereine - Swiss Parkour Association\",\"isPartOf\":{\"@id\":\"https:\/\/spka-wordpress-fhf0e0dzb2bveydb.switzerlandnorth-01.azurewebsites.net\/en\/#website\"},\"datePublished\":\"2025-02-24T16:51:22+00:00\",\"dateModified\":\"2025-09-03T11:54:52+00:00\",\"breadcrumb\":{\"@id\":\"https:\/\/www.spka.ch\/de\/js\/js-for-parkour-clubs\/#breadcrumb\"},\"inLanguage\":\"de\",\"potentialAction\":[{\"@type\":\"ReadAction\",\"target\":[\"https:\/\/www.spka.ch\/de\/js\/js-for-parkour-clubs\/\"]}]},{\"@type\":\"BreadcrumbList\",\"@id\":\"https:\/\/www.spka.ch\/de\/js\/js-for-parkour-clubs\/#breadcrumb\",\"itemListElement\":[{\"@type\":\"ListItem\",\"position\":1,\"name\":\"Home\",\"item\":\"https:\/\/spka.ch\/de\/\"},{\"@type\":\"ListItem\",\"position\":2,\"name\":\"Youth+Sport Allgemeine Informationen\",\"item\":\"https:\/\/webstaging.spka.ch\/de\/js\/\"},{\"@type\":\"ListItem\",\"position\":3,\"name\":\"F\u00fcr Parkour Vereine\"}]},{\"@type\":\"WebSite\",\"@id\":\"https:\/\/spka-wordpress-fhf0e0dzb2bveydb.switzerlandnorth-01.azurewebsites.net\/en\/#website\",\"url\":\"https:\/\/spka-wordpress-fhf0e0dzb2bveydb.switzerlandnorth-01.azurewebsites.net\/en\/\",\"name\":\"Swiss Parkour Association\",\"description\":\"\",\"publisher\":{\"@id\":\"https:\/\/spka-wordpress-fhf0e0dzb2bveydb.switzerlandnorth-01.azurewebsites.net\/en\/#organization\"},\"potentialAction\":[{\"@type\":\"SearchAction\",\"target\":{\"@type\":\"EntryPoint\",\"urlTemplate\":\"https:\/\/spka-wordpress-fhf0e0dzb2bveydb.switzerlandnorth-01.azurewebsites.net\/en\/?s={search_term_string}\"},\"query-input\":{\"@type\":\"PropertyValueSpecification\",\"valueRequired\":true,\"valueName\":\"search_term_string\"}}],\"inLanguage\":\"de\"},{\"@type\":\"Organization\",\"@id\":\"https:\/\/spka-wordpress-fhf0e0dzb2bveydb.switzerlandnorth-01.azurewebsites.net\/en\/#organization\",\"name\":\"Swiss Parkour Association\",\"url\":\"https:\/\/spka-wordpress-fhf0e0dzb2bveydb.switzerlandnorth-01.azurewebsites.net\/en\/\",\"logo\":{\"@type\":\"ImageObject\",\"inLanguage\":\"de\",\"@id\":\"https:\/\/spka-wordpress-fhf0e0dzb2bveydb.switzerlandnorth-01.azurewebsites.net\/en\/#\/schema\/logo\/image\/\",\"url\":\"\/wp-content\/uploads\/logo-dark-circle.png\",\"contentUrl\":\"\/wp-content\/uploads\/logo-dark-circle.png\",\"width\":527,\"height\":527,\"caption\":\"Swiss Parkour Association\"},\"image\":{\"@id\":\"https:\/\/spka-wordpress-fhf0e0dzb2bveydb.switzerlandnorth-01.azurewebsites.net\/en\/#\/schema\/logo\/image\/\"},\"sameAs\":[\"https:\/\/www.instagram.com\/spka.swiss\/\"]}]}<\/script>\n<!-- \/ Yoast SEO plugin. -->","yoast_head_json":{"title":"F\u00fcr Parkour Vereine - Swiss Parkour Association","robots":{"index":"index","follow":"follow","max-snippet":"max-snippet:-1","max-image-preview":"max-image-preview:large","max-video-preview":"max-video-preview:-1"},"canonical":"https:\/\/www.spka.ch\/de\/js\/js-for-parkour-clubs\/","og_locale":"de_DE","og_type":"article","og_title":"F\u00fcr Parkour Vereine - Swiss Parkour Association","og_description":"F\u00fcr Parkour Vereine Warum Youth+Sport? Youth+Sport unterst\u00fctzt Sportvereine in der Schweiz mit Subventionen, wobei jeder Parkour-Verein mit ausgebildeten J+S-Instruktoren profitieren kann. Sobald ein Verein J+S-Instruktoren in aktiven Kursen einsetzt, er\u00f6ffnet der J+S-Coach (jeder Verein hat seinen eigenen Coach) einen Kurs in der nationalen Datenbank f\u00fcr Sport. Am Ende des Kurses (Mindestkursdauer: 14 Wochen) erh\u00e4lt der [&hellip;]","og_url":"https:\/\/www.spka.ch\/de\/js\/js-for-parkour-clubs\/","og_site_name":"Swiss Parkour Association","article_modified_time":"2025-09-03T11:54:52+00:00","twitter_card":"summary_large_image","twitter_misc":{"Gesch\u00e4tzte Lesezeit":"1\u00a0Minute"},"schema":{"@context":"https:\/\/schema.org","@graph":[{"@type":"WebPage","@id":"https:\/\/www.spka.ch\/de\/js\/js-for-parkour-clubs\/","url":"https:\/\/www.spka.ch\/de\/js\/js-for-parkour-clubs\/","name":"F\u00fcr Parkour Vereine - Swiss Parkour Association","isPartOf":{"@id":"https:\/\/spka-wordpress-fhf0e0dzb2bveydb.switzerlandnorth-01.azurewebsites.net\/en\/#website"},"datePublished":"2025-02-24T16:51:22+00:00","dateModified":"2025-09-03T11:54:52+00:00","breadcrumb":{"@id":"https:\/\/www.spka.ch\/de\/js\/js-for-parkour-clubs\/#breadcrumb"},"inLanguage":"de","potentialAction":[{"@type":"ReadAction","target":["https:\/\/www.spka.ch\/de\/js\/js-for-parkour-clubs\/"]}]},{"@type":"BreadcrumbList","@id":"https:\/\/www.spka.ch\/de\/js\/js-for-parkour-clubs\/#breadcrumb","itemListElement":[{"@type":"ListItem","position":1,"name":"Home","item":"https:\/\/spka.ch\/de\/"},{"@type":"ListItem","position":2,"name":"Youth+Sport Allgemeine Informationen","item":"https:\/\/webstaging.spka.ch\/de\/js\/"},{"@type":"ListItem","position":3,"name":"F\u00fcr Parkour Vereine"}]},{"@type":"WebSite","@id":"https:\/\/spka-wordpress-fhf0e0dzb2bveydb.switzerlandnorth-01.azurewebsites.net\/en\/#website","url":"https:\/\/spka-wordpress-fhf0e0dzb2bveydb.switzerlandnorth-01.azurewebsites.net\/en\/","name":"Swiss Parkour Association","description":"","publisher":{"@id":"https:\/\/spka-wordpress-fhf0e0dzb2bveydb.switzerlandnorth-01.azurewebsites.net\/en\/#organization"},"potentialAction":[{"@type":"SearchAction","target":{"@type":"EntryPoint","urlTemplate":"https:\/\/spka-wordpress-fhf0e0dzb2bveydb.switzerlandnorth-01.azurewebsites.net\/en\/?s={search_term_string}"},"query-input":{"@type":"PropertyValueSpecification","valueRequired":true,"valueName":"search_term_string"}}],"inLanguage":"de"},{"@type":"Organization","@id":"https:\/\/spka-wordpress-fhf0e0dzb2bveydb.switzerlandnorth-01.azurewebsites.net\/en\/#organization","name":"Swiss Parkour Association","url":"https:\/\/spka-wordpress-fhf0e0dzb2bveydb.switzerlandnorth-01.azurewebsites.net\/en\/","logo":{"@type":"ImageObject","inLanguage":"de","@id":"https:\/\/spka-wordpress-fhf0e0dzb2bveydb.switzerlandnorth-01.azurewebsites.net\/en\/#\/schema\/logo\/image\/","url":"\/wp-content\/uploads\/logo-dark-circle.png","contentUrl":"\/wp-content\/uploads\/logo-dark-circle.png","width":527,"height":527,"caption":"Swiss Parkour Association"},"image":{"@id":"https:\/\/spka-wordpress-fhf0e0dzb2bveydb.switzerlandnorth-01.azurewebsites.net\/en\/#\/schema\/logo\/image\/"},"sameAs":["https:\/\/www.instagram.com\/spka.swiss\/"]}]}},"jetpack_sharing_enabled":true,"jetpack_shortlink":"https:\/\/wp.me\/PgGha7-fZ","_links":{"self":[{"href":"https:\/\/www.spka.ch\/de\/wp-json\/wp\/v2\/pages\/991","targetHints":{"allow":["GET"]}}],"collection":[{"href":"https:\/\/www.spka.ch\/de\/wp-json\/wp\/v2\/pages"}],"about":[{"href":"https:\/\/www.spka.ch\/de\/wp-json\/wp\/v2\/types\/page"}],"author":[{"embeddable":true,"href":"https:\/\/www.spka.ch\/de\/wp-json\/wp\/v2\/users\/2"}],"replies":[{"embeddable":true,"href":"https:\/\/www.spka.ch\/de\/wp-json\/wp\/v2\/comments?post=991"}],"version-history":[{"count":4,"href":"https:\/\/www.spka.ch\/de\/wp-json\/wp\/v2\/pages\/991\/revisions"}],"predecessor-version":[{"id":1294,"href":"https:\/\/www.spka.ch\/de\/wp-json\/wp\/v2\/pages\/991\/revisions\/1294"}],"up":[{"embeddable":true,"href":"https:\/\/www.spka.ch\/de\/wp-json\/wp\/v2\/pages\/927"}],"wp:attachment":[{"href":"https:\/\/www.spka.ch\/de\/wp-json\/wp\/v2\/media?parent=991"}],"curies":[{"name":"wp","href":"https:\/\/api.w.org\/{rel}","templated":true}]}}