{"id":1388,"date":"2025-02-24T17:52:38","date_gmt":"2025-02-24T16:52:38","guid":{"rendered":"https:\/\/webstaging.spka.ch\/js\/parkour-coaching-library\/"},"modified":"2026-03-24T22:24:48","modified_gmt":"2026-03-24T21:24:48","slug":"parkour-coaching-library","status":"publish","type":"page","link":"https:\/\/www.spka.ch\/en\/js\/parkour-coaching-library\/","title":{"rendered":"Y+S Teaching Library"},"content":{"rendered":"\n<h2 class=\"wp-block-heading\">Y+S Teaching Library<\/h2>\n\n\n\n<p>As part of the Youth+Sport program, SPKA has developed a library of video introductions to basic Parkour movements and training concepts &#8211; specifically in the context of teaching to children.<\/p>\n\n\n\n<p>These materials are freely accessible to all, and can be used as a guide for new instructors, or solo practitioners without access to instructors.Diese Materialien sind f\u00fcr alle frei zug\u00e4nglich und k\u00f6nnen als Leitfaden f\u00fcr neue Trainer oder f\u00fcr Einzelpraktiker ohne Zugang zu Trainern verwendet werden.<\/p>\n\n\n\n<p><a href=\"https:\/\/vimeo.com\/showcase\/9871266\/video\/745706502\">Parkour Movement Library Collections on Vimeo<\/a> (Descriptions in DE).<\/p>\n\n\n\n<p>Some example videos are included below<\/p>\n\n\n\n<div class=\"wp-block-columns alignwide are-vertically-aligned-top is-layout-flex wp-container-core-columns-is-layout-28f84493 wp-block-columns-is-layout-flex\">\n<div class=\"wp-block-column is-vertically-aligned-top is-layout-flow wp-block-column-is-layout-flow\">\n<figure class=\"wp-block-embed is-type-video is-provider-vimeo wp-block-embed-vimeo wp-embed-aspect-16-9 wp-has-aspect-ratio\"><div class=\"wp-block-embed__wrapper\">\n<iframe loading=\"lazy\" title=\"Tictac\" src=\"https:\/\/player.vimeo.com\/video\/745707041?dnt=1&amp;app_id=122963\" width=\"1290\" height=\"726\" frameborder=\"0\" allow=\"autoplay; fullscreen; picture-in-picture; clipboard-write; encrypted-media; web-share\" referrerpolicy=\"strict-origin-when-cross-origin\"><\/iframe>\n<\/div><\/figure>\n\n\n\n<h3 class=\"wp-block-heading has-text-align-center\">Tictac<\/h3>\n\n\n\n<p>Move Focus: Tic Tac<br>Athletes try to generate height or distance by pushing off the wall with their feet. In doing so, they can overcome obstacles or land precisely on an obstacle. The approach angle defines the angle at which they jump away from the wall. A 45\u00b0 angle to the wall is recommended as a starting point. The children and young people push off with the leg that is further away from the wall. They place their inner foot on the wall at about hip height. The tip of the foot points diagonally upwards. Then they push off with this leg upwards\/forwards to overcome obstacles.        <\/p>\n\n\n\n<p>Variations:<br>Start by placing the inside hand on the wall to feel more secure (-)<br>First jump onto a defined spot on the floor (before jumping onto objects) (-)<br>Use the Tic Tac to overcome obstacles (+)<br>After the Tic Tac, land precisely on a ledge (stairs are a good place to start) (+)  <\/p>\n\n\n\n<p>Tips and tricks:<br>The distance to the wall is crucial when jumping off the ground. Work with the participants to find the best individual distance for efficient pushing up and away. If a wall is slippery, you will need more strength and generally a greater distance to generate the necessary speed against the wall. The closer you are to the wall, the greater the force exerted by the angle against the floor and you lose your grip.   <\/p>\n<\/div>\n\n\n\n<div class=\"wp-block-column is-vertically-aligned-top is-layout-flow wp-block-column-is-layout-flow\">\n<figure class=\"wp-block-embed is-type-video is-provider-vimeo wp-block-embed-vimeo wp-embed-aspect-16-9 wp-has-aspect-ratio\"><div class=\"wp-block-embed__wrapper\">\n<iframe loading=\"lazy\" title=\"Side Vault, Speed Vault\" src=\"https:\/\/player.vimeo.com\/video\/745706502?dnt=1&amp;app_id=122963\" width=\"1290\" height=\"726\" frameborder=\"0\" allow=\"autoplay; fullscreen; picture-in-picture; clipboard-write; encrypted-media; web-share\" referrerpolicy=\"strict-origin-when-cross-origin\"><\/iframe>\n<\/div><\/figure>\n\n\n\n<h3 class=\"wp-block-heading has-text-align-center\">Speed Vault<\/h3>\n\n\n\n<p>Form: Vaults<br>Video title: Side Vault\/Speed Vault<\/p>\n\n\n\n<p>Video description \/ Exercise description<\/p>\n\n\n\n<p>Move Focus: Side Vault<br>Athletes overcome an obstacle head-on by placing both hands slightly offset to the side of their body. With a sideways squat jump, they jump into a short support position on their hands. While traversing, they push off strongly with both hands. They land in a running step or standing position.   <\/p>\n\n\n\n<p>Variations:<br>Side Vault (or Kong Vault) onto an obstacle; landing in a crouching position; back down with a second Side Vault (or Kong Vault) (simplified version: climb or jump down normally from a squat jump) (-)<br>Kong Vault (Cat Pass, Cat Vault): same sequence of movements, but place the hands in front of the body on the obstacle and pull the legs under the body and between the arms (+)<\/p>\n\n\n\n<p>Helping and securing:<br>If they feel anxious or uncertain, you can help them over the obstacle with an upper arm grip.<\/p>\n\n\n\n<p>Tips and tricks:<br>By looking towards the landing spot during and after pushing off, children and young people get into a slight forward lean for landing. Their hands just push off the obstacle quickly. As soon as their feet traverse, their hands should already be off the obstacle.  <\/p>\n<\/div>\n<\/div>\n\n\n\n<div class=\"wp-block-columns alignwide is-layout-flex wp-container-core-columns-is-layout-28f84493 wp-block-columns-is-layout-flex\">\n<div class=\"wp-block-column is-layout-flow wp-block-column-is-layout-flow\">\n<figure class=\"wp-block-embed is-type-video is-provider-vimeo wp-block-embed-vimeo wp-embed-aspect-16-9 wp-has-aspect-ratio\"><div class=\"wp-block-embed__wrapper\">\n<iframe loading=\"lazy\" title=\"Parkour Roll\" src=\"https:\/\/player.vimeo.com\/video\/744161900?dnt=1&amp;app_id=122963\" width=\"1290\" height=\"726\" frameborder=\"0\" allow=\"autoplay; fullscreen; picture-in-picture; clipboard-write; encrypted-media; web-share\" referrerpolicy=\"strict-origin-when-cross-origin\"><\/iframe>\n<\/div><\/figure>\n\n\n\n<h3 class=\"wp-block-heading\">Rolls<\/h3>\n\n\n\n<p>Form: Rolls and Spins<br>Video title: Parkour Roll<\/p>\n\n\n\n<p>Video description \/ Exercise description<\/p>\n\n\n\n<p>Move Focus: Rolling<br>The technique involves rolling from the shoulder to the diagonally opposite hip. In this way, participants acquire the basic technique of the parkour roll. <\/p>\n\n\n\n<p>Lunge to the right \u2192 place your hands in a T-position in line with your left leg at the level of your right foot (left hand = T stem; right hand = T roof) \u2192 right elbow to the floor \u2192 chin to chest and look back towards your left foot \u2192 right shoulder to the floor \u2192 push off with your left foot and roll.<\/p>\n\n\n\n<p>Variations:<br>Build a gently sloping ramp using a Reuther board and a thin mat (\u2212)<br>Roll down after a (designed) low jump (+)<br>Perform the roll on hard ground: e.g. hall floor, sports field, concrete (++)<\/p>\n\n\n\n<p>Assist and secure:<br>Start on soft ground and gradually move to harder surfaces.<\/p>\n\n\n\n<p>Tips and tricks:<br>If there are problems with the roll axis, parkour practitioners should do a backward roll at an angle and then immediately perform the same movement forwards.<\/p>\n<\/div>\n\n\n\n<div class=\"wp-block-column is-layout-flow wp-block-column-is-layout-flow\">\n<figure class=\"wp-block-embed is-type-video is-provider-vimeo wp-block-embed-vimeo wp-embed-aspect-16-9 wp-has-aspect-ratio\"><div class=\"wp-block-embed__wrapper\">\n<iframe loading=\"lazy\" title=\"Add-On\" src=\"https:\/\/player.vimeo.com\/video\/744152696?dnt=1&amp;app_id=122963\" width=\"1290\" height=\"726\" frameborder=\"0\" allow=\"autoplay; fullscreen; picture-in-picture; clipboard-write; encrypted-media; web-share\" referrerpolicy=\"strict-origin-when-cross-origin\"><\/iframe>\n<\/div><\/figure>\n\n\n\n<h3 class=\"wp-block-heading\">Add On Game<\/h3>\n\n\n\n<p>Form: Creativity<br>Video title: Add-On<\/p>\n\n\n\n<p>Video description \/ Exercise description<\/p>\n\n\n\n<p>Move Focus: Mimicking movements<\/p>\n\n\n\n<p>The game form should be played with 2-4 participants and a sequence of people is defined. The first person performs a movement form. This must be imitated by the next person and supplemented with another movement, and so on. This creates a run. All participants should contribute 2-4 movements to the run.   <\/p>\n\n\n\n<p>Variations:<br>The participants must follow the path of the previous person, but not use the same form of movement. (-)<br>Only one person per round adds a movement form.  (1. First Round &#8211; 1st person, 2nd round &#8211; 2nd person etc.<br>This slows down the game and makes it easier to remember the sequence.    (-)<\/p>\n<\/div>\n<\/div>\n","protected":false},"excerpt":{"rendered":"<p>Y+S Teaching Library As part of the Youth+Sport program, SPKA has developed a library of video introductions to basic Parkour movements and training concepts &#8211; specifically in the context of teaching to children. These materials are freely accessible to all, and can be used as a guide for new instructors, or solo practitioners without access [&hellip;]<\/p>\n","protected":false},"author":2,"featured_media":0,"parent":73,"menu_order":0,"comment_status":"closed","ping_status":"closed","template":"","meta":{"footnotes":""},"class_list":["post-1388","page","type-page","status-publish","hentry"],"blocksy_meta":[],"yoast_head":"<!-- This site is optimized with the Yoast SEO plugin v27.2 - https:\/\/yoast.com\/product\/yoast-seo-wordpress\/ -->\n<title>Y+S Teaching Library - Swiss Parkour Association<\/title>\n<meta name=\"robots\" content=\"index, follow, max-snippet:-1, max-image-preview:large, max-video-preview:-1\" \/>\n<link rel=\"canonical\" href=\"https:\/\/www.spka.ch\/en\/js\/parkour-coaching-library\/\" \/>\n<meta property=\"og:locale\" content=\"en_US\" \/>\n<meta property=\"og:type\" content=\"article\" \/>\n<meta property=\"og:title\" content=\"Y+S Teaching Library - Swiss Parkour Association\" \/>\n<meta property=\"og:description\" content=\"Y+S Teaching Library As part of the Youth+Sport program, SPKA has developed a library of video introductions to basic Parkour movements and training concepts &#8211; specifically in the context of teaching to children. These materials are freely accessible to all, and can be used as a guide for new instructors, or solo practitioners without access [&hellip;]\" \/>\n<meta property=\"og:url\" content=\"https:\/\/www.spka.ch\/en\/js\/parkour-coaching-library\/\" \/>\n<meta property=\"og:site_name\" content=\"Swiss Parkour Association\" \/>\n<meta property=\"article:modified_time\" content=\"2026-03-24T21:24:48+00:00\" \/>\n<meta name=\"twitter:card\" content=\"summary_large_image\" \/>\n<meta name=\"twitter:label1\" content=\"Est. reading time\" \/>\n\t<meta name=\"twitter:data1\" content=\"5 minutes\" \/>\n<script type=\"application\/ld+json\" class=\"yoast-schema-graph\">{\"@context\":\"https:\/\/schema.org\",\"@graph\":[{\"@type\":\"WebPage\",\"@id\":\"https:\/\/www.spka.ch\/en\/js\/parkour-coaching-library\/\",\"url\":\"https:\/\/www.spka.ch\/en\/js\/parkour-coaching-library\/\",\"name\":\"Y+S Teaching Library - Swiss Parkour Association\",\"isPartOf\":{\"@id\":\"https:\/\/spka-wordpress-fhf0e0dzb2bveydb.switzerlandnorth-01.azurewebsites.net\/en\/#website\"},\"datePublished\":\"2025-02-24T16:52:38+00:00\",\"dateModified\":\"2026-03-24T21:24:48+00:00\",\"breadcrumb\":{\"@id\":\"https:\/\/www.spka.ch\/en\/js\/parkour-coaching-library\/#breadcrumb\"},\"inLanguage\":\"en-US\",\"potentialAction\":[{\"@type\":\"ReadAction\",\"target\":[\"https:\/\/www.spka.ch\/en\/js\/parkour-coaching-library\/\"]}]},{\"@type\":\"BreadcrumbList\",\"@id\":\"https:\/\/www.spka.ch\/en\/js\/parkour-coaching-library\/#breadcrumb\",\"itemListElement\":[{\"@type\":\"ListItem\",\"position\":1,\"name\":\"Home\",\"item\":\"https:\/\/www.spka.ch\/en\/\"},{\"@type\":\"ListItem\",\"position\":2,\"name\":\"Youth+Sport General Information\",\"item\":\"https:\/\/spka.ch\/en\/js\/\"},{\"@type\":\"ListItem\",\"position\":3,\"name\":\"Y+S Teaching Library\"}]},{\"@type\":\"WebSite\",\"@id\":\"https:\/\/spka-wordpress-fhf0e0dzb2bveydb.switzerlandnorth-01.azurewebsites.net\/en\/#website\",\"url\":\"https:\/\/spka-wordpress-fhf0e0dzb2bveydb.switzerlandnorth-01.azurewebsites.net\/en\/\",\"name\":\"Swiss Parkour Association\",\"description\":\"\",\"publisher\":{\"@id\":\"https:\/\/spka-wordpress-fhf0e0dzb2bveydb.switzerlandnorth-01.azurewebsites.net\/en\/#organization\"},\"potentialAction\":[{\"@type\":\"SearchAction\",\"target\":{\"@type\":\"EntryPoint\",\"urlTemplate\":\"https:\/\/spka-wordpress-fhf0e0dzb2bveydb.switzerlandnorth-01.azurewebsites.net\/en\/?s={search_term_string}\"},\"query-input\":{\"@type\":\"PropertyValueSpecification\",\"valueRequired\":true,\"valueName\":\"search_term_string\"}}],\"inLanguage\":\"en-US\"},{\"@type\":\"Organization\",\"@id\":\"https:\/\/spka-wordpress-fhf0e0dzb2bveydb.switzerlandnorth-01.azurewebsites.net\/en\/#organization\",\"name\":\"Swiss Parkour Association\",\"url\":\"https:\/\/spka-wordpress-fhf0e0dzb2bveydb.switzerlandnorth-01.azurewebsites.net\/en\/\",\"logo\":{\"@type\":\"ImageObject\",\"inLanguage\":\"en-US\",\"@id\":\"https:\/\/spka-wordpress-fhf0e0dzb2bveydb.switzerlandnorth-01.azurewebsites.net\/en\/#\/schema\/logo\/image\/\",\"url\":\"\/wp-content\/uploads\/logo-dark-circle.png\",\"contentUrl\":\"\/wp-content\/uploads\/logo-dark-circle.png\",\"width\":527,\"height\":527,\"caption\":\"Swiss Parkour Association\"},\"image\":{\"@id\":\"https:\/\/spka-wordpress-fhf0e0dzb2bveydb.switzerlandnorth-01.azurewebsites.net\/en\/#\/schema\/logo\/image\/\"},\"sameAs\":[\"https:\/\/www.instagram.com\/spka.swiss\/\"]}]}<\/script>\n<!-- \/ Yoast SEO plugin. -->","yoast_head_json":{"title":"Y+S Teaching Library - Swiss Parkour Association","robots":{"index":"index","follow":"follow","max-snippet":"max-snippet:-1","max-image-preview":"max-image-preview:large","max-video-preview":"max-video-preview:-1"},"canonical":"https:\/\/www.spka.ch\/en\/js\/parkour-coaching-library\/","og_locale":"en_US","og_type":"article","og_title":"Y+S Teaching Library - Swiss Parkour Association","og_description":"Y+S Teaching Library As part of the Youth+Sport program, SPKA has developed a library of video introductions to basic Parkour movements and training concepts &#8211; specifically in the context of teaching to children. These materials are freely accessible to all, and can be used as a guide for new instructors, or solo practitioners without access [&hellip;]","og_url":"https:\/\/www.spka.ch\/en\/js\/parkour-coaching-library\/","og_site_name":"Swiss Parkour Association","article_modified_time":"2026-03-24T21:24:48+00:00","twitter_card":"summary_large_image","twitter_misc":{"Est. reading time":"5 minutes"},"schema":{"@context":"https:\/\/schema.org","@graph":[{"@type":"WebPage","@id":"https:\/\/www.spka.ch\/en\/js\/parkour-coaching-library\/","url":"https:\/\/www.spka.ch\/en\/js\/parkour-coaching-library\/","name":"Y+S Teaching Library - Swiss Parkour Association","isPartOf":{"@id":"https:\/\/spka-wordpress-fhf0e0dzb2bveydb.switzerlandnorth-01.azurewebsites.net\/en\/#website"},"datePublished":"2025-02-24T16:52:38+00:00","dateModified":"2026-03-24T21:24:48+00:00","breadcrumb":{"@id":"https:\/\/www.spka.ch\/en\/js\/parkour-coaching-library\/#breadcrumb"},"inLanguage":"en-US","potentialAction":[{"@type":"ReadAction","target":["https:\/\/www.spka.ch\/en\/js\/parkour-coaching-library\/"]}]},{"@type":"BreadcrumbList","@id":"https:\/\/www.spka.ch\/en\/js\/parkour-coaching-library\/#breadcrumb","itemListElement":[{"@type":"ListItem","position":1,"name":"Home","item":"https:\/\/www.spka.ch\/en\/"},{"@type":"ListItem","position":2,"name":"Youth+Sport General Information","item":"https:\/\/spka.ch\/en\/js\/"},{"@type":"ListItem","position":3,"name":"Y+S Teaching Library"}]},{"@type":"WebSite","@id":"https:\/\/spka-wordpress-fhf0e0dzb2bveydb.switzerlandnorth-01.azurewebsites.net\/en\/#website","url":"https:\/\/spka-wordpress-fhf0e0dzb2bveydb.switzerlandnorth-01.azurewebsites.net\/en\/","name":"Swiss Parkour Association","description":"","publisher":{"@id":"https:\/\/spka-wordpress-fhf0e0dzb2bveydb.switzerlandnorth-01.azurewebsites.net\/en\/#organization"},"potentialAction":[{"@type":"SearchAction","target":{"@type":"EntryPoint","urlTemplate":"https:\/\/spka-wordpress-fhf0e0dzb2bveydb.switzerlandnorth-01.azurewebsites.net\/en\/?s={search_term_string}"},"query-input":{"@type":"PropertyValueSpecification","valueRequired":true,"valueName":"search_term_string"}}],"inLanguage":"en-US"},{"@type":"Organization","@id":"https:\/\/spka-wordpress-fhf0e0dzb2bveydb.switzerlandnorth-01.azurewebsites.net\/en\/#organization","name":"Swiss Parkour Association","url":"https:\/\/spka-wordpress-fhf0e0dzb2bveydb.switzerlandnorth-01.azurewebsites.net\/en\/","logo":{"@type":"ImageObject","inLanguage":"en-US","@id":"https:\/\/spka-wordpress-fhf0e0dzb2bveydb.switzerlandnorth-01.azurewebsites.net\/en\/#\/schema\/logo\/image\/","url":"\/wp-content\/uploads\/logo-dark-circle.png","contentUrl":"\/wp-content\/uploads\/logo-dark-circle.png","width":527,"height":527,"caption":"Swiss Parkour Association"},"image":{"@id":"https:\/\/spka-wordpress-fhf0e0dzb2bveydb.switzerlandnorth-01.azurewebsites.net\/en\/#\/schema\/logo\/image\/"},"sameAs":["https:\/\/www.instagram.com\/spka.swiss\/"]}]}},"jetpack_sharing_enabled":true,"jetpack_shortlink":"https:\/\/wp.me\/PgGha7-mo","_links":{"self":[{"href":"https:\/\/www.spka.ch\/en\/wp-json\/wp\/v2\/pages\/1388","targetHints":{"allow":["GET"]}}],"collection":[{"href":"https:\/\/www.spka.ch\/en\/wp-json\/wp\/v2\/pages"}],"about":[{"href":"https:\/\/www.spka.ch\/en\/wp-json\/wp\/v2\/types\/page"}],"author":[{"embeddable":true,"href":"https:\/\/www.spka.ch\/en\/wp-json\/wp\/v2\/users\/2"}],"replies":[{"embeddable":true,"href":"https:\/\/www.spka.ch\/en\/wp-json\/wp\/v2\/comments?post=1388"}],"version-history":[{"count":6,"href":"https:\/\/www.spka.ch\/en\/wp-json\/wp\/v2\/pages\/1388\/revisions"}],"predecessor-version":[{"id":1858,"href":"https:\/\/www.spka.ch\/en\/wp-json\/wp\/v2\/pages\/1388\/revisions\/1858"}],"up":[{"embeddable":true,"href":"https:\/\/www.spka.ch\/en\/wp-json\/wp\/v2\/pages\/73"}],"wp:attachment":[{"href":"https:\/\/www.spka.ch\/en\/wp-json\/wp\/v2\/media?parent=1388"}],"curies":[{"name":"wp","href":"https:\/\/api.w.org\/{rel}","templated":true}]}}