{"id":1006,"date":"2025-02-24T17:51:11","date_gmt":"2025-02-24T16:51:11","guid":{"rendered":"https:\/\/webstaging.spka.ch\/pour-les-organisations\/"},"modified":"2025-09-03T13:42:42","modified_gmt":"2025-09-03T11:42:42","slug":"join-spka-organisation","status":"publish","type":"page","link":"https:\/\/www.spka.ch\/fr\/join-spka-organisation\/","title":{"rendered":"Pour les organisations"},"content":{"rendered":"\n<h2 class=\"wp-block-heading\">Adh\u00e9sion \u00e0 la SPKA pour les organisations<strong><\/strong><\/h2>\n\n<p><strong>Nous vous remercions de l&rsquo;int\u00e9r\u00eat que vous portez \u00e0 l&rsquo;adh\u00e9sion \u00e0 la Swiss Parkour Association. Gr\u00e2ce \u00e0 votre soutien, l&rsquo;importance du parkour dans le domaine de la promotion de la sant\u00e9, du sport et de la culture grandit de jour en jour.  Gr\u00e2ce \u00e0 votre adh\u00e9sion, le SPKA peut promouvoir le sport \u00e0 long terme et organiser de nouveaux projets significatifs.<\/strong><\/p>\n\n<p>Vous repr\u00e9sentez une organisation active dans le domaine du parkour et vous souhaitez adh\u00e9rer \u00e0 la SPKA ? Vous \u00eates au bon endroit. La SPKA se concentre sur ses organisations membres et nous voulons grandir avec vous. Le Parkour est en pleine croissance et nous voulons en faire partie, il est donc important d&rsquo;amener de nouvelles organisations \u00e0 bord.   <\/p>\n\n<p>En devenant membre, votre organisation b\u00e9n\u00e9ficie de nombreux avantages int\u00e9ressants :<\/p>\n\n<ul class=\"wp-block-list\">\n<li>Votre organisation sera promue sur le site web de la SPKA<\/li>\n\n\n\n<li>Frais de participation r\u00e9duits au Swiss Parkour Tour pour vos membres actifs<\/li>\n\n\n\n<li>Vous recevrez r\u00e9guli\u00e8rement une lettre d&rsquo;information sur les activit\u00e9s de l&rsquo;Association.<\/li>\n\n\n\n<li>Vous avez un droit de vote \u00e0 l&rsquo;assembl\u00e9e g\u00e9n\u00e9rale annuelle<\/li>\n\n\n\n<li>Vous soutenez directement les projets de la SPKA<\/li>\n\n\n\n<li>Vous avez la possibilit\u00e9 de promouvoir vos propres projets ou \u00e9v\u00e9nements (li\u00e9s au parkour) via la SPKA.<\/li>\n\n\n\n<li>Vous b\u00e9n\u00e9ficiez d&rsquo;un soutien dans le domaine de Jeunesse+Sport et de son administration.<\/li>\n\n\n\n<li>Vous disposez d&rsquo;une personne de contact directe pour les questions relatives \u00e0 votre organisation.<\/li>\n<\/ul>\n\n<p>Tous les membres actifs qui pratiquent r\u00e9guli\u00e8rement le parkour paient une cotisation de 30 CHF par ann\u00e9e civile. Apr\u00e8s r\u00e9ception de vos informations, une facture correspondante sera envoy\u00e9e \u00e0 l&rsquo;organisation \u00e0 la fin de chaque ann\u00e9e civile. En payant la facture, vous activez votre adh\u00e9sion pour l&rsquo;ann\u00e9e suivante. Les avantages de l&rsquo;adh\u00e9sion s&rsquo;appliqueront alors \u00e0 tous les membres de votre organisation (par exemple, des r\u00e9ductions sur les billets du Swiss Parkour Tour) sans qu&rsquo;il soit n\u00e9cessaire de signaler chaque changement d&rsquo;adh\u00e9sion.   <\/p>\n\n<p>Si vous avez des questions sur le processus exact, n&rsquo;h\u00e9sitez pas \u00e0 nous contacter.<\/p>\n\n<div class=\"wp-block-group alignfull is-layout-constrained wp-container-core-group-is-layout-d89aad35 wp-block-group-is-layout-constrained\" style=\"margin-top:0;margin-bottom:0;padding-top:var(--wp--preset--spacing--50);padding-right:var(--wp--preset--spacing--50);padding-bottom:var(--wp--preset--spacing--50);padding-left:var(--wp--preset--spacing--50)\">\n<div class=\"wp-block-group alignwide has-base-2-background-color has-background is-layout-constrained wp-container-core-group-is-layout-39412042 wp-block-group-is-layout-constrained\" style=\"border-radius:16px;padding-top:var(--wp--preset--spacing--40);padding-right:var(--wp--preset--spacing--50);padding-bottom:var(--wp--preset--spacing--40);padding-left:var(--wp--preset--spacing--50)\">\n<h2 class=\"wp-block-heading has-text-align-center has-x-large-font-size\">Rejoignez la SPKA<\/h2>\n\n\n\n<div class=\"wp-block-buttons is-horizontal is-content-justification-center is-layout-flex wp-container-core-buttons-is-layout-03627597 wp-block-buttons-is-layout-flex\">\n<div class=\"wp-block-button has-custom-width wp-block-button__width-50\"><a class=\"wp-block-button__link has-text-color has-background wp-element-button\" href=\"https:\/\/forms.office.com\/e\/deu6kPjEM1\" style=\"border-radius:50px;color:#ffffff;background-color:#000000\">Inscrivez-vous maintenant en tant qu&rsquo;organisation<\/a><\/div>\n<\/div>\n<\/div>\n<\/div>\n\n<p>En saisissant vos coordonn\u00e9es, votre organisation accepte de s&rsquo;aligner sur notre vision et notre mission et de s&rsquo;inscrire officiellement en tant que membre de la SPKA.<\/p>\n\n<p>Vous recevrez une r\u00e9ponse du conseil d&rsquo;administration de la SPKA pour approbation.<\/p>\n\n<h4 class=\"wp-block-heading\">Annulation<\/h4>\n\n<p>L&rsquo;annulation peut se faire \u00e0 la fin de l&rsquo;ann\u00e9e civile en cours, moyennant un pr\u00e9avis de 30 jours.<\/p>\n\n<p><\/p>\n","protected":false},"excerpt":{"rendered":"<p>Adh\u00e9sion \u00e0 la SPKA pour les organisations Nous vous remercions de l&rsquo;int\u00e9r\u00eat que vous portez \u00e0 l&rsquo;adh\u00e9sion \u00e0 la Swiss Parkour Association. Gr\u00e2ce \u00e0 votre soutien, l&rsquo;importance du parkour dans le domaine de la promotion de la sant\u00e9, du sport et de la culture grandit de jour en jour. Gr\u00e2ce \u00e0 votre adh\u00e9sion, le SPKA [&hellip;]<\/p>\n","protected":false},"author":2,"featured_media":710,"parent":0,"menu_order":0,"comment_status":"closed","ping_status":"closed","template":"","meta":{"footnotes":""},"class_list":["post-1006","page","type-page","status-publish","has-post-thumbnail","hentry"],"blocksy_meta":[],"yoast_head":"<!-- This site is optimized with the Yoast SEO plugin v27.2 - https:\/\/yoast.com\/product\/yoast-seo-wordpress\/ -->\n<title>Pour les organisations - Swiss Parkour Association<\/title>\n<meta name=\"robots\" content=\"index, follow, max-snippet:-1, max-image-preview:large, max-video-preview:-1\" \/>\n<link rel=\"canonical\" href=\"https:\/\/www.spka.ch\/fr\/join-spka-organisation\/\" \/>\n<meta property=\"og:locale\" content=\"fr_FR\" \/>\n<meta property=\"og:type\" content=\"article\" \/>\n<meta property=\"og:title\" content=\"Pour les organisations - Swiss Parkour Association\" \/>\n<meta property=\"og:description\" content=\"Adh\u00e9sion \u00e0 la SPKA pour les organisations Nous vous remercions de l&rsquo;int\u00e9r\u00eat que vous portez \u00e0 l&rsquo;adh\u00e9sion \u00e0 la Swiss Parkour Association. Gr\u00e2ce \u00e0 votre soutien, l&rsquo;importance du parkour dans le domaine de la promotion de la sant\u00e9, du sport et de la culture grandit de jour en jour. Gr\u00e2ce \u00e0 votre adh\u00e9sion, le SPKA [&hellip;]\" \/>\n<meta property=\"og:url\" content=\"https:\/\/www.spka.ch\/fr\/join-spka-organisation\/\" \/>\n<meta property=\"og:site_name\" content=\"Swiss Parkour Association\" \/>\n<meta property=\"article:modified_time\" content=\"2025-09-03T11:42:42+00:00\" \/>\n<meta property=\"og:image\" content=\"https:\/\/www.spka.ch\/wp-content\/uploads\/briefing-s.jpg\" \/>\n\t<meta property=\"og:image:width\" content=\"1000\" \/>\n\t<meta property=\"og:image:height\" content=\"667\" \/>\n\t<meta property=\"og:image:type\" content=\"image\/jpeg\" \/>\n<meta name=\"twitter:card\" content=\"summary_large_image\" \/>\n<meta name=\"twitter:label1\" content=\"Dur\u00e9e de lecture estim\u00e9e\" \/>\n\t<meta name=\"twitter:data1\" content=\"2 minutes\" \/>\n<script type=\"application\/ld+json\" class=\"yoast-schema-graph\">{\"@context\":\"https:\/\/schema.org\",\"@graph\":[{\"@type\":\"WebPage\",\"@id\":\"https:\/\/www.spka.ch\/fr\/join-spka-organisation\/\",\"url\":\"https:\/\/www.spka.ch\/fr\/join-spka-organisation\/\",\"name\":\"Pour les organisations - Swiss Parkour Association\",\"isPartOf\":{\"@id\":\"https:\/\/spka-wordpress-fhf0e0dzb2bveydb.switzerlandnorth-01.azurewebsites.net\/en\/#website\"},\"primaryImageOfPage\":{\"@id\":\"https:\/\/www.spka.ch\/fr\/join-spka-organisation\/#primaryimage\"},\"image\":{\"@id\":\"https:\/\/www.spka.ch\/fr\/join-spka-organisation\/#primaryimage\"},\"thumbnailUrl\":\"\/wp-content\/uploads\/briefing-s.jpg\",\"datePublished\":\"2025-02-24T16:51:11+00:00\",\"dateModified\":\"2025-09-03T11:42:42+00:00\",\"breadcrumb\":{\"@id\":\"https:\/\/www.spka.ch\/fr\/join-spka-organisation\/#breadcrumb\"},\"inLanguage\":\"fr-FR\",\"potentialAction\":[{\"@type\":\"ReadAction\",\"target\":[\"https:\/\/www.spka.ch\/fr\/join-spka-organisation\/\"]}]},{\"@type\":\"ImageObject\",\"inLanguage\":\"fr-FR\",\"@id\":\"https:\/\/www.spka.ch\/fr\/join-spka-organisation\/#primaryimage\",\"url\":\"\/wp-content\/uploads\/briefing-s.jpg\",\"contentUrl\":\"\/wp-content\/uploads\/briefing-s.jpg\",\"width\":1000,\"height\":667},{\"@type\":\"BreadcrumbList\",\"@id\":\"https:\/\/www.spka.ch\/fr\/join-spka-organisation\/#breadcrumb\",\"itemListElement\":[{\"@type\":\"ListItem\",\"position\":1,\"name\":\"Home\",\"item\":\"https:\/\/spka.ch\/fr\/\"},{\"@type\":\"ListItem\",\"position\":2,\"name\":\"Pour les organisations\"}]},{\"@type\":\"WebSite\",\"@id\":\"https:\/\/spka-wordpress-fhf0e0dzb2bveydb.switzerlandnorth-01.azurewebsites.net\/en\/#website\",\"url\":\"https:\/\/spka-wordpress-fhf0e0dzb2bveydb.switzerlandnorth-01.azurewebsites.net\/en\/\",\"name\":\"Swiss Parkour Association\",\"description\":\"\",\"publisher\":{\"@id\":\"https:\/\/spka-wordpress-fhf0e0dzb2bveydb.switzerlandnorth-01.azurewebsites.net\/en\/#organization\"},\"potentialAction\":[{\"@type\":\"SearchAction\",\"target\":{\"@type\":\"EntryPoint\",\"urlTemplate\":\"https:\/\/spka-wordpress-fhf0e0dzb2bveydb.switzerlandnorth-01.azurewebsites.net\/en\/?s={search_term_string}\"},\"query-input\":{\"@type\":\"PropertyValueSpecification\",\"valueRequired\":true,\"valueName\":\"search_term_string\"}}],\"inLanguage\":\"fr-FR\"},{\"@type\":\"Organization\",\"@id\":\"https:\/\/spka-wordpress-fhf0e0dzb2bveydb.switzerlandnorth-01.azurewebsites.net\/en\/#organization\",\"name\":\"Swiss Parkour Association\",\"url\":\"https:\/\/spka-wordpress-fhf0e0dzb2bveydb.switzerlandnorth-01.azurewebsites.net\/en\/\",\"logo\":{\"@type\":\"ImageObject\",\"inLanguage\":\"fr-FR\",\"@id\":\"https:\/\/spka-wordpress-fhf0e0dzb2bveydb.switzerlandnorth-01.azurewebsites.net\/en\/#\/schema\/logo\/image\/\",\"url\":\"\/wp-content\/uploads\/logo-dark-circle.png\",\"contentUrl\":\"\/wp-content\/uploads\/logo-dark-circle.png\",\"width\":527,\"height\":527,\"caption\":\"Swiss Parkour Association\"},\"image\":{\"@id\":\"https:\/\/spka-wordpress-fhf0e0dzb2bveydb.switzerlandnorth-01.azurewebsites.net\/en\/#\/schema\/logo\/image\/\"},\"sameAs\":[\"https:\/\/www.instagram.com\/spka.swiss\/\"]}]}<\/script>\n<!-- \/ Yoast SEO plugin. -->","yoast_head_json":{"title":"Pour les organisations - Swiss Parkour Association","robots":{"index":"index","follow":"follow","max-snippet":"max-snippet:-1","max-image-preview":"max-image-preview:large","max-video-preview":"max-video-preview:-1"},"canonical":"https:\/\/www.spka.ch\/fr\/join-spka-organisation\/","og_locale":"fr_FR","og_type":"article","og_title":"Pour les organisations - Swiss Parkour Association","og_description":"Adh\u00e9sion \u00e0 la SPKA pour les organisations Nous vous remercions de l&rsquo;int\u00e9r\u00eat que vous portez \u00e0 l&rsquo;adh\u00e9sion \u00e0 la Swiss Parkour Association. Gr\u00e2ce \u00e0 votre soutien, l&rsquo;importance du parkour dans le domaine de la promotion de la sant\u00e9, du sport et de la culture grandit de jour en jour. Gr\u00e2ce \u00e0 votre adh\u00e9sion, le SPKA [&hellip;]","og_url":"https:\/\/www.spka.ch\/fr\/join-spka-organisation\/","og_site_name":"Swiss Parkour Association","article_modified_time":"2025-09-03T11:42:42+00:00","og_image":[{"width":1000,"height":667,"url":"https:\/\/www.spka.ch\/wp-content\/uploads\/briefing-s.jpg","type":"image\/jpeg"}],"twitter_card":"summary_large_image","twitter_misc":{"Dur\u00e9e de lecture estim\u00e9e":"2 minutes"},"schema":{"@context":"https:\/\/schema.org","@graph":[{"@type":"WebPage","@id":"https:\/\/www.spka.ch\/fr\/join-spka-organisation\/","url":"https:\/\/www.spka.ch\/fr\/join-spka-organisation\/","name":"Pour les organisations - Swiss Parkour Association","isPartOf":{"@id":"https:\/\/spka-wordpress-fhf0e0dzb2bveydb.switzerlandnorth-01.azurewebsites.net\/en\/#website"},"primaryImageOfPage":{"@id":"https:\/\/www.spka.ch\/fr\/join-spka-organisation\/#primaryimage"},"image":{"@id":"https:\/\/www.spka.ch\/fr\/join-spka-organisation\/#primaryimage"},"thumbnailUrl":"\/wp-content\/uploads\/briefing-s.jpg","datePublished":"2025-02-24T16:51:11+00:00","dateModified":"2025-09-03T11:42:42+00:00","breadcrumb":{"@id":"https:\/\/www.spka.ch\/fr\/join-spka-organisation\/#breadcrumb"},"inLanguage":"fr-FR","potentialAction":[{"@type":"ReadAction","target":["https:\/\/www.spka.ch\/fr\/join-spka-organisation\/"]}]},{"@type":"ImageObject","inLanguage":"fr-FR","@id":"https:\/\/www.spka.ch\/fr\/join-spka-organisation\/#primaryimage","url":"\/wp-content\/uploads\/briefing-s.jpg","contentUrl":"\/wp-content\/uploads\/briefing-s.jpg","width":1000,"height":667},{"@type":"BreadcrumbList","@id":"https:\/\/www.spka.ch\/fr\/join-spka-organisation\/#breadcrumb","itemListElement":[{"@type":"ListItem","position":1,"name":"Home","item":"https:\/\/spka.ch\/fr\/"},{"@type":"ListItem","position":2,"name":"Pour les organisations"}]},{"@type":"WebSite","@id":"https:\/\/spka-wordpress-fhf0e0dzb2bveydb.switzerlandnorth-01.azurewebsites.net\/en\/#website","url":"https:\/\/spka-wordpress-fhf0e0dzb2bveydb.switzerlandnorth-01.azurewebsites.net\/en\/","name":"Swiss Parkour Association","description":"","publisher":{"@id":"https:\/\/spka-wordpress-fhf0e0dzb2bveydb.switzerlandnorth-01.azurewebsites.net\/en\/#organization"},"potentialAction":[{"@type":"SearchAction","target":{"@type":"EntryPoint","urlTemplate":"https:\/\/spka-wordpress-fhf0e0dzb2bveydb.switzerlandnorth-01.azurewebsites.net\/en\/?s={search_term_string}"},"query-input":{"@type":"PropertyValueSpecification","valueRequired":true,"valueName":"search_term_string"}}],"inLanguage":"fr-FR"},{"@type":"Organization","@id":"https:\/\/spka-wordpress-fhf0e0dzb2bveydb.switzerlandnorth-01.azurewebsites.net\/en\/#organization","name":"Swiss Parkour Association","url":"https:\/\/spka-wordpress-fhf0e0dzb2bveydb.switzerlandnorth-01.azurewebsites.net\/en\/","logo":{"@type":"ImageObject","inLanguage":"fr-FR","@id":"https:\/\/spka-wordpress-fhf0e0dzb2bveydb.switzerlandnorth-01.azurewebsites.net\/en\/#\/schema\/logo\/image\/","url":"\/wp-content\/uploads\/logo-dark-circle.png","contentUrl":"\/wp-content\/uploads\/logo-dark-circle.png","width":527,"height":527,"caption":"Swiss Parkour Association"},"image":{"@id":"https:\/\/spka-wordpress-fhf0e0dzb2bveydb.switzerlandnorth-01.azurewebsites.net\/en\/#\/schema\/logo\/image\/"},"sameAs":["https:\/\/www.instagram.com\/spka.swiss\/"]}]}},"jetpack_sharing_enabled":true,"jetpack_shortlink":"https:\/\/wp.me\/PgGha7-ge","_links":{"self":[{"href":"https:\/\/www.spka.ch\/fr\/wp-json\/wp\/v2\/pages\/1006","targetHints":{"allow":["GET"]}}],"collection":[{"href":"https:\/\/www.spka.ch\/fr\/wp-json\/wp\/v2\/pages"}],"about":[{"href":"https:\/\/www.spka.ch\/fr\/wp-json\/wp\/v2\/types\/page"}],"author":[{"embeddable":true,"href":"https:\/\/www.spka.ch\/fr\/wp-json\/wp\/v2\/users\/2"}],"replies":[{"embeddable":true,"href":"https:\/\/www.spka.ch\/fr\/wp-json\/wp\/v2\/comments?post=1006"}],"version-history":[{"count":6,"href":"https:\/\/www.spka.ch\/fr\/wp-json\/wp\/v2\/pages\/1006\/revisions"}],"predecessor-version":[{"id":1259,"href":"https:\/\/www.spka.ch\/fr\/wp-json\/wp\/v2\/pages\/1006\/revisions\/1259"}],"wp:featuredmedia":[{"embeddable":true,"href":"https:\/\/www.spka.ch\/fr\/wp-json\/wp\/v2\/media\/710"}],"wp:attachment":[{"href":"https:\/\/www.spka.ch\/fr\/wp-json\/wp\/v2\/media?parent=1006"}],"curies":[{"name":"wp","href":"https:\/\/api.w.org\/{rel}","templated":true}]}}