{"id":1008,"date":"2025-02-24T17:51:17","date_gmt":"2025-02-24T16:51:17","guid":{"rendered":"https:\/\/webstaging.spka.ch\/jeunessesport\/pour-les-moniteurs-de-parkour\/"},"modified":"2026-03-24T23:03:51","modified_gmt":"2026-03-24T22:03:51","slug":"js-for-parkour-coaches","status":"publish","type":"page","link":"https:\/\/www.spka.ch\/fr\/js\/js-for-parkour-coaches\/","title":{"rendered":"Pour les moniteurs de Parkour"},"content":{"rendered":"\n<h2 class=\"wp-block-heading\">Pour les moniteurs de Parkour<\/h2>\n\n<figure class=\"wp-block-gallery alignfull has-nested-images columns-3 is-cropped wp-block-gallery-1 is-layout-flex wp-block-gallery-is-layout-flex\">\n<figure class=\"wp-block-image size-full\"><a href=\"\/wp-content\/uploads\/JS_Lager-17.jpeg\" target=\"_blank\"><img loading=\"lazy\" decoding=\"async\" width=\"800\" height=\"533\" data-id=\"171\" src=\"\/wp-content\/uploads\/JS_Lager-17.jpeg\" alt=\"\" class=\"wp-image-171\" srcset=\"\/wp-content\/uploads\/JS_Lager-17.jpeg 800w, \/wp-content\/uploads\/JS_Lager-17-300x200.jpeg 300w, \/wp-content\/uploads\/JS_Lager-17-768x512.jpeg 768w\" sizes=\"auto, (max-width: 800px) 100vw, 800px\" \/><\/a><\/figure>\n\n\n\n<figure class=\"wp-block-image size-full\"><a href=\"\/wp-content\/uploads\/JS_Lager-71.jpeg\" target=\"_blank\"><img loading=\"lazy\" decoding=\"async\" width=\"800\" height=\"533\" data-id=\"173\" src=\"\/wp-content\/uploads\/JS_Lager-71.jpeg\" alt=\"\" class=\"wp-image-173\" srcset=\"\/wp-content\/uploads\/JS_Lager-71.jpeg 800w, \/wp-content\/uploads\/JS_Lager-71-300x200.jpeg 300w, \/wp-content\/uploads\/JS_Lager-71-768x512.jpeg 768w\" sizes=\"auto, (max-width: 800px) 100vw, 800px\" \/><\/a><\/figure>\n\n\n\n<figure class=\"wp-block-image size-full\"><a href=\"\/wp-content\/uploads\/JS_Lager-70.jpeg\" target=\"_blank\"><img loading=\"lazy\" decoding=\"async\" width=\"800\" height=\"533\" data-id=\"172\" src=\"\/wp-content\/uploads\/JS_Lager-70.jpeg\" alt=\"\" class=\"wp-image-172\" srcset=\"\/wp-content\/uploads\/JS_Lager-70.jpeg 800w, \/wp-content\/uploads\/JS_Lager-70-300x200.jpeg 300w, \/wp-content\/uploads\/JS_Lager-70-768x512.jpeg 768w\" sizes=\"auto, (max-width: 800px) 100vw, 800px\" \/><\/a><\/figure>\n<\/figure>\n\n<h3 class=\"wp-block-heading\">Comment obtenir un certificat J+S-Parkour ?<\/h3>\n\n<p><strong>Vous enseignez le Parkour dans un club :<\/strong><\/p>\n\n<p>V\u00e9rifiez d&rsquo;abord si vous remplissez toutes les conditions d&rsquo;admission \u00e0 un cours de moniteur de Parkour J+S. Dirigez-vous vers le cours auquel vous souhaitez vous inscrire et cliquez dessus pour voir les conditions d&rsquo;admission : <\/p>\n\n<blockquote class=\"wp-block-quote is-layout-flow wp-block-quote-is-layout-flow\">\n<p><em><a href=\"https:\/\/www.nds.baspo.admin.ch\/publicArea\/cadreEducationStructure\/cadre\/education-structure\/1727794504771707254\/structure\" target=\"_blank\" rel=\"noreferrer noopener\">Conditions d&rsquo;admission<\/a> <\/em><\/p>\n<\/blockquote>\n\n<p>Pour vous inscrire \u00e0 une formation de base ou \u00e0 d&rsquo;autres offres de J+S, vous avez besoin d&rsquo;un Coach de J+S. Demandez \u00e0 votre club qui est votre Coach J+S. Seul un Coach J+S peut inscrire des participants \u00e0 des cours. Recherchez dans le calendrier des cours de Jeunesse+Sport un cours annonc\u00e9 auquel vous aimeriez participer et demandez \u00e0 votre Coach J+S de vous inscrire. Faites attention \u00e0 la langue dans laquelle se d\u00e9roule le cours. Vous trouverez ici le plan de cours.     <\/p>\n\n<blockquote class=\"wp-block-quote is-layout-flow wp-block-quote-is-layout-flow\">\n<p><a href=\"https:\/\/www.nds.baspo.admin.ch\/publicArea\/cadreEducationStructure\/cadre\/education-structure\/1727794504771707254\/schedule\"><em>Parkour<\/em> <em>Programme des cours<\/em><\/a><\/p>\n<\/blockquote>\n\n<p><strong>Vous enseignez le Parkour de mani\u00e8re ind\u00e9pendante :<\/strong><\/p>\n\n<p>Si vous n&rsquo;enseignez pas dans un club ou si vous n&rsquo;avez pas acc\u00e8s \u00e0 un Coach J+S, vous pouvez vous inscrire directement aupr\u00e8s de notre association-coach. Tout d&rsquo;abord, recherchez dans le calendrier des cours de Jeunesse+Sport un cours annonc\u00e9 auquel vous aimeriez participer. Faites attention \u00e0 la langue dans laquelle se d\u00e9roule le cours. Vous trouverez ici le plan de cours.   <\/p>\n\n<blockquote class=\"wp-block-quote is-layout-flow wp-block-quote-is-layout-flow\">\n<p><a href=\"https:\/\/www.nds.baspo.admin.ch\/publicArea\/cadreEducationStructure\/cadre\/education-structure\/1727794504771707254\/schedule\"><em>Parkour<\/em> <em>Programme des cours<\/em><\/a><\/p>\n<\/blockquote>\n\n<blockquote class=\"wp-block-quote is-layout-flow wp-block-quote-is-layout-flow\">\n<p><em>Mail Association J+S-Coach : <a href=\"mailto:jesse.peveril@spka.ch\">jesse.peveril@spka.ch<\/a><\/em><\/p>\n<\/blockquote>\n\n<hr class=\"wp-block-separator has-alpha-channel-opacity is-style-dots\" style=\"margin-top:var(--wp--preset--spacing--20);margin-bottom:var(--wp--preset--spacing--20)\"\/>\n\n<p>Si vous avez trouv\u00e9 un cours qui vous convient, notez le num\u00e9ro du cours (par exemple JS-CH 192965) et signalez-le comme r\u00e9f\u00e9rence \u00e0 l&rsquo;association J+S-Coach en y joignant les informations suivantes :<\/p>\n\n<ul class=\"wp-block-list\">\n<li>Num\u00e9ro J+S (si disponible)<\/li>\n\n\n\n<li>Nom \/ Pr\u00e9nom<\/li>\n\n\n\n<li>Genre<\/li>\n\n\n\n<li>AVS non.<\/li>\n\n\n\n<li>Date de naissance<\/li>\n\n\n\n<li>Adresse \/ Ville<\/li>\n\n\n\n<li>Lieu de r\u00e9sidence \/ Code postal<\/li>\n\n\n\n<li>Adresse \u00e9lectronique<\/li>\n\n\n\n<li>Premi\u00e8re langue \/ Deuxi\u00e8me langue<\/li>\n\n\n\n<li>Nationalit\u00e9<\/li>\n\n\n\n<li>Profession<\/li>\n<\/ul>\n\n<p>Vous recevrez une confirmation d&rsquo;inscription apr\u00e8s votre inscription. Approx. 2 \u00e0 4 semaines avant votre cours J+S, vous recevrez de l&rsquo;organisateur du cours toutes les informations contenues dans l&rsquo;invitation officielle au cours. Si vous avez des questions concernant les cours ou l&rsquo;inscription, vous pouvez \u00e0 tout moment contacter la personne responsable de la formation (julian.dutoit@spka.ch).   <\/p>\n\n<p>Nous nous r\u00e9jouissons de vous accueillir bient\u00f4t dans notre cours !  <\/p>\n\n<h3 class=\"wp-block-heading\"><strong>Regarder les vid\u00e9os de la librairie J+S<\/strong><\/h3>\n\n<figure class=\"wp-block-embed is-type-wp-embed is-provider-swiss-parkour-association wp-block-embed-swiss-parkour-association\"><div class=\"wp-block-embed__wrapper\">\n<blockquote class=\"wp-embedded-content\" data-secret=\"QA0Kdqdlbd\"><a href=\"https:\/\/www.spka.ch\/en\/js\/parkour-coaching-library\/\">Y+S Teaching Library<\/a><\/blockquote><iframe loading=\"lazy\" class=\"wp-embedded-content\" sandbox=\"allow-scripts\" security=\"restricted\" style=\"position: absolute; visibility: hidden;\" title=\"\u00ab\u00a0Y+S Teaching Library\u00a0\u00bb &#8212; Swiss Parkour Association\" src=\"https:\/\/www.spka.ch\/en\/js\/parkour-coaching-library\/embed\/#?secret=j2uGKoi1GM#?secret=QA0Kdqdlbd\" data-secret=\"QA0Kdqdlbd\" width=\"600\" height=\"338\" frameborder=\"0\" marginwidth=\"0\" marginheight=\"0\" scrolling=\"no\"><\/iframe>\n<\/div><\/figure>\n","protected":false},"excerpt":{"rendered":"<p>Pour les moniteurs de Parkour Comment obtenir un certificat J+S-Parkour ? Vous enseignez le Parkour dans un club : V\u00e9rifiez d&rsquo;abord si vous remplissez toutes les conditions d&rsquo;admission \u00e0 un cours de moniteur de Parkour J+S. Dirigez-vous vers le cours auquel vous souhaitez vous inscrire et cliquez dessus pour voir les conditions d&rsquo;admission : Conditions [&hellip;]<\/p>\n","protected":false},"author":2,"featured_media":644,"parent":914,"menu_order":0,"comment_status":"closed","ping_status":"closed","template":"","meta":{"footnotes":""},"class_list":["post-1008","page","type-page","status-publish","has-post-thumbnail","hentry"],"blocksy_meta":[],"yoast_head":"<!-- This site is optimized with the Yoast SEO plugin v27.2 - https:\/\/yoast.com\/product\/yoast-seo-wordpress\/ -->\n<title>Pour les moniteurs de Parkour - Swiss Parkour Association<\/title>\n<meta name=\"robots\" content=\"index, follow, max-snippet:-1, max-image-preview:large, max-video-preview:-1\" \/>\n<link rel=\"canonical\" href=\"https:\/\/www.spka.ch\/fr\/js\/js-for-parkour-coaches\/\" \/>\n<meta property=\"og:locale\" content=\"fr_FR\" \/>\n<meta property=\"og:type\" content=\"article\" \/>\n<meta property=\"og:title\" content=\"Pour les moniteurs de Parkour - Swiss Parkour Association\" \/>\n<meta property=\"og:description\" content=\"Pour les moniteurs de Parkour Comment obtenir un certificat J+S-Parkour ? Vous enseignez le Parkour dans un club : V\u00e9rifiez d&rsquo;abord si vous remplissez toutes les conditions d&rsquo;admission \u00e0 un cours de moniteur de Parkour J+S. Dirigez-vous vers le cours auquel vous souhaitez vous inscrire et cliquez dessus pour voir les conditions d&rsquo;admission : Conditions [&hellip;]\" \/>\n<meta property=\"og:url\" content=\"https:\/\/www.spka.ch\/fr\/js\/js-for-parkour-coaches\/\" \/>\n<meta property=\"og:site_name\" content=\"Swiss Parkour Association\" \/>\n<meta property=\"article:modified_time\" content=\"2026-03-24T22:03:51+00:00\" \/>\n<meta property=\"og:image\" content=\"https:\/\/www.spka.ch\/wp-content\/uploads\/JS_Lager-17.jpeg\" \/>\n\t<meta property=\"og:image:width\" content=\"800\" \/>\n\t<meta property=\"og:image:height\" content=\"533\" \/>\n\t<meta property=\"og:image:type\" content=\"image\/jpeg\" \/>\n<meta name=\"twitter:card\" content=\"summary_large_image\" \/>\n<meta name=\"twitter:label1\" content=\"Dur\u00e9e de lecture estim\u00e9e\" \/>\n\t<meta name=\"twitter:data1\" content=\"2 minutes\" \/>\n<script type=\"application\/ld+json\" class=\"yoast-schema-graph\">{\"@context\":\"https:\/\/schema.org\",\"@graph\":[{\"@type\":\"WebPage\",\"@id\":\"https:\/\/www.spka.ch\/fr\/js\/js-for-parkour-coaches\/\",\"url\":\"https:\/\/www.spka.ch\/fr\/js\/js-for-parkour-coaches\/\",\"name\":\"Pour les moniteurs de Parkour - Swiss Parkour Association\",\"isPartOf\":{\"@id\":\"https:\/\/spka-wordpress-fhf0e0dzb2bveydb.switzerlandnorth-01.azurewebsites.net\/en\/#website\"},\"primaryImageOfPage\":{\"@id\":\"https:\/\/www.spka.ch\/fr\/js\/js-for-parkour-coaches\/#primaryimage\"},\"image\":{\"@id\":\"https:\/\/www.spka.ch\/fr\/js\/js-for-parkour-coaches\/#primaryimage\"},\"thumbnailUrl\":\"\/wp-content\/uploads\/JS_Lager-17.jpeg\",\"datePublished\":\"2025-02-24T16:51:17+00:00\",\"dateModified\":\"2026-03-24T22:03:51+00:00\",\"breadcrumb\":{\"@id\":\"https:\/\/www.spka.ch\/fr\/js\/js-for-parkour-coaches\/#breadcrumb\"},\"inLanguage\":\"fr-FR\",\"potentialAction\":[{\"@type\":\"ReadAction\",\"target\":[\"https:\/\/www.spka.ch\/fr\/js\/js-for-parkour-coaches\/\"]}]},{\"@type\":\"ImageObject\",\"inLanguage\":\"fr-FR\",\"@id\":\"https:\/\/www.spka.ch\/fr\/js\/js-for-parkour-coaches\/#primaryimage\",\"url\":\"\/wp-content\/uploads\/JS_Lager-17.jpeg\",\"contentUrl\":\"\/wp-content\/uploads\/JS_Lager-17.jpeg\",\"width\":800,\"height\":533},{\"@type\":\"BreadcrumbList\",\"@id\":\"https:\/\/www.spka.ch\/fr\/js\/js-for-parkour-coaches\/#breadcrumb\",\"itemListElement\":[{\"@type\":\"ListItem\",\"position\":1,\"name\":\"Home\",\"item\":\"https:\/\/spka.ch\/fr\/\"},{\"@type\":\"ListItem\",\"position\":2,\"name\":\"Jeunesse+Sport Information G\u00e9n\u00e9rale\",\"item\":\"https:\/\/spka.ch\/fr\/js\/\"},{\"@type\":\"ListItem\",\"position\":3,\"name\":\"Pour les moniteurs de Parkour\"}]},{\"@type\":\"WebSite\",\"@id\":\"https:\/\/spka-wordpress-fhf0e0dzb2bveydb.switzerlandnorth-01.azurewebsites.net\/en\/#website\",\"url\":\"https:\/\/spka-wordpress-fhf0e0dzb2bveydb.switzerlandnorth-01.azurewebsites.net\/en\/\",\"name\":\"Swiss Parkour Association\",\"description\":\"\",\"publisher\":{\"@id\":\"https:\/\/spka-wordpress-fhf0e0dzb2bveydb.switzerlandnorth-01.azurewebsites.net\/en\/#organization\"},\"potentialAction\":[{\"@type\":\"SearchAction\",\"target\":{\"@type\":\"EntryPoint\",\"urlTemplate\":\"https:\/\/spka-wordpress-fhf0e0dzb2bveydb.switzerlandnorth-01.azurewebsites.net\/en\/?s={search_term_string}\"},\"query-input\":{\"@type\":\"PropertyValueSpecification\",\"valueRequired\":true,\"valueName\":\"search_term_string\"}}],\"inLanguage\":\"fr-FR\"},{\"@type\":\"Organization\",\"@id\":\"https:\/\/spka-wordpress-fhf0e0dzb2bveydb.switzerlandnorth-01.azurewebsites.net\/en\/#organization\",\"name\":\"Swiss Parkour Association\",\"url\":\"https:\/\/spka-wordpress-fhf0e0dzb2bveydb.switzerlandnorth-01.azurewebsites.net\/en\/\",\"logo\":{\"@type\":\"ImageObject\",\"inLanguage\":\"fr-FR\",\"@id\":\"https:\/\/spka-wordpress-fhf0e0dzb2bveydb.switzerlandnorth-01.azurewebsites.net\/en\/#\/schema\/logo\/image\/\",\"url\":\"\/wp-content\/uploads\/logo-dark-circle.png\",\"contentUrl\":\"\/wp-content\/uploads\/logo-dark-circle.png\",\"width\":527,\"height\":527,\"caption\":\"Swiss Parkour Association\"},\"image\":{\"@id\":\"https:\/\/spka-wordpress-fhf0e0dzb2bveydb.switzerlandnorth-01.azurewebsites.net\/en\/#\/schema\/logo\/image\/\"},\"sameAs\":[\"https:\/\/www.instagram.com\/spka.swiss\/\"]}]}<\/script>\n<!-- \/ Yoast SEO plugin. -->","yoast_head_json":{"title":"Pour les moniteurs de Parkour - Swiss Parkour Association","robots":{"index":"index","follow":"follow","max-snippet":"max-snippet:-1","max-image-preview":"max-image-preview:large","max-video-preview":"max-video-preview:-1"},"canonical":"https:\/\/www.spka.ch\/fr\/js\/js-for-parkour-coaches\/","og_locale":"fr_FR","og_type":"article","og_title":"Pour les moniteurs de Parkour - Swiss Parkour Association","og_description":"Pour les moniteurs de Parkour Comment obtenir un certificat J+S-Parkour ? Vous enseignez le Parkour dans un club : V\u00e9rifiez d&rsquo;abord si vous remplissez toutes les conditions d&rsquo;admission \u00e0 un cours de moniteur de Parkour J+S. Dirigez-vous vers le cours auquel vous souhaitez vous inscrire et cliquez dessus pour voir les conditions d&rsquo;admission : Conditions [&hellip;]","og_url":"https:\/\/www.spka.ch\/fr\/js\/js-for-parkour-coaches\/","og_site_name":"Swiss Parkour Association","article_modified_time":"2026-03-24T22:03:51+00:00","og_image":[{"width":800,"height":533,"url":"https:\/\/www.spka.ch\/wp-content\/uploads\/JS_Lager-17.jpeg","type":"image\/jpeg"}],"twitter_card":"summary_large_image","twitter_misc":{"Dur\u00e9e de lecture estim\u00e9e":"2 minutes"},"schema":{"@context":"https:\/\/schema.org","@graph":[{"@type":"WebPage","@id":"https:\/\/www.spka.ch\/fr\/js\/js-for-parkour-coaches\/","url":"https:\/\/www.spka.ch\/fr\/js\/js-for-parkour-coaches\/","name":"Pour les moniteurs de Parkour - Swiss Parkour Association","isPartOf":{"@id":"https:\/\/spka-wordpress-fhf0e0dzb2bveydb.switzerlandnorth-01.azurewebsites.net\/en\/#website"},"primaryImageOfPage":{"@id":"https:\/\/www.spka.ch\/fr\/js\/js-for-parkour-coaches\/#primaryimage"},"image":{"@id":"https:\/\/www.spka.ch\/fr\/js\/js-for-parkour-coaches\/#primaryimage"},"thumbnailUrl":"\/wp-content\/uploads\/JS_Lager-17.jpeg","datePublished":"2025-02-24T16:51:17+00:00","dateModified":"2026-03-24T22:03:51+00:00","breadcrumb":{"@id":"https:\/\/www.spka.ch\/fr\/js\/js-for-parkour-coaches\/#breadcrumb"},"inLanguage":"fr-FR","potentialAction":[{"@type":"ReadAction","target":["https:\/\/www.spka.ch\/fr\/js\/js-for-parkour-coaches\/"]}]},{"@type":"ImageObject","inLanguage":"fr-FR","@id":"https:\/\/www.spka.ch\/fr\/js\/js-for-parkour-coaches\/#primaryimage","url":"\/wp-content\/uploads\/JS_Lager-17.jpeg","contentUrl":"\/wp-content\/uploads\/JS_Lager-17.jpeg","width":800,"height":533},{"@type":"BreadcrumbList","@id":"https:\/\/www.spka.ch\/fr\/js\/js-for-parkour-coaches\/#breadcrumb","itemListElement":[{"@type":"ListItem","position":1,"name":"Home","item":"https:\/\/spka.ch\/fr\/"},{"@type":"ListItem","position":2,"name":"Jeunesse+Sport Information G\u00e9n\u00e9rale","item":"https:\/\/spka.ch\/fr\/js\/"},{"@type":"ListItem","position":3,"name":"Pour les moniteurs de Parkour"}]},{"@type":"WebSite","@id":"https:\/\/spka-wordpress-fhf0e0dzb2bveydb.switzerlandnorth-01.azurewebsites.net\/en\/#website","url":"https:\/\/spka-wordpress-fhf0e0dzb2bveydb.switzerlandnorth-01.azurewebsites.net\/en\/","name":"Swiss Parkour Association","description":"","publisher":{"@id":"https:\/\/spka-wordpress-fhf0e0dzb2bveydb.switzerlandnorth-01.azurewebsites.net\/en\/#organization"},"potentialAction":[{"@type":"SearchAction","target":{"@type":"EntryPoint","urlTemplate":"https:\/\/spka-wordpress-fhf0e0dzb2bveydb.switzerlandnorth-01.azurewebsites.net\/en\/?s={search_term_string}"},"query-input":{"@type":"PropertyValueSpecification","valueRequired":true,"valueName":"search_term_string"}}],"inLanguage":"fr-FR"},{"@type":"Organization","@id":"https:\/\/spka-wordpress-fhf0e0dzb2bveydb.switzerlandnorth-01.azurewebsites.net\/en\/#organization","name":"Swiss Parkour Association","url":"https:\/\/spka-wordpress-fhf0e0dzb2bveydb.switzerlandnorth-01.azurewebsites.net\/en\/","logo":{"@type":"ImageObject","inLanguage":"fr-FR","@id":"https:\/\/spka-wordpress-fhf0e0dzb2bveydb.switzerlandnorth-01.azurewebsites.net\/en\/#\/schema\/logo\/image\/","url":"\/wp-content\/uploads\/logo-dark-circle.png","contentUrl":"\/wp-content\/uploads\/logo-dark-circle.png","width":527,"height":527,"caption":"Swiss Parkour Association"},"image":{"@id":"https:\/\/spka-wordpress-fhf0e0dzb2bveydb.switzerlandnorth-01.azurewebsites.net\/en\/#\/schema\/logo\/image\/"},"sameAs":["https:\/\/www.instagram.com\/spka.swiss\/"]}]}},"jetpack_sharing_enabled":true,"jetpack_shortlink":"https:\/\/wp.me\/PgGha7-gg","_links":{"self":[{"href":"https:\/\/www.spka.ch\/fr\/wp-json\/wp\/v2\/pages\/1008","targetHints":{"allow":["GET"]}}],"collection":[{"href":"https:\/\/www.spka.ch\/fr\/wp-json\/wp\/v2\/pages"}],"about":[{"href":"https:\/\/www.spka.ch\/fr\/wp-json\/wp\/v2\/types\/page"}],"author":[{"embeddable":true,"href":"https:\/\/www.spka.ch\/fr\/wp-json\/wp\/v2\/users\/2"}],"replies":[{"embeddable":true,"href":"https:\/\/www.spka.ch\/fr\/wp-json\/wp\/v2\/comments?post=1008"}],"version-history":[{"count":9,"href":"https:\/\/www.spka.ch\/fr\/wp-json\/wp\/v2\/pages\/1008\/revisions"}],"predecessor-version":[{"id":1862,"href":"https:\/\/www.spka.ch\/fr\/wp-json\/wp\/v2\/pages\/1008\/revisions\/1862"}],"up":[{"embeddable":true,"href":"https:\/\/www.spka.ch\/fr\/wp-json\/wp\/v2\/pages\/914"}],"wp:featuredmedia":[{"embeddable":true,"href":"https:\/\/www.spka.ch\/fr\/wp-json\/wp\/v2\/media\/644"}],"wp:attachment":[{"href":"https:\/\/www.spka.ch\/fr\/wp-json\/wp\/v2\/media?parent=1008"}],"curies":[{"name":"wp","href":"https:\/\/api.w.org\/{rel}","templated":true}]}}