{"id":1022,"date":"2025-02-24T17:50:59","date_gmt":"2025-02-24T16:50:59","guid":{"rendered":"https:\/\/webstaging.spka.ch\/faire-un-don-a-la-spka\/"},"modified":"2025-09-03T11:59:59","modified_gmt":"2025-09-03T09:59:59","slug":"donations","status":"publish","type":"page","link":"https:\/\/www.spka.ch\/fr\/donations\/","title":{"rendered":"Faire un don \u00e0 la SPKA"},"content":{"rendered":"\n<h2 class=\"wp-block-heading\">Faire un don \u00e0 la SPKA<\/h2>\n\n<p>La SPKA pose actuellement des jalons cruciaux pour l&rsquo;\u00e9tablissement du parkour au sein des structures sportives suisses. Toutes les t\u00e2ches dont nous nous occupons actuellement font partie de la construction d&rsquo;une plateforme qui permet au parkour de continuer \u00e0 se d\u00e9velopper en tant que mouvement communautaire et donc de rester aussi ind\u00e9pendant que possible sans manquer les avantages que les sports \u00e9tablis ont en Suisse. Le Swiss Parkour Tour et Jeunesse+Sport ne sont que le d\u00e9but de ce que nous pr\u00e9voyons de r\u00e9aliser.  <strong>  En fin de compte, chaque organisation de parkour et chaque traceur peut b\u00e9n\u00e9ficier de notre travail \u00e0 l&rsquo;avenir.<\/strong><\/p>\n\n<p>Ce projet est n\u00e9 d&rsquo;un r\u00eave commun. Tous les traceurs en Suisse qui ont voulu d\u00e9velopper le parkour ont cr\u00e9\u00e9 des \u00e9quipes et des associations pour d\u00e9velopper les communaut\u00e9s locales &#8211; pour d\u00e9velopper la discipline qu&rsquo;ils aiment tant, en cr\u00e9ant du contenu sur les r\u00e9seaux, en participant \u00e0 des \u00e9v\u00e8nements, en organisant des sessions avec une ambiance familiale et finalement en essayant de vivre de leur passion. <\/p>\n\n<p>La SPKA veut aller encore plus loin avec tous ces projets ! L&rsquo;int\u00e9r\u00eat actuel des organisations en Suisse devrait se porter sur le projet Jeunesse+Sport, car il permettra au sport de se d\u00e9velopper et la reconnaissance au niveau national suivra par la suite. <\/p>\n\n<p>Le Parkour fait l&rsquo;objet d&rsquo;une grande attention en mati\u00e8re de politique sportive. Nous faisons actuellement le travail n\u00e9cessaire pour que les pratiquants du parkour puissent encore gouverner et d\u00e9velopper leur vision du parkour \u00e0 l&rsquo;avenir. Pour r\u00e9ussir, il est fondamental que nous puissions compter sur chaque c\u0153ur de parkour de notre solide communaut\u00e9. De nombreuses heures de travail b\u00e9n\u00e9vole sont encore effectu\u00e9es chaque semaine.   <\/p>\n\n<p>Pour faire un don \u00e0 la SPKA, veuillez <a href=\"https:\/\/www.spka.ch\/fr\/contact\" target=\"_blank\" rel=\"noopener\">nous contacter.<\/a> <\/p>\n\n<p><\/p>\n","protected":false},"excerpt":{"rendered":"<p>Faire un don \u00e0 la SPKA La SPKA pose actuellement des jalons cruciaux pour l&rsquo;\u00e9tablissement du parkour au sein des structures sportives suisses. Toutes les t\u00e2ches dont nous nous occupons actuellement font partie de la construction d&rsquo;une plateforme qui permet au parkour de continuer \u00e0 se d\u00e9velopper en tant que mouvement communautaire et donc de [&hellip;]<\/p>\n","protected":false},"author":2,"featured_media":0,"parent":0,"menu_order":0,"comment_status":"closed","ping_status":"closed","template":"","meta":{"footnotes":""},"class_list":["post-1022","page","type-page","status-publish","hentry"],"blocksy_meta":[],"yoast_head":"<!-- This site is optimized with the Yoast SEO plugin v27.2 - https:\/\/yoast.com\/product\/yoast-seo-wordpress\/ -->\n<title>Faire un don \u00e0 la SPKA - Swiss Parkour Association<\/title>\n<meta name=\"robots\" content=\"index, follow, max-snippet:-1, max-image-preview:large, max-video-preview:-1\" \/>\n<link rel=\"canonical\" href=\"https:\/\/www.spka.ch\/fr\/donations\/\" \/>\n<meta property=\"og:locale\" content=\"fr_FR\" \/>\n<meta property=\"og:type\" content=\"article\" \/>\n<meta property=\"og:title\" content=\"Faire un don \u00e0 la SPKA - Swiss Parkour Association\" \/>\n<meta property=\"og:description\" content=\"Faire un don \u00e0 la SPKA La SPKA pose actuellement des jalons cruciaux pour l&rsquo;\u00e9tablissement du parkour au sein des structures sportives suisses. Toutes les t\u00e2ches dont nous nous occupons actuellement font partie de la construction d&rsquo;une plateforme qui permet au parkour de continuer \u00e0 se d\u00e9velopper en tant que mouvement communautaire et donc de [&hellip;]\" \/>\n<meta property=\"og:url\" content=\"https:\/\/www.spka.ch\/fr\/donations\/\" \/>\n<meta property=\"og:site_name\" content=\"Swiss Parkour Association\" \/>\n<meta property=\"article:modified_time\" content=\"2025-09-03T09:59:59+00:00\" \/>\n<meta name=\"twitter:card\" content=\"summary_large_image\" \/>\n<meta name=\"twitter:label1\" content=\"Dur\u00e9e de lecture estim\u00e9e\" \/>\n\t<meta name=\"twitter:data1\" content=\"2 minutes\" \/>\n<script type=\"application\/ld+json\" class=\"yoast-schema-graph\">{\"@context\":\"https:\/\/schema.org\",\"@graph\":[{\"@type\":\"WebPage\",\"@id\":\"https:\/\/www.spka.ch\/fr\/donations\/\",\"url\":\"https:\/\/www.spka.ch\/fr\/donations\/\",\"name\":\"Faire un don \u00e0 la SPKA - Swiss Parkour Association\",\"isPartOf\":{\"@id\":\"https:\/\/spka-wordpress-fhf0e0dzb2bveydb.switzerlandnorth-01.azurewebsites.net\/en\/#website\"},\"datePublished\":\"2025-02-24T16:50:59+00:00\",\"dateModified\":\"2025-09-03T09:59:59+00:00\",\"breadcrumb\":{\"@id\":\"https:\/\/www.spka.ch\/fr\/donations\/#breadcrumb\"},\"inLanguage\":\"fr-FR\",\"potentialAction\":[{\"@type\":\"ReadAction\",\"target\":[\"https:\/\/www.spka.ch\/fr\/donations\/\"]}]},{\"@type\":\"BreadcrumbList\",\"@id\":\"https:\/\/www.spka.ch\/fr\/donations\/#breadcrumb\",\"itemListElement\":[{\"@type\":\"ListItem\",\"position\":1,\"name\":\"Home\",\"item\":\"https:\/\/spka.ch\/fr\/\"},{\"@type\":\"ListItem\",\"position\":2,\"name\":\"Faire un don \u00e0 la SPKA\"}]},{\"@type\":\"WebSite\",\"@id\":\"https:\/\/spka-wordpress-fhf0e0dzb2bveydb.switzerlandnorth-01.azurewebsites.net\/en\/#website\",\"url\":\"https:\/\/spka-wordpress-fhf0e0dzb2bveydb.switzerlandnorth-01.azurewebsites.net\/en\/\",\"name\":\"Swiss Parkour Association\",\"description\":\"\",\"publisher\":{\"@id\":\"https:\/\/spka-wordpress-fhf0e0dzb2bveydb.switzerlandnorth-01.azurewebsites.net\/en\/#organization\"},\"potentialAction\":[{\"@type\":\"SearchAction\",\"target\":{\"@type\":\"EntryPoint\",\"urlTemplate\":\"https:\/\/spka-wordpress-fhf0e0dzb2bveydb.switzerlandnorth-01.azurewebsites.net\/en\/?s={search_term_string}\"},\"query-input\":{\"@type\":\"PropertyValueSpecification\",\"valueRequired\":true,\"valueName\":\"search_term_string\"}}],\"inLanguage\":\"fr-FR\"},{\"@type\":\"Organization\",\"@id\":\"https:\/\/spka-wordpress-fhf0e0dzb2bveydb.switzerlandnorth-01.azurewebsites.net\/en\/#organization\",\"name\":\"Swiss Parkour Association\",\"url\":\"https:\/\/spka-wordpress-fhf0e0dzb2bveydb.switzerlandnorth-01.azurewebsites.net\/en\/\",\"logo\":{\"@type\":\"ImageObject\",\"inLanguage\":\"fr-FR\",\"@id\":\"https:\/\/spka-wordpress-fhf0e0dzb2bveydb.switzerlandnorth-01.azurewebsites.net\/en\/#\/schema\/logo\/image\/\",\"url\":\"\/wp-content\/uploads\/logo-dark-circle.png\",\"contentUrl\":\"\/wp-content\/uploads\/logo-dark-circle.png\",\"width\":527,\"height\":527,\"caption\":\"Swiss Parkour Association\"},\"image\":{\"@id\":\"https:\/\/spka-wordpress-fhf0e0dzb2bveydb.switzerlandnorth-01.azurewebsites.net\/en\/#\/schema\/logo\/image\/\"},\"sameAs\":[\"https:\/\/www.instagram.com\/spka.swiss\/\"]}]}<\/script>\n<!-- \/ Yoast SEO plugin. -->","yoast_head_json":{"title":"Faire un don \u00e0 la SPKA - Swiss Parkour Association","robots":{"index":"index","follow":"follow","max-snippet":"max-snippet:-1","max-image-preview":"max-image-preview:large","max-video-preview":"max-video-preview:-1"},"canonical":"https:\/\/www.spka.ch\/fr\/donations\/","og_locale":"fr_FR","og_type":"article","og_title":"Faire un don \u00e0 la SPKA - Swiss Parkour Association","og_description":"Faire un don \u00e0 la SPKA La SPKA pose actuellement des jalons cruciaux pour l&rsquo;\u00e9tablissement du parkour au sein des structures sportives suisses. Toutes les t\u00e2ches dont nous nous occupons actuellement font partie de la construction d&rsquo;une plateforme qui permet au parkour de continuer \u00e0 se d\u00e9velopper en tant que mouvement communautaire et donc de [&hellip;]","og_url":"https:\/\/www.spka.ch\/fr\/donations\/","og_site_name":"Swiss Parkour Association","article_modified_time":"2025-09-03T09:59:59+00:00","twitter_card":"summary_large_image","twitter_misc":{"Dur\u00e9e de lecture estim\u00e9e":"2 minutes"},"schema":{"@context":"https:\/\/schema.org","@graph":[{"@type":"WebPage","@id":"https:\/\/www.spka.ch\/fr\/donations\/","url":"https:\/\/www.spka.ch\/fr\/donations\/","name":"Faire un don \u00e0 la SPKA - Swiss Parkour Association","isPartOf":{"@id":"https:\/\/spka-wordpress-fhf0e0dzb2bveydb.switzerlandnorth-01.azurewebsites.net\/en\/#website"},"datePublished":"2025-02-24T16:50:59+00:00","dateModified":"2025-09-03T09:59:59+00:00","breadcrumb":{"@id":"https:\/\/www.spka.ch\/fr\/donations\/#breadcrumb"},"inLanguage":"fr-FR","potentialAction":[{"@type":"ReadAction","target":["https:\/\/www.spka.ch\/fr\/donations\/"]}]},{"@type":"BreadcrumbList","@id":"https:\/\/www.spka.ch\/fr\/donations\/#breadcrumb","itemListElement":[{"@type":"ListItem","position":1,"name":"Home","item":"https:\/\/spka.ch\/fr\/"},{"@type":"ListItem","position":2,"name":"Faire un don \u00e0 la SPKA"}]},{"@type":"WebSite","@id":"https:\/\/spka-wordpress-fhf0e0dzb2bveydb.switzerlandnorth-01.azurewebsites.net\/en\/#website","url":"https:\/\/spka-wordpress-fhf0e0dzb2bveydb.switzerlandnorth-01.azurewebsites.net\/en\/","name":"Swiss Parkour Association","description":"","publisher":{"@id":"https:\/\/spka-wordpress-fhf0e0dzb2bveydb.switzerlandnorth-01.azurewebsites.net\/en\/#organization"},"potentialAction":[{"@type":"SearchAction","target":{"@type":"EntryPoint","urlTemplate":"https:\/\/spka-wordpress-fhf0e0dzb2bveydb.switzerlandnorth-01.azurewebsites.net\/en\/?s={search_term_string}"},"query-input":{"@type":"PropertyValueSpecification","valueRequired":true,"valueName":"search_term_string"}}],"inLanguage":"fr-FR"},{"@type":"Organization","@id":"https:\/\/spka-wordpress-fhf0e0dzb2bveydb.switzerlandnorth-01.azurewebsites.net\/en\/#organization","name":"Swiss Parkour Association","url":"https:\/\/spka-wordpress-fhf0e0dzb2bveydb.switzerlandnorth-01.azurewebsites.net\/en\/","logo":{"@type":"ImageObject","inLanguage":"fr-FR","@id":"https:\/\/spka-wordpress-fhf0e0dzb2bveydb.switzerlandnorth-01.azurewebsites.net\/en\/#\/schema\/logo\/image\/","url":"\/wp-content\/uploads\/logo-dark-circle.png","contentUrl":"\/wp-content\/uploads\/logo-dark-circle.png","width":527,"height":527,"caption":"Swiss Parkour Association"},"image":{"@id":"https:\/\/spka-wordpress-fhf0e0dzb2bveydb.switzerlandnorth-01.azurewebsites.net\/en\/#\/schema\/logo\/image\/"},"sameAs":["https:\/\/www.instagram.com\/spka.swiss\/"]}]}},"jetpack_sharing_enabled":true,"jetpack_shortlink":"https:\/\/wp.me\/PgGha7-gu","_links":{"self":[{"href":"https:\/\/www.spka.ch\/fr\/wp-json\/wp\/v2\/pages\/1022","targetHints":{"allow":["GET"]}}],"collection":[{"href":"https:\/\/www.spka.ch\/fr\/wp-json\/wp\/v2\/pages"}],"about":[{"href":"https:\/\/www.spka.ch\/fr\/wp-json\/wp\/v2\/types\/page"}],"author":[{"embeddable":true,"href":"https:\/\/www.spka.ch\/fr\/wp-json\/wp\/v2\/users\/2"}],"replies":[{"embeddable":true,"href":"https:\/\/www.spka.ch\/fr\/wp-json\/wp\/v2\/comments?post=1022"}],"version-history":[{"count":5,"href":"https:\/\/www.spka.ch\/fr\/wp-json\/wp\/v2\/pages\/1022\/revisions"}],"predecessor-version":[{"id":1255,"href":"https:\/\/www.spka.ch\/fr\/wp-json\/wp\/v2\/pages\/1022\/revisions\/1255"}],"wp:attachment":[{"href":"https:\/\/www.spka.ch\/fr\/wp-json\/wp\/v2\/media?parent=1022"}],"curies":[{"name":"wp","href":"https:\/\/api.w.org\/{rel}","templated":true}]}}