{"id":1171,"date":"2025-02-24T17:51:04","date_gmt":"2025-02-24T16:51:04","guid":{"rendered":"https:\/\/webstaging.spka.ch\/pour-les-particuliers\/"},"modified":"2025-09-03T12:03:06","modified_gmt":"2025-09-03T10:03:06","slug":"join-spka-individual","status":"publish","type":"page","link":"https:\/\/www.spka.ch\/fr\/join-spka-individual\/","title":{"rendered":"Pour les particuliers"},"content":{"rendered":"\n<h2 class=\"wp-block-heading\">Rejoignez la SPKA en tant qu&rsquo;individu<\/h2>\n\n<p><strong>Nous vous remercions de l&rsquo;int\u00e9r\u00eat que vous portez \u00e0 l&rsquo;adh\u00e9sion \u00e0 la Swiss Parkour Association. Gr\u00e2ce \u00e0 votre soutien, l&rsquo;importance du parkour dans le domaine de la promotion de la sant\u00e9, du sport et de la culture grandit de jour en jour. <\/strong><\/p>\n\n<p>Si vous souhaitez adh\u00e9rer \u00e0 la Swiss Parkour Association \u00e0 titre priv\u00e9, rien ne s&rsquo;y oppose. En devenant membre \u00e0 titre priv\u00e9, vous soutenez les projets de la SPKA et acceptez les valeurs et l&rsquo;\u00e9thique que nous repr\u00e9sentons. L&rsquo;adh\u00e9sion \u00e0 titre priv\u00e9 convient \u00e0 toute personne qui pratique elle-m\u00eame le parkour, mais qui n&rsquo;est pas membre d&rsquo;une organisation de parkour. L&rsquo;adh\u00e9sion est possible si vous vous engagez pour le parkour ou si vous souhaitez voir ce sport se d\u00e9velopper en Suisse. Si c&rsquo;est le cas et que vous souhaitez vous impliquer au-del\u00e0 de l&rsquo;adh\u00e9sion, jetez un coup d&rsquo;\u0153il \u00e0 la section b\u00e9n\u00e9volat (Lien).    <\/p>\n\n<p>En devenant membre de la SPKA, vous b\u00e9n\u00e9ficiez des avantages suivants :<\/p>\n\n<ul class=\"wp-block-list\">\n<li>Frais de participation r\u00e9duits pour le Swiss Parkour Tour<\/li>\n\n\n\n<li>Vous recevrez r\u00e9guli\u00e8rement une lettre d&rsquo;information sur les activit\u00e9s de l&rsquo;Association.<\/li>\n\n\n\n<li>Vous disposez d&rsquo;une voix \u00e0 l&rsquo;assembl\u00e9e g\u00e9n\u00e9rale annuelle (d&rsquo;une valeur \u00e9gale \u00e0 celle d&rsquo;un club).<\/li>\n\n\n\n<li>Vous soutenez directement les projets de la SPKA<\/li>\n\n\n\n<li>Vous avez la possibilit\u00e9 de promouvoir vos propres projets (en rapport avec le parkour) via la SPKA.<\/li>\n<\/ul>\n\n<p>L&rsquo;adh\u00e9sion pour les particuliers est de 30 CHF par an. En entrant vos coordonn\u00e9es, vous acceptez notre vision et notre mission et vous vous inscrivez officiellement en tant que membre de SPKA. Vous recevrez le bulletin de versement par e-mail apr\u00e8s votre inscription. Une fois le paiement re\u00e7u, vous recevrez une confirmation officielle par e-mail et votre adh\u00e9sion deviendra active.    <\/p>\n\n<div class=\"wp-block-group alignfull has-text-color has-background is-layout-flow wp-block-group-is-layout-flow\" style=\"color:#000000;background-color:#ffffff\">\n<div style=\"height:64px\" aria-hidden=\"true\" class=\"wp-block-spacer\"><\/div>\n\n\n\n<h2 class=\"wp-block-heading has-text-align-center\" id=\"schedule-a-visit\" style=\"font-size:clamp(32.969px, 2.061rem + ((1vw - 3.2px) * 2.034), 59px);px;line-height:1.15\"><strong>Rejoignez la SPKA<\/strong><\/h2>\n\n\n\n<div class=\"wp-block-buttons is-horizontal is-content-justification-center is-layout-flex wp-container-core-buttons-is-layout-03627597 wp-block-buttons-is-layout-flex\">\n<div class=\"wp-block-button has-custom-width wp-block-button__width-50\"><a class=\"wp-block-button__link has-text-color has-background wp-element-button\" href=\"https:\/\/forms.office.com\/e\/uWVy66jM5H\" style=\"border-radius:50px;color:#ffffff;background-color:#000000\">Inscrivez-vous maintenant en tant qu&rsquo;individu<\/a><\/div>\n<\/div>\n\n\n\n<div style=\"height:64px\" aria-hidden=\"true\" class=\"wp-block-spacer\"><\/div>\n<\/div>\n\n<h2 class=\"wp-block-heading\">Annulation<\/h2>\n\n<p>L&rsquo;annulation peut se faire \u00e0 la fin de l&rsquo;ann\u00e9e civile en cours, moyennant un pr\u00e9avis de 30 jours. <a href=\"\/fr\/?page_id=1026\">Contactez nous<\/a>.<\/p>\n\n<p><\/p>\n","protected":false},"excerpt":{"rendered":"<p>Rejoignez la SPKA en tant qu&rsquo;individu Nous vous remercions de l&rsquo;int\u00e9r\u00eat que vous portez \u00e0 l&rsquo;adh\u00e9sion \u00e0 la Swiss Parkour Association. Gr\u00e2ce \u00e0 votre soutien, l&rsquo;importance du parkour dans le domaine de la promotion de la sant\u00e9, du sport et de la culture grandit de jour en jour. Si vous souhaitez adh\u00e9rer \u00e0 la Swiss [&hellip;]<\/p>\n","protected":false},"author":2,"featured_media":590,"parent":0,"menu_order":0,"comment_status":"closed","ping_status":"closed","template":"","meta":{"footnotes":""},"class_list":["post-1171","page","type-page","status-publish","has-post-thumbnail","hentry"],"blocksy_meta":[],"yoast_head":"<!-- This site is optimized with the Yoast SEO plugin v27.2 - https:\/\/yoast.com\/product\/yoast-seo-wordpress\/ -->\n<title>Pour les particuliers - Swiss Parkour Association<\/title>\n<meta name=\"robots\" content=\"index, follow, max-snippet:-1, max-image-preview:large, max-video-preview:-1\" \/>\n<link rel=\"canonical\" href=\"https:\/\/www.spka.ch\/fr\/join-spka-individual\/\" \/>\n<meta property=\"og:locale\" content=\"fr_FR\" \/>\n<meta property=\"og:type\" content=\"article\" \/>\n<meta property=\"og:title\" content=\"Pour les particuliers - Swiss Parkour Association\" \/>\n<meta property=\"og:description\" content=\"Rejoignez la SPKA en tant qu&rsquo;individu Nous vous remercions de l&rsquo;int\u00e9r\u00eat que vous portez \u00e0 l&rsquo;adh\u00e9sion \u00e0 la Swiss Parkour Association. Gr\u00e2ce \u00e0 votre soutien, l&rsquo;importance du parkour dans le domaine de la promotion de la sant\u00e9, du sport et de la culture grandit de jour en jour. Si vous souhaitez adh\u00e9rer \u00e0 la Swiss [&hellip;]\" \/>\n<meta property=\"og:url\" content=\"https:\/\/www.spka.ch\/fr\/join-spka-individual\/\" \/>\n<meta property=\"og:site_name\" content=\"Swiss Parkour Association\" \/>\n<meta property=\"article:modified_time\" content=\"2025-09-03T10:03:06+00:00\" \/>\n<meta property=\"og:image\" content=\"https:\/\/www.spka.ch\/wp-content\/uploads\/Gros-_R3A0023.jpeg\" \/>\n\t<meta property=\"og:image:width\" content=\"1280\" \/>\n\t<meta property=\"og:image:height\" content=\"853\" \/>\n\t<meta property=\"og:image:type\" content=\"image\/jpeg\" \/>\n<meta name=\"twitter:card\" content=\"summary_large_image\" \/>\n<meta name=\"twitter:label1\" content=\"Dur\u00e9e de lecture estim\u00e9e\" \/>\n\t<meta name=\"twitter:data1\" content=\"2 minutes\" \/>\n<script type=\"application\/ld+json\" class=\"yoast-schema-graph\">{\"@context\":\"https:\/\/schema.org\",\"@graph\":[{\"@type\":\"WebPage\",\"@id\":\"https:\/\/www.spka.ch\/fr\/join-spka-individual\/\",\"url\":\"https:\/\/www.spka.ch\/fr\/join-spka-individual\/\",\"name\":\"Pour les particuliers - Swiss Parkour Association\",\"isPartOf\":{\"@id\":\"https:\/\/spka-wordpress-fhf0e0dzb2bveydb.switzerlandnorth-01.azurewebsites.net\/en\/#website\"},\"primaryImageOfPage\":{\"@id\":\"https:\/\/www.spka.ch\/fr\/join-spka-individual\/#primaryimage\"},\"image\":{\"@id\":\"https:\/\/www.spka.ch\/fr\/join-spka-individual\/#primaryimage\"},\"thumbnailUrl\":\"\/wp-content\/uploads\/Gros-_R3A0023.jpeg\",\"datePublished\":\"2025-02-24T16:51:04+00:00\",\"dateModified\":\"2025-09-03T10:03:06+00:00\",\"breadcrumb\":{\"@id\":\"https:\/\/www.spka.ch\/fr\/join-spka-individual\/#breadcrumb\"},\"inLanguage\":\"fr-FR\",\"potentialAction\":[{\"@type\":\"ReadAction\",\"target\":[\"https:\/\/www.spka.ch\/fr\/join-spka-individual\/\"]}]},{\"@type\":\"ImageObject\",\"inLanguage\":\"fr-FR\",\"@id\":\"https:\/\/www.spka.ch\/fr\/join-spka-individual\/#primaryimage\",\"url\":\"\/wp-content\/uploads\/Gros-_R3A0023.jpeg\",\"contentUrl\":\"\/wp-content\/uploads\/Gros-_R3A0023.jpeg\",\"width\":1280,\"height\":853,\"caption\":\"Parkour Wallspin\"},{\"@type\":\"BreadcrumbList\",\"@id\":\"https:\/\/www.spka.ch\/fr\/join-spka-individual\/#breadcrumb\",\"itemListElement\":[{\"@type\":\"ListItem\",\"position\":1,\"name\":\"Home\",\"item\":\"https:\/\/spka.ch\/fr\/\"},{\"@type\":\"ListItem\",\"position\":2,\"name\":\"Pour les particuliers\"}]},{\"@type\":\"WebSite\",\"@id\":\"https:\/\/spka-wordpress-fhf0e0dzb2bveydb.switzerlandnorth-01.azurewebsites.net\/en\/#website\",\"url\":\"https:\/\/spka-wordpress-fhf0e0dzb2bveydb.switzerlandnorth-01.azurewebsites.net\/en\/\",\"name\":\"Swiss Parkour Association\",\"description\":\"\",\"publisher\":{\"@id\":\"https:\/\/spka-wordpress-fhf0e0dzb2bveydb.switzerlandnorth-01.azurewebsites.net\/en\/#organization\"},\"potentialAction\":[{\"@type\":\"SearchAction\",\"target\":{\"@type\":\"EntryPoint\",\"urlTemplate\":\"https:\/\/spka-wordpress-fhf0e0dzb2bveydb.switzerlandnorth-01.azurewebsites.net\/en\/?s={search_term_string}\"},\"query-input\":{\"@type\":\"PropertyValueSpecification\",\"valueRequired\":true,\"valueName\":\"search_term_string\"}}],\"inLanguage\":\"fr-FR\"},{\"@type\":\"Organization\",\"@id\":\"https:\/\/spka-wordpress-fhf0e0dzb2bveydb.switzerlandnorth-01.azurewebsites.net\/en\/#organization\",\"name\":\"Swiss Parkour Association\",\"url\":\"https:\/\/spka-wordpress-fhf0e0dzb2bveydb.switzerlandnorth-01.azurewebsites.net\/en\/\",\"logo\":{\"@type\":\"ImageObject\",\"inLanguage\":\"fr-FR\",\"@id\":\"https:\/\/spka-wordpress-fhf0e0dzb2bveydb.switzerlandnorth-01.azurewebsites.net\/en\/#\/schema\/logo\/image\/\",\"url\":\"\/wp-content\/uploads\/logo-dark-circle.png\",\"contentUrl\":\"\/wp-content\/uploads\/logo-dark-circle.png\",\"width\":527,\"height\":527,\"caption\":\"Swiss Parkour Association\"},\"image\":{\"@id\":\"https:\/\/spka-wordpress-fhf0e0dzb2bveydb.switzerlandnorth-01.azurewebsites.net\/en\/#\/schema\/logo\/image\/\"},\"sameAs\":[\"https:\/\/www.instagram.com\/spka.swiss\/\"]}]}<\/script>\n<!-- \/ Yoast SEO plugin. -->","yoast_head_json":{"title":"Pour les particuliers - Swiss Parkour Association","robots":{"index":"index","follow":"follow","max-snippet":"max-snippet:-1","max-image-preview":"max-image-preview:large","max-video-preview":"max-video-preview:-1"},"canonical":"https:\/\/www.spka.ch\/fr\/join-spka-individual\/","og_locale":"fr_FR","og_type":"article","og_title":"Pour les particuliers - Swiss Parkour Association","og_description":"Rejoignez la SPKA en tant qu&rsquo;individu Nous vous remercions de l&rsquo;int\u00e9r\u00eat que vous portez \u00e0 l&rsquo;adh\u00e9sion \u00e0 la Swiss Parkour Association. Gr\u00e2ce \u00e0 votre soutien, l&rsquo;importance du parkour dans le domaine de la promotion de la sant\u00e9, du sport et de la culture grandit de jour en jour. Si vous souhaitez adh\u00e9rer \u00e0 la Swiss [&hellip;]","og_url":"https:\/\/www.spka.ch\/fr\/join-spka-individual\/","og_site_name":"Swiss Parkour Association","article_modified_time":"2025-09-03T10:03:06+00:00","og_image":[{"width":1280,"height":853,"url":"https:\/\/www.spka.ch\/wp-content\/uploads\/Gros-_R3A0023.jpeg","type":"image\/jpeg"}],"twitter_card":"summary_large_image","twitter_misc":{"Dur\u00e9e de lecture estim\u00e9e":"2 minutes"},"schema":{"@context":"https:\/\/schema.org","@graph":[{"@type":"WebPage","@id":"https:\/\/www.spka.ch\/fr\/join-spka-individual\/","url":"https:\/\/www.spka.ch\/fr\/join-spka-individual\/","name":"Pour les particuliers - Swiss Parkour Association","isPartOf":{"@id":"https:\/\/spka-wordpress-fhf0e0dzb2bveydb.switzerlandnorth-01.azurewebsites.net\/en\/#website"},"primaryImageOfPage":{"@id":"https:\/\/www.spka.ch\/fr\/join-spka-individual\/#primaryimage"},"image":{"@id":"https:\/\/www.spka.ch\/fr\/join-spka-individual\/#primaryimage"},"thumbnailUrl":"\/wp-content\/uploads\/Gros-_R3A0023.jpeg","datePublished":"2025-02-24T16:51:04+00:00","dateModified":"2025-09-03T10:03:06+00:00","breadcrumb":{"@id":"https:\/\/www.spka.ch\/fr\/join-spka-individual\/#breadcrumb"},"inLanguage":"fr-FR","potentialAction":[{"@type":"ReadAction","target":["https:\/\/www.spka.ch\/fr\/join-spka-individual\/"]}]},{"@type":"ImageObject","inLanguage":"fr-FR","@id":"https:\/\/www.spka.ch\/fr\/join-spka-individual\/#primaryimage","url":"\/wp-content\/uploads\/Gros-_R3A0023.jpeg","contentUrl":"\/wp-content\/uploads\/Gros-_R3A0023.jpeg","width":1280,"height":853,"caption":"Parkour Wallspin"},{"@type":"BreadcrumbList","@id":"https:\/\/www.spka.ch\/fr\/join-spka-individual\/#breadcrumb","itemListElement":[{"@type":"ListItem","position":1,"name":"Home","item":"https:\/\/spka.ch\/fr\/"},{"@type":"ListItem","position":2,"name":"Pour les particuliers"}]},{"@type":"WebSite","@id":"https:\/\/spka-wordpress-fhf0e0dzb2bveydb.switzerlandnorth-01.azurewebsites.net\/en\/#website","url":"https:\/\/spka-wordpress-fhf0e0dzb2bveydb.switzerlandnorth-01.azurewebsites.net\/en\/","name":"Swiss Parkour Association","description":"","publisher":{"@id":"https:\/\/spka-wordpress-fhf0e0dzb2bveydb.switzerlandnorth-01.azurewebsites.net\/en\/#organization"},"potentialAction":[{"@type":"SearchAction","target":{"@type":"EntryPoint","urlTemplate":"https:\/\/spka-wordpress-fhf0e0dzb2bveydb.switzerlandnorth-01.azurewebsites.net\/en\/?s={search_term_string}"},"query-input":{"@type":"PropertyValueSpecification","valueRequired":true,"valueName":"search_term_string"}}],"inLanguage":"fr-FR"},{"@type":"Organization","@id":"https:\/\/spka-wordpress-fhf0e0dzb2bveydb.switzerlandnorth-01.azurewebsites.net\/en\/#organization","name":"Swiss Parkour Association","url":"https:\/\/spka-wordpress-fhf0e0dzb2bveydb.switzerlandnorth-01.azurewebsites.net\/en\/","logo":{"@type":"ImageObject","inLanguage":"fr-FR","@id":"https:\/\/spka-wordpress-fhf0e0dzb2bveydb.switzerlandnorth-01.azurewebsites.net\/en\/#\/schema\/logo\/image\/","url":"\/wp-content\/uploads\/logo-dark-circle.png","contentUrl":"\/wp-content\/uploads\/logo-dark-circle.png","width":527,"height":527,"caption":"Swiss Parkour Association"},"image":{"@id":"https:\/\/spka-wordpress-fhf0e0dzb2bveydb.switzerlandnorth-01.azurewebsites.net\/en\/#\/schema\/logo\/image\/"},"sameAs":["https:\/\/www.instagram.com\/spka.swiss\/"]}]}},"jetpack_sharing_enabled":true,"jetpack_shortlink":"https:\/\/wp.me\/PgGha7-iT","_links":{"self":[{"href":"https:\/\/www.spka.ch\/fr\/wp-json\/wp\/v2\/pages\/1171","targetHints":{"allow":["GET"]}}],"collection":[{"href":"https:\/\/www.spka.ch\/fr\/wp-json\/wp\/v2\/pages"}],"about":[{"href":"https:\/\/www.spka.ch\/fr\/wp-json\/wp\/v2\/types\/page"}],"author":[{"embeddable":true,"href":"https:\/\/www.spka.ch\/fr\/wp-json\/wp\/v2\/users\/2"}],"replies":[{"embeddable":true,"href":"https:\/\/www.spka.ch\/fr\/wp-json\/wp\/v2\/comments?post=1171"}],"version-history":[{"count":6,"href":"https:\/\/www.spka.ch\/fr\/wp-json\/wp\/v2\/pages\/1171\/revisions"}],"predecessor-version":[{"id":1257,"href":"https:\/\/www.spka.ch\/fr\/wp-json\/wp\/v2\/pages\/1171\/revisions\/1257"}],"wp:featuredmedia":[{"embeddable":true,"href":"https:\/\/www.spka.ch\/fr\/wp-json\/wp\/v2\/media\/590"}],"wp:attachment":[{"href":"https:\/\/www.spka.ch\/fr\/wp-json\/wp\/v2\/media?parent=1171"}],"curies":[{"name":"wp","href":"https:\/\/api.w.org\/{rel}","templated":true}]}}