{"id":908,"date":"2025-02-24T17:52:34","date_gmt":"2025-02-24T16:52:34","guid":{"rendered":"https:\/\/webstaging.spka.ch\/le-parkour-en-suisse\/"},"modified":"2025-09-03T11:55:24","modified_gmt":"2025-09-03T09:55:24","slug":"parkour-in-switzerland","status":"publish","type":"page","link":"https:\/\/www.spka.ch\/fr\/parkour-in-switzerland\/","title":{"rendered":"Le Parkour en Suisse"},"content":{"rendered":"\n<div class=\"wp-block-cover alignfull has-parallax\"><span aria-hidden=\"true\" class=\"wp-block-cover__background has-palette-color-3-background-color has-background-dim\"><\/span><div aria-label=\"Saut de chat en Parkour\" class=\"wp-block-cover__image-background wp-image-593 has-parallax\" role=\"img\" style=\"background-position:50% 50%;background-image:url(\/wp-content\/uploads\/Gros-_R3A0038-1024x682.jpeg);\"><\/div><div class=\"wp-block-cover__inner-container is-layout-constrained wp-block-cover-is-layout-constrained\">\n<p class=\"has-text-align-center has-palette-color-2-color has-text-color has-link-color has-x-large-font-size wp-elements-cb36c2dfd52ae5037c96fdc1e7004761\"><strong>LE PARKOUR EN SUISSE<\/strong><\/p>\n<\/div><\/div>\n\n<p>La Suisse, avec ses paysages \u00e9poustouflants et ses environnements urbains prosp\u00e8res, est devenue une plaque tournante dynamique pour la communaut\u00e9 du parkour. Des rues anim\u00e9es de Zurich aux surfaces pierreuses du Tessin, la sc\u00e8ne suisse du parkour offre des possibilit\u00e9s d&rsquo;entra\u00eenement uniques et une communaut\u00e9 soud\u00e9e de traceurs passionn\u00e9s.  <\/p>\n\n<p>L&rsquo;histoire du parkour en Suisse remonte au d\u00e9but des ann\u00e9es 2000, lorsque des pionniers bernois ont commenc\u00e9 \u00e0 s&rsquo;entra\u00eener seuls et \u00e0 repousser leurs limites. Avec l&rsquo;impact des vid\u00e9os sur Internet, le sport s&rsquo;est r\u00e9pandu dans toutes les r\u00e9gions de Suisse o\u00f9 de petites organisations se sont cr\u00e9\u00e9es. L&rsquo;objectif principal de ces \u00e9quipes a toujours \u00e9t\u00e9 de s&rsquo;amuser en s&rsquo;entra\u00eenant ensemble, et ce jusqu&rsquo;en 2010 environ. La nouvelle d\u00e9cennie a commenc\u00e9 avec de nouvelles opportunit\u00e9s et les premiers cours de parkour ont \u00e9t\u00e9 offerts par ces \u00e9quipes, car la demande a augment\u00e9 rapidement. Des \u00e9quipes et des organisations ont \u00e9galement commenc\u00e9 \u00e0 organiser des \u00e9v\u00e9nements et des comp\u00e9titions au cours de cette phase initiale du parkour en Suisse. Au d\u00e9but de 2018, SPKA a \u00e9t\u00e9 cr\u00e9\u00e9 pour unir toutes les organisations de toute la Suisse avec l&rsquo;objectif principal de pousser la formation au parkour et d&rsquo;en faire un sport plus professionnel. <\/p>\n\n<p>La communaut\u00e9 du parkour en Suisse est connue pour son sens aigu de la camaraderie et du soutien. Les s\u00e9ances d&rsquo;entra\u00eenement ont souvent lieu dans des parkour-parks d\u00e9di\u00e9s, o\u00f9 des individus de tous niveaux peuvent se retrouver pour apprendre, partager leurs connaissances et s&rsquo;inspirer les uns les autres. Ces parcs sont \u00e9quip\u00e9s de structures sp\u00e9cifiques, telles que des murs, des barres et des plateformes, con\u00e7ues pour simuler les challenges rencontr\u00e9s dans les environnements urbains. La communaut\u00e9 suisse du parkour est fi\u00e8re de favoriser une atmosph\u00e8re accueillante et inclusive, encourageant les nouveaux venus \u00e0 se joindre et \u00e0 apprendre aupr\u00e8s de pratiquants exp\u00e9riment\u00e9s.<\/p>\n\n<p>Au-del\u00e0 des parkour-parks structur\u00e9s, la communaut\u00e9 en Suisse organise fr\u00e9quemment des sessions d&rsquo;entra\u00eenement et des \u00e9v\u00e9nements en plein air. Ces rassemblements tirent parti de la beaut\u00e9 naturelle du pays, offrant la possibilit\u00e9 d&rsquo;explorer de nouveaux lieux et de repousser les limites du possible en mati\u00e8re de parkour.  <\/p>\n\n<p class=\"has-medium-font-size\">En r\u00e9sum\u00e9, la Suisse s&rsquo;est impos\u00e9e comme une plaque tournante dynamique et influente pour la communaut\u00e9 du parkour. Le fort sentiment de communaut\u00e9, encourag\u00e9 par des parkour-parks d\u00e9di\u00e9s, des sessions en plein air et des \u00e9v\u00e8nements, cr\u00e9e un environnement favorable qui encourage la croissance, l&rsquo;exploration et l&rsquo;\u00e9tablissement de liens durables. Qu&rsquo;il s&rsquo;agisse de s&rsquo;\u00e9lever dans les rues de la ville ou de conqu\u00e9rir les obstacles de la nature, la communaut\u00e9 suisse du parkour incarne l&rsquo;esprit du mouvement, de la cr\u00e9ativit\u00e9 et de l&rsquo;unit\u00e9.<\/p>\n\n<figure class=\"wp-block-gallery alignfull has-nested-images columns-3 is-cropped wp-block-gallery-1 is-layout-flex wp-block-gallery-is-layout-flex\" style=\"border-style:none;border-width:0px;border-radius:0px\">\n<figure class=\"wp-block-image size-full is-style-default\"><a href=\"\/wp-content\/uploads\/2022_08_13-Parkour-SPKA-Jam-Aarau-20220813_DSC_0198-2_exp-scaled.jpeg\" target=\"_blank\"><img loading=\"lazy\" decoding=\"async\" width=\"2560\" height=\"1707\" data-id=\"99\" src=\"\/wp-content\/uploads\/2022_08_13-Parkour-SPKA-Jam-Aarau-20220813_DSC_0198-2_exp-scaled.jpeg\" alt=\"\" class=\"wp-image-99\" srcset=\"\/wp-content\/uploads\/2022_08_13-Parkour-SPKA-Jam-Aarau-20220813_DSC_0198-2_exp-scaled.jpeg 2560w, \/wp-content\/uploads\/2022_08_13-Parkour-SPKA-Jam-Aarau-20220813_DSC_0198-2_exp-300x200.jpeg 300w, \/wp-content\/uploads\/2022_08_13-Parkour-SPKA-Jam-Aarau-20220813_DSC_0198-2_exp-1024x683.jpeg 1024w, \/wp-content\/uploads\/2022_08_13-Parkour-SPKA-Jam-Aarau-20220813_DSC_0198-2_exp-768x512.jpeg 768w, \/wp-content\/uploads\/2022_08_13-Parkour-SPKA-Jam-Aarau-20220813_DSC_0198-2_exp-1536x1024.jpeg 1536w, \/wp-content\/uploads\/2022_08_13-Parkour-SPKA-Jam-Aarau-20220813_DSC_0198-2_exp-2048x1365.jpeg 2048w\" sizes=\"auto, (max-width: 2560px) 100vw, 2560px\" \/><\/a><figcaption class=\"wp-element-caption\">Enfant franchissant des obstacles<\/figcaption><\/figure>\n\n\n\n<figure class=\"wp-block-image size-full\"><a href=\"\/wp-content\/uploads\/Gros-_R3A0023.jpeg\" target=\"_blank\"><img loading=\"lazy\" decoding=\"async\" width=\"1280\" height=\"853\" data-id=\"100\" src=\"\/wp-content\/uploads\/Gros-_R3A0023.jpeg\" alt=\"\" class=\"wp-image-100\" srcset=\"\/wp-content\/uploads\/Gros-_R3A0023.jpeg 1280w, \/wp-content\/uploads\/Gros-_R3A0023-300x200.jpeg 300w, \/wp-content\/uploads\/Gros-_R3A0023-1024x682.jpeg 1024w, \/wp-content\/uploads\/Gros-_R3A0023-768x512.jpeg 768w\" sizes=\"auto, (max-width: 1280px) 100vw, 1280px\" \/><\/a><figcaption class=\"wp-element-caption\">Parkour Wallspin<\/figcaption><\/figure>\n\n\n\n<figure class=\"wp-block-image size-full\"><a href=\"\/wp-content\/uploads\/Gros-_R3A0038.jpeg\" target=\"_blank\"><img loading=\"lazy\" decoding=\"async\" width=\"1280\" height=\"853\" data-id=\"101\" src=\"\/wp-content\/uploads\/Gros-_R3A0038.jpeg\" alt=\"\" class=\"wp-image-101\" srcset=\"\/wp-content\/uploads\/Gros-_R3A0038.jpeg 1280w, \/wp-content\/uploads\/Gros-_R3A0038-300x200.jpeg 300w, \/wp-content\/uploads\/Gros-_R3A0038-1024x682.jpeg 1024w, \/wp-content\/uploads\/Gros-_R3A0038-768x512.jpeg 768w\" sizes=\"auto, (max-width: 1280px) 100vw, 1280px\" \/><\/a><figcaption class=\"wp-element-caption\">Passage de chat en Parkour<\/figcaption><\/figure>\n\n\n\n<figure class=\"wp-block-image size-full\"><a href=\"\/wp-content\/uploads\/Gros-_R3A0055.jpeg\" target=\"_blank\"><img loading=\"lazy\" decoding=\"async\" width=\"1280\" height=\"853\" data-id=\"102\" src=\"\/wp-content\/uploads\/Gros-_R3A0055.jpeg\" alt=\"\" class=\"wp-image-102\" srcset=\"\/wp-content\/uploads\/Gros-_R3A0055.jpeg 1280w, \/wp-content\/uploads\/Gros-_R3A0055-300x200.jpeg 300w, \/wp-content\/uploads\/Gros-_R3A0055-1024x682.jpeg 1024w, \/wp-content\/uploads\/Gros-_R3A0055-768x512.jpeg 768w\" sizes=\"auto, (max-width: 1280px) 100vw, 1280px\" \/><\/a><figcaption class=\"wp-element-caption\">Session de Parkour<\/figcaption><\/figure>\n\n\n\n<figure class=\"wp-block-image size-full\"><a href=\"\/wp-content\/uploads\/Gros-SPTgenf_-59.jpeg\" target=\"_blank\"><img loading=\"lazy\" decoding=\"async\" width=\"1280\" height=\"853\" data-id=\"103\" src=\"\/wp-content\/uploads\/Gros-SPTgenf_-59.jpeg\" alt=\"\" class=\"wp-image-103\" srcset=\"\/wp-content\/uploads\/Gros-SPTgenf_-59.jpeg 1280w, \/wp-content\/uploads\/Gros-SPTgenf_-59-300x200.jpeg 300w, \/wp-content\/uploads\/Gros-SPTgenf_-59-1024x682.jpeg 1024w, \/wp-content\/uploads\/Gros-SPTgenf_-59-768x512.jpeg 768w\" sizes=\"auto, (max-width: 1280px) 100vw, 1280px\" \/><\/a><figcaption class=\"wp-element-caption\">Podium d&rsquo;une comp\u00e9tition de Parkour<\/figcaption><\/figure>\n\n\n\n<figure class=\"wp-block-image size-full\"><a href=\"\/wp-content\/uploads\/Gros-ZH-19.jpeg\" target=\"_blank\"><img loading=\"lazy\" decoding=\"async\" width=\"1280\" height=\"853\" data-id=\"104\" src=\"\/wp-content\/uploads\/Gros-ZH-19.jpeg\" alt=\"\" class=\"wp-image-104\" srcset=\"\/wp-content\/uploads\/Gros-ZH-19.jpeg 1280w, \/wp-content\/uploads\/Gros-ZH-19-300x200.jpeg 300w, \/wp-content\/uploads\/Gros-ZH-19-1024x682.jpeg 1024w, \/wp-content\/uploads\/Gros-ZH-19-768x512.jpeg 768w\" sizes=\"auto, (max-width: 1280px) 100vw, 1280px\" \/><\/a><figcaption class=\"wp-element-caption\">Repos lors d&rsquo;une session de Parkour<\/figcaption><\/figure>\n<\/figure>\n\n<hr class=\"wp-block-separator alignwide has-alpha-channel-opacity is-style-dots\"\/>\n\n<hr class=\"wp-block-separator alignwide has-alpha-channel-opacity is-style-dots\"\/>\n\n<p><\/p>\n","protected":false},"excerpt":{"rendered":"<p>La Suisse, avec ses paysages \u00e9poustouflants et ses environnements urbains prosp\u00e8res, est devenue une plaque tournante dynamique pour la communaut\u00e9 du parkour. Des rues anim\u00e9es de Zurich aux surfaces pierreuses du Tessin, la sc\u00e8ne suisse du parkour offre des possibilit\u00e9s d&rsquo;entra\u00eenement uniques et une communaut\u00e9 soud\u00e9e de traceurs passionn\u00e9s. L&rsquo;histoire du parkour en Suisse remonte [&hellip;]<\/p>\n","protected":false},"author":2,"featured_media":593,"parent":0,"menu_order":0,"comment_status":"closed","ping_status":"closed","template":"","meta":{"footnotes":""},"class_list":["post-908","page","type-page","status-publish","has-post-thumbnail","hentry"],"blocksy_meta":[],"yoast_head":"<!-- This site is optimized with the Yoast SEO plugin v27.2 - https:\/\/yoast.com\/product\/yoast-seo-wordpress\/ -->\n<title>Le Parkour en Suisse - Swiss Parkour Association<\/title>\n<meta name=\"robots\" content=\"index, follow, max-snippet:-1, max-image-preview:large, max-video-preview:-1\" \/>\n<link rel=\"canonical\" href=\"https:\/\/www.spka.ch\/fr\/parkour-in-switzerland\/\" \/>\n<meta property=\"og:locale\" content=\"fr_FR\" \/>\n<meta property=\"og:type\" content=\"article\" \/>\n<meta property=\"og:title\" content=\"Le Parkour en Suisse - Swiss Parkour Association\" \/>\n<meta property=\"og:description\" content=\"La Suisse, avec ses paysages \u00e9poustouflants et ses environnements urbains prosp\u00e8res, est devenue une plaque tournante dynamique pour la communaut\u00e9 du parkour. Des rues anim\u00e9es de Zurich aux surfaces pierreuses du Tessin, la sc\u00e8ne suisse du parkour offre des possibilit\u00e9s d&rsquo;entra\u00eenement uniques et une communaut\u00e9 soud\u00e9e de traceurs passionn\u00e9s. L&rsquo;histoire du parkour en Suisse remonte [&hellip;]\" \/>\n<meta property=\"og:url\" content=\"https:\/\/www.spka.ch\/fr\/parkour-in-switzerland\/\" \/>\n<meta property=\"og:site_name\" content=\"Swiss Parkour Association\" \/>\n<meta property=\"article:modified_time\" content=\"2025-09-03T09:55:24+00:00\" \/>\n<meta property=\"og:image\" content=\"https:\/\/www.spka.ch\/wp-content\/uploads\/Gros-_R3A0038.jpeg\" \/>\n\t<meta property=\"og:image:width\" content=\"1280\" \/>\n\t<meta property=\"og:image:height\" content=\"853\" \/>\n\t<meta property=\"og:image:type\" content=\"image\/jpeg\" \/>\n<meta name=\"twitter:card\" content=\"summary_large_image\" \/>\n<meta name=\"twitter:label1\" content=\"Dur\u00e9e de lecture estim\u00e9e\" \/>\n\t<meta name=\"twitter:data1\" content=\"3 minutes\" \/>\n<script type=\"application\/ld+json\" class=\"yoast-schema-graph\">{\"@context\":\"https:\/\/schema.org\",\"@graph\":[{\"@type\":\"WebPage\",\"@id\":\"https:\/\/www.spka.ch\/fr\/parkour-in-switzerland\/\",\"url\":\"https:\/\/www.spka.ch\/fr\/parkour-in-switzerland\/\",\"name\":\"Le Parkour en Suisse - Swiss Parkour Association\",\"isPartOf\":{\"@id\":\"https:\/\/spka-wordpress-fhf0e0dzb2bveydb.switzerlandnorth-01.azurewebsites.net\/en\/#website\"},\"primaryImageOfPage\":{\"@id\":\"https:\/\/www.spka.ch\/fr\/parkour-in-switzerland\/#primaryimage\"},\"image\":{\"@id\":\"https:\/\/www.spka.ch\/fr\/parkour-in-switzerland\/#primaryimage\"},\"thumbnailUrl\":\"\/wp-content\/uploads\/Gros-_R3A0038.jpeg\",\"datePublished\":\"2025-02-24T16:52:34+00:00\",\"dateModified\":\"2025-09-03T09:55:24+00:00\",\"breadcrumb\":{\"@id\":\"https:\/\/www.spka.ch\/fr\/parkour-in-switzerland\/#breadcrumb\"},\"inLanguage\":\"fr-FR\",\"potentialAction\":[{\"@type\":\"ReadAction\",\"target\":[\"https:\/\/www.spka.ch\/fr\/parkour-in-switzerland\/\"]}]},{\"@type\":\"ImageObject\",\"inLanguage\":\"fr-FR\",\"@id\":\"https:\/\/www.spka.ch\/fr\/parkour-in-switzerland\/#primaryimage\",\"url\":\"\/wp-content\/uploads\/Gros-_R3A0038.jpeg\",\"contentUrl\":\"\/wp-content\/uploads\/Gros-_R3A0038.jpeg\",\"width\":1280,\"height\":853,\"caption\":\"Saut de chat en Parkour\"},{\"@type\":\"BreadcrumbList\",\"@id\":\"https:\/\/www.spka.ch\/fr\/parkour-in-switzerland\/#breadcrumb\",\"itemListElement\":[{\"@type\":\"ListItem\",\"position\":1,\"name\":\"Home\",\"item\":\"https:\/\/spka.ch\/fr\/\"},{\"@type\":\"ListItem\",\"position\":2,\"name\":\"Le Parkour en Suisse\"}]},{\"@type\":\"WebSite\",\"@id\":\"https:\/\/spka-wordpress-fhf0e0dzb2bveydb.switzerlandnorth-01.azurewebsites.net\/en\/#website\",\"url\":\"https:\/\/spka-wordpress-fhf0e0dzb2bveydb.switzerlandnorth-01.azurewebsites.net\/en\/\",\"name\":\"Swiss Parkour Association\",\"description\":\"\",\"publisher\":{\"@id\":\"https:\/\/spka-wordpress-fhf0e0dzb2bveydb.switzerlandnorth-01.azurewebsites.net\/en\/#organization\"},\"potentialAction\":[{\"@type\":\"SearchAction\",\"target\":{\"@type\":\"EntryPoint\",\"urlTemplate\":\"https:\/\/spka-wordpress-fhf0e0dzb2bveydb.switzerlandnorth-01.azurewebsites.net\/en\/?s={search_term_string}\"},\"query-input\":{\"@type\":\"PropertyValueSpecification\",\"valueRequired\":true,\"valueName\":\"search_term_string\"}}],\"inLanguage\":\"fr-FR\"},{\"@type\":\"Organization\",\"@id\":\"https:\/\/spka-wordpress-fhf0e0dzb2bveydb.switzerlandnorth-01.azurewebsites.net\/en\/#organization\",\"name\":\"Swiss Parkour Association\",\"url\":\"https:\/\/spka-wordpress-fhf0e0dzb2bveydb.switzerlandnorth-01.azurewebsites.net\/en\/\",\"logo\":{\"@type\":\"ImageObject\",\"inLanguage\":\"fr-FR\",\"@id\":\"https:\/\/spka-wordpress-fhf0e0dzb2bveydb.switzerlandnorth-01.azurewebsites.net\/en\/#\/schema\/logo\/image\/\",\"url\":\"\/wp-content\/uploads\/logo-dark-circle.png\",\"contentUrl\":\"\/wp-content\/uploads\/logo-dark-circle.png\",\"width\":527,\"height\":527,\"caption\":\"Swiss Parkour Association\"},\"image\":{\"@id\":\"https:\/\/spka-wordpress-fhf0e0dzb2bveydb.switzerlandnorth-01.azurewebsites.net\/en\/#\/schema\/logo\/image\/\"},\"sameAs\":[\"https:\/\/www.instagram.com\/spka.swiss\/\"]}]}<\/script>\n<!-- \/ Yoast SEO plugin. -->","yoast_head_json":{"title":"Le Parkour en Suisse - Swiss Parkour Association","robots":{"index":"index","follow":"follow","max-snippet":"max-snippet:-1","max-image-preview":"max-image-preview:large","max-video-preview":"max-video-preview:-1"},"canonical":"https:\/\/www.spka.ch\/fr\/parkour-in-switzerland\/","og_locale":"fr_FR","og_type":"article","og_title":"Le Parkour en Suisse - Swiss Parkour Association","og_description":"La Suisse, avec ses paysages \u00e9poustouflants et ses environnements urbains prosp\u00e8res, est devenue une plaque tournante dynamique pour la communaut\u00e9 du parkour. Des rues anim\u00e9es de Zurich aux surfaces pierreuses du Tessin, la sc\u00e8ne suisse du parkour offre des possibilit\u00e9s d&rsquo;entra\u00eenement uniques et une communaut\u00e9 soud\u00e9e de traceurs passionn\u00e9s. L&rsquo;histoire du parkour en Suisse remonte [&hellip;]","og_url":"https:\/\/www.spka.ch\/fr\/parkour-in-switzerland\/","og_site_name":"Swiss Parkour Association","article_modified_time":"2025-09-03T09:55:24+00:00","og_image":[{"width":1280,"height":853,"url":"https:\/\/www.spka.ch\/wp-content\/uploads\/Gros-_R3A0038.jpeg","type":"image\/jpeg"}],"twitter_card":"summary_large_image","twitter_misc":{"Dur\u00e9e de lecture estim\u00e9e":"3 minutes"},"schema":{"@context":"https:\/\/schema.org","@graph":[{"@type":"WebPage","@id":"https:\/\/www.spka.ch\/fr\/parkour-in-switzerland\/","url":"https:\/\/www.spka.ch\/fr\/parkour-in-switzerland\/","name":"Le Parkour en Suisse - Swiss Parkour Association","isPartOf":{"@id":"https:\/\/spka-wordpress-fhf0e0dzb2bveydb.switzerlandnorth-01.azurewebsites.net\/en\/#website"},"primaryImageOfPage":{"@id":"https:\/\/www.spka.ch\/fr\/parkour-in-switzerland\/#primaryimage"},"image":{"@id":"https:\/\/www.spka.ch\/fr\/parkour-in-switzerland\/#primaryimage"},"thumbnailUrl":"\/wp-content\/uploads\/Gros-_R3A0038.jpeg","datePublished":"2025-02-24T16:52:34+00:00","dateModified":"2025-09-03T09:55:24+00:00","breadcrumb":{"@id":"https:\/\/www.spka.ch\/fr\/parkour-in-switzerland\/#breadcrumb"},"inLanguage":"fr-FR","potentialAction":[{"@type":"ReadAction","target":["https:\/\/www.spka.ch\/fr\/parkour-in-switzerland\/"]}]},{"@type":"ImageObject","inLanguage":"fr-FR","@id":"https:\/\/www.spka.ch\/fr\/parkour-in-switzerland\/#primaryimage","url":"\/wp-content\/uploads\/Gros-_R3A0038.jpeg","contentUrl":"\/wp-content\/uploads\/Gros-_R3A0038.jpeg","width":1280,"height":853,"caption":"Saut de chat en Parkour"},{"@type":"BreadcrumbList","@id":"https:\/\/www.spka.ch\/fr\/parkour-in-switzerland\/#breadcrumb","itemListElement":[{"@type":"ListItem","position":1,"name":"Home","item":"https:\/\/spka.ch\/fr\/"},{"@type":"ListItem","position":2,"name":"Le Parkour en Suisse"}]},{"@type":"WebSite","@id":"https:\/\/spka-wordpress-fhf0e0dzb2bveydb.switzerlandnorth-01.azurewebsites.net\/en\/#website","url":"https:\/\/spka-wordpress-fhf0e0dzb2bveydb.switzerlandnorth-01.azurewebsites.net\/en\/","name":"Swiss Parkour Association","description":"","publisher":{"@id":"https:\/\/spka-wordpress-fhf0e0dzb2bveydb.switzerlandnorth-01.azurewebsites.net\/en\/#organization"},"potentialAction":[{"@type":"SearchAction","target":{"@type":"EntryPoint","urlTemplate":"https:\/\/spka-wordpress-fhf0e0dzb2bveydb.switzerlandnorth-01.azurewebsites.net\/en\/?s={search_term_string}"},"query-input":{"@type":"PropertyValueSpecification","valueRequired":true,"valueName":"search_term_string"}}],"inLanguage":"fr-FR"},{"@type":"Organization","@id":"https:\/\/spka-wordpress-fhf0e0dzb2bveydb.switzerlandnorth-01.azurewebsites.net\/en\/#organization","name":"Swiss Parkour Association","url":"https:\/\/spka-wordpress-fhf0e0dzb2bveydb.switzerlandnorth-01.azurewebsites.net\/en\/","logo":{"@type":"ImageObject","inLanguage":"fr-FR","@id":"https:\/\/spka-wordpress-fhf0e0dzb2bveydb.switzerlandnorth-01.azurewebsites.net\/en\/#\/schema\/logo\/image\/","url":"\/wp-content\/uploads\/logo-dark-circle.png","contentUrl":"\/wp-content\/uploads\/logo-dark-circle.png","width":527,"height":527,"caption":"Swiss Parkour Association"},"image":{"@id":"https:\/\/spka-wordpress-fhf0e0dzb2bveydb.switzerlandnorth-01.azurewebsites.net\/en\/#\/schema\/logo\/image\/"},"sameAs":["https:\/\/www.instagram.com\/spka.swiss\/"]}]}},"jetpack_sharing_enabled":true,"jetpack_shortlink":"https:\/\/wp.me\/PgGha7-eE","_links":{"self":[{"href":"https:\/\/www.spka.ch\/fr\/wp-json\/wp\/v2\/pages\/908","targetHints":{"allow":["GET"]}}],"collection":[{"href":"https:\/\/www.spka.ch\/fr\/wp-json\/wp\/v2\/pages"}],"about":[{"href":"https:\/\/www.spka.ch\/fr\/wp-json\/wp\/v2\/types\/page"}],"author":[{"embeddable":true,"href":"https:\/\/www.spka.ch\/fr\/wp-json\/wp\/v2\/users\/2"}],"replies":[{"embeddable":true,"href":"https:\/\/www.spka.ch\/fr\/wp-json\/wp\/v2\/comments?post=908"}],"version-history":[{"count":5,"href":"https:\/\/www.spka.ch\/fr\/wp-json\/wp\/v2\/pages\/908\/revisions"}],"predecessor-version":[{"id":1253,"href":"https:\/\/www.spka.ch\/fr\/wp-json\/wp\/v2\/pages\/908\/revisions\/1253"}],"wp:featuredmedia":[{"embeddable":true,"href":"https:\/\/www.spka.ch\/fr\/wp-json\/wp\/v2\/media\/593"}],"wp:attachment":[{"href":"https:\/\/www.spka.ch\/fr\/wp-json\/wp\/v2\/media?parent=908"}],"curies":[{"name":"wp","href":"https:\/\/api.w.org\/{rel}","templated":true}]}}