{"id":925,"date":"2025-02-24T18:06:29","date_gmt":"2025-02-24T17:06:29","guid":{"rendered":"https:\/\/webstaging.spka.ch\/vision-et-mission\/"},"modified":"2025-09-03T10:58:06","modified_gmt":"2025-09-03T08:58:06","slug":"vision-mission","status":"publish","type":"page","link":"https:\/\/www.spka.ch\/fr\/vision-mission\/","title":{"rendered":"Vision et mission"},"content":{"rendered":"\n<div class=\"wp-block-cover alignfull has-parallax\"><span aria-hidden=\"true\" class=\"wp-block-cover__background has-palette-color-3-background-color has-background-dim\"><\/span><div class=\"wp-block-cover__image-background wp-image-650 has-parallax\" style=\"background-position:50% 50%;background-image:url(\/wp-content\/uploads\/JS_Lager-71.jpeg);\"><\/div><div class=\"wp-block-cover__inner-container is-layout-constrained wp-block-cover-is-layout-constrained\">\n<p class=\"has-text-align-center has-palette-color-2-color has-text-color has-link-color has-x-large-font-size wp-elements-6f16903dffaf771eb728a107cd0ec338\"><strong>VISION ET MISSION<\/strong><\/p>\n<\/div><\/div>\n\n<div class=\"wp-block-columns is-layout-flex wp-container-core-columns-is-layout-28f84493 wp-block-columns-is-layout-flex\">\n<div class=\"wp-block-column is-layout-flow wp-block-column-is-layout-flow\">\n<h3 class=\"wp-block-heading has-text-align-center\">VISION<\/h3>\n\n\n\n<p>La Swiss Parkour Association est n\u00e9e d&rsquo;une vision claire. Avec la Swiss Parkour Association officielle, nous souhaitons construire \u00e0 l&rsquo;avenir une communaut\u00e9 de Parkour forte et interconnect\u00e9e, qui puisse vivre le sport sous toutes ses facettes. Cela comprend la professionnalisation de la formation par Jeunesse+Sport, la base professionnelle pour le sport de haut niveau et la reconnaissance du parkour en tant que sport dans toute la Suisse. Nous nous engageons pour une communaut\u00e9 forte et souhaitons, en tant qu&rsquo;association, organiser des \u00e9v\u00e9nements nationaux ainsi qu&rsquo;internationaux durables et au profit du parkour. De plus, nous aimerions promouvoir et repr\u00e9senter la Suisse avec tous ses clubs de parkour, ainsi que professionnaliser et maintenir les valeurs.      <\/p>\n\n\n\n<h6 class=\"wp-block-heading\">#parkour4life<\/h6>\n<\/div>\n\n\n\n<div class=\"wp-block-column is-layout-flow wp-block-column-is-layout-flow\">\n<h3 class=\"wp-block-heading has-text-align-center\">MISSION<\/h3>\n\n\n\n<p>La Swiss Parkour Association a pour mission de promouvoir le sport dans tous les clubs de Parkour suisses. Avec le syst\u00e8me national de promotion du sport Jeunesse+Sport, nous posons ainsi les bases pour que tous les clubs re\u00e7oivent un soutien financier. En outre, avec le Swiss Parkour Tour, nous r\u00e9unissons les meilleurs athl\u00e8tes suisses de parkour pour qu&rsquo;ils d\u00e9montrent leurs comp\u00e9tences lors de comp\u00e9titions. Notre mission est de continuer \u00e0 renforcer la communaut\u00e9 du parkour \u00e0 long terme en entretenant un \u00e9change cibl\u00e9 avec les clubs et en les soutenant dans leurs d\u00e9marches. L&rsquo;association a pour mission de prendre en compte et de mettre en \u0153uvre les souhaits et les besoins de ses membres. Nos valeurs sont au centre de cette d\u00e9marche, que nous respectons toujours.     <\/p>\n\n\n\n<h6 class=\"wp-block-heading\">#parkourcommunity<\/h6>\n<\/div>\n<\/div>\n","protected":false},"excerpt":{"rendered":"<p>VISION La Swiss Parkour Association est n\u00e9e d&rsquo;une vision claire. Avec la Swiss Parkour Association officielle, nous souhaitons construire \u00e0 l&rsquo;avenir une communaut\u00e9 de Parkour forte et interconnect\u00e9e, qui puisse vivre le sport sous toutes ses facettes. Cela comprend la professionnalisation de la formation par Jeunesse+Sport, la base professionnelle pour le sport de haut niveau [&hellip;]<\/p>\n","protected":false},"author":2,"featured_media":650,"parent":0,"menu_order":0,"comment_status":"closed","ping_status":"closed","template":"","meta":{"footnotes":""},"class_list":["post-925","page","type-page","status-publish","has-post-thumbnail","hentry"],"blocksy_meta":[],"yoast_head":"<!-- This site is optimized with the Yoast SEO plugin v27.2 - https:\/\/yoast.com\/product\/yoast-seo-wordpress\/ -->\n<title>Vision et mission - Swiss Parkour Association<\/title>\n<meta name=\"robots\" content=\"index, follow, max-snippet:-1, max-image-preview:large, max-video-preview:-1\" \/>\n<link rel=\"canonical\" href=\"https:\/\/www.spka.ch\/fr\/vision-mission\/\" \/>\n<meta property=\"og:locale\" content=\"fr_FR\" \/>\n<meta property=\"og:type\" content=\"article\" \/>\n<meta property=\"og:title\" content=\"Vision et mission - Swiss Parkour Association\" \/>\n<meta property=\"og:description\" content=\"VISION La Swiss Parkour Association est n\u00e9e d&rsquo;une vision claire. Avec la Swiss Parkour Association officielle, nous souhaitons construire \u00e0 l&rsquo;avenir une communaut\u00e9 de Parkour forte et interconnect\u00e9e, qui puisse vivre le sport sous toutes ses facettes. Cela comprend la professionnalisation de la formation par Jeunesse+Sport, la base professionnelle pour le sport de haut niveau [&hellip;]\" \/>\n<meta property=\"og:url\" content=\"https:\/\/www.spka.ch\/fr\/vision-mission\/\" \/>\n<meta property=\"og:site_name\" content=\"Swiss Parkour Association\" \/>\n<meta property=\"article:modified_time\" content=\"2025-09-03T08:58:06+00:00\" \/>\n<meta property=\"og:image\" content=\"https:\/\/www.spka.ch\/wp-content\/uploads\/JS_Lager-71.jpeg\" \/>\n\t<meta property=\"og:image:width\" content=\"800\" \/>\n\t<meta property=\"og:image:height\" content=\"533\" \/>\n\t<meta property=\"og:image:type\" content=\"image\/jpeg\" \/>\n<meta name=\"twitter:card\" content=\"summary_large_image\" \/>\n<meta name=\"twitter:label1\" content=\"Dur\u00e9e de lecture estim\u00e9e\" \/>\n\t<meta name=\"twitter:data1\" content=\"1 minute\" \/>\n<script type=\"application\/ld+json\" class=\"yoast-schema-graph\">{\"@context\":\"https:\/\/schema.org\",\"@graph\":[{\"@type\":\"WebPage\",\"@id\":\"https:\/\/www.spka.ch\/fr\/vision-mission\/\",\"url\":\"https:\/\/www.spka.ch\/fr\/vision-mission\/\",\"name\":\"Vision et mission - Swiss Parkour Association\",\"isPartOf\":{\"@id\":\"https:\/\/spka-wordpress-fhf0e0dzb2bveydb.switzerlandnorth-01.azurewebsites.net\/en\/#website\"},\"primaryImageOfPage\":{\"@id\":\"https:\/\/www.spka.ch\/fr\/vision-mission\/#primaryimage\"},\"image\":{\"@id\":\"https:\/\/www.spka.ch\/fr\/vision-mission\/#primaryimage\"},\"thumbnailUrl\":\"\/wp-content\/uploads\/JS_Lager-71.jpeg\",\"datePublished\":\"2025-02-24T17:06:29+00:00\",\"dateModified\":\"2025-09-03T08:58:06+00:00\",\"breadcrumb\":{\"@id\":\"https:\/\/www.spka.ch\/fr\/vision-mission\/#breadcrumb\"},\"inLanguage\":\"fr-FR\",\"potentialAction\":[{\"@type\":\"ReadAction\",\"target\":[\"https:\/\/www.spka.ch\/fr\/vision-mission\/\"]}]},{\"@type\":\"ImageObject\",\"inLanguage\":\"fr-FR\",\"@id\":\"https:\/\/www.spka.ch\/fr\/vision-mission\/#primaryimage\",\"url\":\"\/wp-content\/uploads\/JS_Lager-71.jpeg\",\"contentUrl\":\"\/wp-content\/uploads\/JS_Lager-71.jpeg\",\"width\":800,\"height\":533},{\"@type\":\"BreadcrumbList\",\"@id\":\"https:\/\/www.spka.ch\/fr\/vision-mission\/#breadcrumb\",\"itemListElement\":[{\"@type\":\"ListItem\",\"position\":1,\"name\":\"Home\",\"item\":\"https:\/\/spka.ch\/fr\/\"},{\"@type\":\"ListItem\",\"position\":2,\"name\":\"Vision et mission\"}]},{\"@type\":\"WebSite\",\"@id\":\"https:\/\/spka-wordpress-fhf0e0dzb2bveydb.switzerlandnorth-01.azurewebsites.net\/en\/#website\",\"url\":\"https:\/\/spka-wordpress-fhf0e0dzb2bveydb.switzerlandnorth-01.azurewebsites.net\/en\/\",\"name\":\"Swiss Parkour Association\",\"description\":\"\",\"publisher\":{\"@id\":\"https:\/\/spka-wordpress-fhf0e0dzb2bveydb.switzerlandnorth-01.azurewebsites.net\/en\/#organization\"},\"potentialAction\":[{\"@type\":\"SearchAction\",\"target\":{\"@type\":\"EntryPoint\",\"urlTemplate\":\"https:\/\/spka-wordpress-fhf0e0dzb2bveydb.switzerlandnorth-01.azurewebsites.net\/en\/?s={search_term_string}\"},\"query-input\":{\"@type\":\"PropertyValueSpecification\",\"valueRequired\":true,\"valueName\":\"search_term_string\"}}],\"inLanguage\":\"fr-FR\"},{\"@type\":\"Organization\",\"@id\":\"https:\/\/spka-wordpress-fhf0e0dzb2bveydb.switzerlandnorth-01.azurewebsites.net\/en\/#organization\",\"name\":\"Swiss Parkour Association\",\"url\":\"https:\/\/spka-wordpress-fhf0e0dzb2bveydb.switzerlandnorth-01.azurewebsites.net\/en\/\",\"logo\":{\"@type\":\"ImageObject\",\"inLanguage\":\"fr-FR\",\"@id\":\"https:\/\/spka-wordpress-fhf0e0dzb2bveydb.switzerlandnorth-01.azurewebsites.net\/en\/#\/schema\/logo\/image\/\",\"url\":\"\/wp-content\/uploads\/logo-dark-circle.png\",\"contentUrl\":\"\/wp-content\/uploads\/logo-dark-circle.png\",\"width\":527,\"height\":527,\"caption\":\"Swiss Parkour Association\"},\"image\":{\"@id\":\"https:\/\/spka-wordpress-fhf0e0dzb2bveydb.switzerlandnorth-01.azurewebsites.net\/en\/#\/schema\/logo\/image\/\"},\"sameAs\":[\"https:\/\/www.instagram.com\/spka.swiss\/\"]}]}<\/script>\n<!-- \/ Yoast SEO plugin. -->","yoast_head_json":{"title":"Vision et mission - Swiss Parkour Association","robots":{"index":"index","follow":"follow","max-snippet":"max-snippet:-1","max-image-preview":"max-image-preview:large","max-video-preview":"max-video-preview:-1"},"canonical":"https:\/\/www.spka.ch\/fr\/vision-mission\/","og_locale":"fr_FR","og_type":"article","og_title":"Vision et mission - Swiss Parkour Association","og_description":"VISION La Swiss Parkour Association est n\u00e9e d&rsquo;une vision claire. Avec la Swiss Parkour Association officielle, nous souhaitons construire \u00e0 l&rsquo;avenir une communaut\u00e9 de Parkour forte et interconnect\u00e9e, qui puisse vivre le sport sous toutes ses facettes. Cela comprend la professionnalisation de la formation par Jeunesse+Sport, la base professionnelle pour le sport de haut niveau [&hellip;]","og_url":"https:\/\/www.spka.ch\/fr\/vision-mission\/","og_site_name":"Swiss Parkour Association","article_modified_time":"2025-09-03T08:58:06+00:00","og_image":[{"width":800,"height":533,"url":"https:\/\/www.spka.ch\/wp-content\/uploads\/JS_Lager-71.jpeg","type":"image\/jpeg"}],"twitter_card":"summary_large_image","twitter_misc":{"Dur\u00e9e de lecture estim\u00e9e":"1 minute"},"schema":{"@context":"https:\/\/schema.org","@graph":[{"@type":"WebPage","@id":"https:\/\/www.spka.ch\/fr\/vision-mission\/","url":"https:\/\/www.spka.ch\/fr\/vision-mission\/","name":"Vision et mission - Swiss Parkour Association","isPartOf":{"@id":"https:\/\/spka-wordpress-fhf0e0dzb2bveydb.switzerlandnorth-01.azurewebsites.net\/en\/#website"},"primaryImageOfPage":{"@id":"https:\/\/www.spka.ch\/fr\/vision-mission\/#primaryimage"},"image":{"@id":"https:\/\/www.spka.ch\/fr\/vision-mission\/#primaryimage"},"thumbnailUrl":"\/wp-content\/uploads\/JS_Lager-71.jpeg","datePublished":"2025-02-24T17:06:29+00:00","dateModified":"2025-09-03T08:58:06+00:00","breadcrumb":{"@id":"https:\/\/www.spka.ch\/fr\/vision-mission\/#breadcrumb"},"inLanguage":"fr-FR","potentialAction":[{"@type":"ReadAction","target":["https:\/\/www.spka.ch\/fr\/vision-mission\/"]}]},{"@type":"ImageObject","inLanguage":"fr-FR","@id":"https:\/\/www.spka.ch\/fr\/vision-mission\/#primaryimage","url":"\/wp-content\/uploads\/JS_Lager-71.jpeg","contentUrl":"\/wp-content\/uploads\/JS_Lager-71.jpeg","width":800,"height":533},{"@type":"BreadcrumbList","@id":"https:\/\/www.spka.ch\/fr\/vision-mission\/#breadcrumb","itemListElement":[{"@type":"ListItem","position":1,"name":"Home","item":"https:\/\/spka.ch\/fr\/"},{"@type":"ListItem","position":2,"name":"Vision et mission"}]},{"@type":"WebSite","@id":"https:\/\/spka-wordpress-fhf0e0dzb2bveydb.switzerlandnorth-01.azurewebsites.net\/en\/#website","url":"https:\/\/spka-wordpress-fhf0e0dzb2bveydb.switzerlandnorth-01.azurewebsites.net\/en\/","name":"Swiss Parkour Association","description":"","publisher":{"@id":"https:\/\/spka-wordpress-fhf0e0dzb2bveydb.switzerlandnorth-01.azurewebsites.net\/en\/#organization"},"potentialAction":[{"@type":"SearchAction","target":{"@type":"EntryPoint","urlTemplate":"https:\/\/spka-wordpress-fhf0e0dzb2bveydb.switzerlandnorth-01.azurewebsites.net\/en\/?s={search_term_string}"},"query-input":{"@type":"PropertyValueSpecification","valueRequired":true,"valueName":"search_term_string"}}],"inLanguage":"fr-FR"},{"@type":"Organization","@id":"https:\/\/spka-wordpress-fhf0e0dzb2bveydb.switzerlandnorth-01.azurewebsites.net\/en\/#organization","name":"Swiss Parkour Association","url":"https:\/\/spka-wordpress-fhf0e0dzb2bveydb.switzerlandnorth-01.azurewebsites.net\/en\/","logo":{"@type":"ImageObject","inLanguage":"fr-FR","@id":"https:\/\/spka-wordpress-fhf0e0dzb2bveydb.switzerlandnorth-01.azurewebsites.net\/en\/#\/schema\/logo\/image\/","url":"\/wp-content\/uploads\/logo-dark-circle.png","contentUrl":"\/wp-content\/uploads\/logo-dark-circle.png","width":527,"height":527,"caption":"Swiss Parkour Association"},"image":{"@id":"https:\/\/spka-wordpress-fhf0e0dzb2bveydb.switzerlandnorth-01.azurewebsites.net\/en\/#\/schema\/logo\/image\/"},"sameAs":["https:\/\/www.instagram.com\/spka.swiss\/"]}]}},"jetpack_sharing_enabled":true,"jetpack_shortlink":"https:\/\/wp.me\/PgGha7-eV","_links":{"self":[{"href":"https:\/\/www.spka.ch\/fr\/wp-json\/wp\/v2\/pages\/925","targetHints":{"allow":["GET"]}}],"collection":[{"href":"https:\/\/www.spka.ch\/fr\/wp-json\/wp\/v2\/pages"}],"about":[{"href":"https:\/\/www.spka.ch\/fr\/wp-json\/wp\/v2\/types\/page"}],"author":[{"embeddable":true,"href":"https:\/\/www.spka.ch\/fr\/wp-json\/wp\/v2\/users\/2"}],"replies":[{"embeddable":true,"href":"https:\/\/www.spka.ch\/fr\/wp-json\/wp\/v2\/comments?post=925"}],"version-history":[{"count":2,"href":"https:\/\/www.spka.ch\/fr\/wp-json\/wp\/v2\/pages\/925\/revisions"}],"predecessor-version":[{"id":932,"href":"https:\/\/www.spka.ch\/fr\/wp-json\/wp\/v2\/pages\/925\/revisions\/932"}],"wp:featuredmedia":[{"embeddable":true,"href":"https:\/\/www.spka.ch\/fr\/wp-json\/wp\/v2\/media\/650"}],"wp:attachment":[{"href":"https:\/\/www.spka.ch\/fr\/wp-json\/wp\/v2\/media?parent=925"}],"curies":[{"name":"wp","href":"https:\/\/api.w.org\/{rel}","templated":true}]}}