{"id":928,"date":"2025-02-24T17:52:55","date_gmt":"2025-02-24T16:52:55","guid":{"rendered":"https:\/\/webstaging.spka.ch\/lequipe\/"},"modified":"2025-10-08T13:26:10","modified_gmt":"2025-10-08T11:26:10","slug":"team","status":"publish","type":"page","link":"https:\/\/www.spka.ch\/fr\/team\/","title":{"rendered":"L&rsquo;\u00e9quipe"},"content":{"rendered":"\n<div class=\"wp-block-group alignfull is-layout-constrained wp-container-core-group-is-layout-669513ed wp-block-group-is-layout-constrained\" style=\"margin-top:0;margin-bottom:0;padding-top:var(--wp--preset--spacing--50);padding-right:var(--wp--preset--spacing--50);padding-bottom:var(--wp--preset--spacing--50);padding-left:var(--wp--preset--spacing--50)\">\n<div class=\"wp-block-group is-vertical is-content-justification-center is-layout-flex wp-container-core-group-is-layout-ce155fab wp-block-group-is-layout-flex\">\n<h2 class=\"wp-block-heading has-text-align-center has-xx-large-font-size\">Comit\u00e9<\/h2>\n\n\n\n<p class=\"has-text-align-center\">\u00c9lue par les membres de la SPKA, cette \u00e9quipe se porte volontaire pour diriger la SPKA.  <\/p>\n<\/div>\n\n\n\n<div style=\"height:var(--wp--preset--spacing--30)\" aria-hidden=\"true\" class=\"wp-block-spacer\"><\/div>\n\n\n\n<div class=\"wp-block-columns alignwide is-layout-flex wp-container-core-columns-is-layout-4935966c wp-block-columns-is-layout-flex\" style=\"padding-right:0;padding-left:0\">\n<div class=\"wp-block-column is-layout-flow wp-block-column-is-layout-flow\">\n<figure class=\"wp-block-image size-full is-style-rounded\"><img loading=\"lazy\" decoding=\"async\" width=\"2560\" height=\"2560\" src=\"\/wp-content\/uploads\/Board_PP_1-08-edited-1-scaled.jpg\" alt=\"\" class=\"wp-image-506\" style=\"aspect-ratio:1;object-fit:cover\" srcset=\"\/wp-content\/uploads\/Board_PP_1-08-edited-1-scaled.jpg 2560w, \/wp-content\/uploads\/Board_PP_1-08-edited-1-300x300.jpg 300w, \/wp-content\/uploads\/Board_PP_1-08-edited-1-1024x1024.jpg 1024w, \/wp-content\/uploads\/Board_PP_1-08-edited-1-150x150.jpg 150w, \/wp-content\/uploads\/Board_PP_1-08-edited-1-768x768.jpg 768w, \/wp-content\/uploads\/Board_PP_1-08-edited-1-1536x1536.jpg 1536w, \/wp-content\/uploads\/Board_PP_1-08-edited-1-2048x2048.jpg 2048w\" sizes=\"auto, (max-width: 2560px) 100vw, 2560px\" \/><\/figure>\n\n\n\n<div class=\"wp-block-group is-vertical is-content-justification-center is-nowrap is-layout-flex wp-container-core-group-is-layout-21d4e958 wp-block-group-is-layout-flex\">\n<p class=\"has-text-align-center has-small-font-size\"><strong>Yann Daout<\/strong><\/p>\n\n\n\n<p class=\"has-text-align-center has-small-font-size\">Pr\u00e9sident<\/p>\n<\/div>\n<\/div>\n\n\n\n<div class=\"wp-block-column is-layout-flow wp-block-column-is-layout-flow\">\n<figure class=\"wp-block-image size-full is-style-rounded\"><img loading=\"lazy\" decoding=\"async\" width=\"1868\" height=\"1868\" src=\"\/wp-content\/uploads\/Elias-Montagne-sq-col.jpg\" alt=\"\" class=\"wp-image-1405\" style=\"aspect-ratio:1;object-fit:cover\" srcset=\"\/wp-content\/uploads\/Elias-Montagne-sq-col.jpg 1868w, \/wp-content\/uploads\/Elias-Montagne-sq-col-300x300.jpg 300w, \/wp-content\/uploads\/Elias-Montagne-sq-col-1024x1024.jpg 1024w, \/wp-content\/uploads\/Elias-Montagne-sq-col-150x150.jpg 150w, \/wp-content\/uploads\/Elias-Montagne-sq-col-768x768.jpg 768w, \/wp-content\/uploads\/Elias-Montagne-sq-col-1536x1536.jpg 1536w\" sizes=\"auto, (max-width: 1868px) 100vw, 1868px\" \/><\/figure>\n\n\n\n<div class=\"wp-block-group is-vertical is-content-justification-center is-nowrap is-layout-flex wp-container-core-group-is-layout-63bfd6c1 wp-block-group-is-layout-flex\">\n<p class=\"has-text-align-center has-small-font-size\"><strong>Elias Borrajo<\/strong><\/p>\n\n\n\n<p class=\"has-text-align-center has-small-font-size\">Tr\u00e9sorier<\/p>\n<\/div>\n<\/div>\n\n\n\n<div class=\"wp-block-column is-layout-flow wp-block-column-is-layout-flow\">\n<figure class=\"wp-block-image size-full is-style-rounded\"><img loading=\"lazy\" decoding=\"async\" width=\"2560\" height=\"2560\" src=\"\/wp-content\/uploads\/Board_PP_1-06-edited-scaled.jpg\" alt=\"\" class=\"wp-image-507\" style=\"aspect-ratio:1;object-fit:cover\" srcset=\"\/wp-content\/uploads\/Board_PP_1-06-edited-scaled.jpg 2560w, \/wp-content\/uploads\/Board_PP_1-06-edited-300x300.jpg 300w, \/wp-content\/uploads\/Board_PP_1-06-edited-1024x1024.jpg 1024w, \/wp-content\/uploads\/Board_PP_1-06-edited-150x150.jpg 150w, \/wp-content\/uploads\/Board_PP_1-06-edited-768x768.jpg 768w, \/wp-content\/uploads\/Board_PP_1-06-edited-1536x1536.jpg 1536w, \/wp-content\/uploads\/Board_PP_1-06-edited-2048x2048.jpg 2048w\" sizes=\"auto, (max-width: 2560px) 100vw, 2560px\" \/><\/figure>\n\n\n\n<div class=\"wp-block-group is-vertical is-content-justification-center is-nowrap is-layout-flex wp-container-core-group-is-layout-21d4e958 wp-block-group-is-layout-flex\">\n<p class=\"has-text-align-center has-small-font-size\"><strong>Travis Ranson<\/strong><\/p>\n\n\n\n<p class=\"has-text-align-center has-small-font-size\">Membre du comit\u00e9<\/p>\n<\/div>\n<\/div>\n\n\n\n<div class=\"wp-block-column is-layout-flow wp-block-column-is-layout-flow\">\n<figure class=\"wp-block-image size-full is-style-rounded\"><img loading=\"lazy\" decoding=\"async\" width=\"2560\" height=\"2560\" src=\"\/wp-content\/uploads\/Board_PP_1-10-edited-scaled.jpg\" alt=\"\" class=\"wp-image-508\" style=\"aspect-ratio:1;object-fit:cover\" srcset=\"\/wp-content\/uploads\/Board_PP_1-10-edited-scaled.jpg 2560w, \/wp-content\/uploads\/Board_PP_1-10-edited-300x300.jpg 300w, \/wp-content\/uploads\/Board_PP_1-10-edited-1024x1024.jpg 1024w, \/wp-content\/uploads\/Board_PP_1-10-edited-150x150.jpg 150w, \/wp-content\/uploads\/Board_PP_1-10-edited-768x768.jpg 768w, \/wp-content\/uploads\/Board_PP_1-10-edited-1536x1536.jpg 1536w, \/wp-content\/uploads\/Board_PP_1-10-edited-2048x2048.jpg 2048w\" sizes=\"auto, (max-width: 2560px) 100vw, 2560px\" \/><\/figure>\n\n\n\n<div class=\"wp-block-group is-vertical is-content-justification-center is-nowrap is-layout-flex wp-container-core-group-is-layout-63bfd6c1 wp-block-group-is-layout-flex\">\n<p class=\"has-text-align-center has-small-font-size\"><strong>Jesse Peveril<\/strong><\/p>\n\n\n\n<p class=\"has-text-align-center has-small-font-size\">Membre du comit\u00e9<\/p>\n<\/div>\n<\/div>\n\n\n\n<div class=\"wp-block-column is-layout-flow wp-block-column-is-layout-flow\">\n<figure class=\"wp-block-image size-full is-style-rounded\"><img loading=\"lazy\" decoding=\"async\" width=\"2560\" height=\"2560\" src=\"\/wp-content\/uploads\/Board_PP_1-04-edited-scaled.jpg\" alt=\"\" class=\"wp-image-509\" style=\"aspect-ratio:1;object-fit:cover\" srcset=\"\/wp-content\/uploads\/Board_PP_1-04-edited-scaled.jpg 2560w, \/wp-content\/uploads\/Board_PP_1-04-edited-300x300.jpg 300w, \/wp-content\/uploads\/Board_PP_1-04-edited-1024x1024.jpg 1024w, \/wp-content\/uploads\/Board_PP_1-04-edited-150x150.jpg 150w, \/wp-content\/uploads\/Board_PP_1-04-edited-768x768.jpg 768w, \/wp-content\/uploads\/Board_PP_1-04-edited-1536x1536.jpg 1536w, \/wp-content\/uploads\/Board_PP_1-04-edited-2048x2048.jpg 2048w\" sizes=\"auto, (max-width: 2560px) 100vw, 2560px\" \/><\/figure>\n\n\n\n<div class=\"wp-block-group is-vertical is-content-justification-center is-nowrap is-layout-flex wp-container-core-group-is-layout-21d4e958 wp-block-group-is-layout-flex\">\n<p class=\"has-text-align-center has-small-font-size\"><strong>Reno Vogler<\/strong><\/p>\n\n\n\n<p class=\"has-text-align-center has-small-font-size\">Membre du comit\u00e9<\/p>\n<\/div>\n<\/div>\n<\/div>\n<\/div>\n\n<div class=\"wp-block-group alignfull is-layout-constrained wp-container-core-group-is-layout-669513ed wp-block-group-is-layout-constrained\" style=\"margin-top:0;margin-bottom:0;padding-top:var(--wp--preset--spacing--50);padding-right:var(--wp--preset--spacing--50);padding-bottom:var(--wp--preset--spacing--50);padding-left:var(--wp--preset--spacing--50)\">\n<div class=\"wp-block-group is-vertical is-content-justification-center is-layout-flex wp-container-core-group-is-layout-ce155fab wp-block-group-is-layout-flex\">\n<h2 class=\"wp-block-heading has-text-align-center has-xx-large-font-size\">Chefs d&rsquo;\u00e9quipe<\/h2>\n\n\n\n<p class=\"has-text-align-center\">Responsables de nos principaux projets<\/p>\n<\/div>\n\n\n\n<div style=\"height:var(--wp--preset--spacing--30)\" aria-hidden=\"true\" class=\"wp-block-spacer\"><\/div>\n\n\n\n<div class=\"wp-block-columns alignwide is-layout-flex wp-container-core-columns-is-layout-4935966c wp-block-columns-is-layout-flex\" style=\"padding-right:0;padding-left:0\">\n<div class=\"wp-block-column is-layout-flow wp-block-column-is-layout-flow\"><\/div>\n\n\n\n<div class=\"wp-block-column is-layout-flow wp-block-column-is-layout-flow\">\n<figure class=\"wp-block-image size-full is-style-rounded\"><img loading=\"lazy\" decoding=\"async\" width=\"2560\" height=\"2560\" src=\"\/wp-content\/uploads\/Board_PP_1-12-edited-1-scaled.jpg\" alt=\"\" class=\"wp-image-505\" style=\"aspect-ratio:1;object-fit:cover\" srcset=\"\/wp-content\/uploads\/Board_PP_1-12-edited-1-scaled.jpg 2560w, \/wp-content\/uploads\/Board_PP_1-12-edited-1-300x300.jpg 300w, \/wp-content\/uploads\/Board_PP_1-12-edited-1-1024x1024.jpg 1024w, \/wp-content\/uploads\/Board_PP_1-12-edited-1-150x150.jpg 150w, \/wp-content\/uploads\/Board_PP_1-12-edited-1-768x768.jpg 768w, \/wp-content\/uploads\/Board_PP_1-12-edited-1-1536x1536.jpg 1536w, \/wp-content\/uploads\/Board_PP_1-12-edited-1-2048x2048.jpg 2048w\" sizes=\"auto, (max-width: 2560px) 100vw, 2560px\" \/><\/figure>\n\n\n\n<div class=\"wp-block-group is-vertical is-content-justification-center is-nowrap is-layout-flex wp-container-core-group-is-layout-21d4e958 wp-block-group-is-layout-flex\">\n<p class=\"has-text-align-center has-small-font-size\"><strong>Julian Dutoit<\/strong><\/p>\n\n\n\n<p class=\"has-text-align-center has-small-font-size\">Jeunesse+Sport<\/p>\n<\/div>\n<\/div>\n\n\n\n<div class=\"wp-block-column is-layout-flow wp-block-column-is-layout-flow\">\n<figure class=\"wp-block-image size-full is-style-rounded\"><img loading=\"lazy\" decoding=\"async\" width=\"2560\" height=\"2560\" src=\"\/wp-content\/uploads\/Board_PP_1-02-edited-scaled.jpg\" alt=\"\" class=\"wp-image-510\" style=\"aspect-ratio:1;object-fit:cover\" srcset=\"\/wp-content\/uploads\/Board_PP_1-02-edited-scaled.jpg 2560w, \/wp-content\/uploads\/Board_PP_1-02-edited-300x300.jpg 300w, \/wp-content\/uploads\/Board_PP_1-02-edited-1024x1024.jpg 1024w, \/wp-content\/uploads\/Board_PP_1-02-edited-150x150.jpg 150w, \/wp-content\/uploads\/Board_PP_1-02-edited-768x768.jpg 768w, \/wp-content\/uploads\/Board_PP_1-02-edited-1536x1536.jpg 1536w, \/wp-content\/uploads\/Board_PP_1-02-edited-2048x2048.jpg 2048w\" sizes=\"auto, (max-width: 2560px) 100vw, 2560px\" \/><\/figure>\n\n\n\n<div class=\"wp-block-group is-vertical is-content-justification-center is-nowrap is-layout-flex wp-container-core-group-is-layout-21d4e958 wp-block-group-is-layout-flex\">\n<p class=\"has-text-align-center has-small-font-size\"><strong>Shemaiah Siegenthaler<\/strong><\/p>\n\n\n\n<p class=\"has-text-align-center has-small-font-size\">Swiss Parkour Tour<\/p>\n<\/div>\n<\/div>\n\n\n\n<div class=\"wp-block-column is-layout-flow wp-block-column-is-layout-flow\"><\/div>\n<\/div>\n<\/div>\n\n<p><\/p>\n","protected":false},"excerpt":{"rendered":"<p>Comit\u00e9 \u00c9lue par les membres de la SPKA, cette \u00e9quipe se porte volontaire pour diriger la SPKA. Yann Daout Pr\u00e9sident Elias Borrajo Tr\u00e9sorier Travis Ranson Membre du comit\u00e9 Jesse Peveril Membre du comit\u00e9 Reno Vogler Membre du comit\u00e9 Chefs d&rsquo;\u00e9quipe Responsables de nos principaux projets Julian Dutoit Jeunesse+Sport Shemaiah Siegenthaler Swiss Parkour Tour<\/p>\n","protected":false},"author":2,"featured_media":0,"parent":0,"menu_order":0,"comment_status":"closed","ping_status":"closed","template":"","meta":{"footnotes":""},"class_list":["post-928","page","type-page","status-publish","hentry"],"blocksy_meta":[],"yoast_head":"<!-- This site is optimized with the Yoast SEO plugin v27.2 - https:\/\/yoast.com\/product\/yoast-seo-wordpress\/ -->\n<title>L&#039;\u00e9quipe - Swiss Parkour Association<\/title>\n<meta name=\"robots\" content=\"index, follow, max-snippet:-1, max-image-preview:large, max-video-preview:-1\" \/>\n<link rel=\"canonical\" href=\"https:\/\/www.spka.ch\/fr\/team\/\" \/>\n<meta property=\"og:locale\" content=\"fr_FR\" \/>\n<meta property=\"og:type\" content=\"article\" \/>\n<meta property=\"og:title\" content=\"L&#039;\u00e9quipe - Swiss Parkour Association\" \/>\n<meta property=\"og:description\" content=\"Comit\u00e9 \u00c9lue par les membres de la SPKA, cette \u00e9quipe se porte volontaire pour diriger la SPKA. Yann Daout Pr\u00e9sident Elias Borrajo Tr\u00e9sorier Travis Ranson Membre du comit\u00e9 Jesse Peveril Membre du comit\u00e9 Reno Vogler Membre du comit\u00e9 Chefs d&rsquo;\u00e9quipe Responsables de nos principaux projets Julian Dutoit Jeunesse+Sport Shemaiah Siegenthaler Swiss Parkour Tour\" \/>\n<meta property=\"og:url\" content=\"https:\/\/www.spka.ch\/fr\/team\/\" \/>\n<meta property=\"og:site_name\" content=\"Swiss Parkour Association\" \/>\n<meta property=\"article:modified_time\" content=\"2025-10-08T11:26:10+00:00\" \/>\n<meta name=\"twitter:card\" content=\"summary_large_image\" \/>\n<script type=\"application\/ld+json\" class=\"yoast-schema-graph\">{\"@context\":\"https:\/\/schema.org\",\"@graph\":[{\"@type\":\"WebPage\",\"@id\":\"https:\/\/www.spka.ch\/fr\/team\/\",\"url\":\"https:\/\/www.spka.ch\/fr\/team\/\",\"name\":\"L'\u00e9quipe - Swiss Parkour Association\",\"isPartOf\":{\"@id\":\"https:\/\/spka-wordpress-fhf0e0dzb2bveydb.switzerlandnorth-01.azurewebsites.net\/en\/#website\"},\"datePublished\":\"2025-02-24T16:52:55+00:00\",\"dateModified\":\"2025-10-08T11:26:10+00:00\",\"breadcrumb\":{\"@id\":\"https:\/\/www.spka.ch\/fr\/team\/#breadcrumb\"},\"inLanguage\":\"fr-FR\",\"potentialAction\":[{\"@type\":\"ReadAction\",\"target\":[\"https:\/\/www.spka.ch\/fr\/team\/\"]}]},{\"@type\":\"BreadcrumbList\",\"@id\":\"https:\/\/www.spka.ch\/fr\/team\/#breadcrumb\",\"itemListElement\":[{\"@type\":\"ListItem\",\"position\":1,\"name\":\"Home\",\"item\":\"https:\/\/spka.ch\/fr\/\"},{\"@type\":\"ListItem\",\"position\":2,\"name\":\"L&rsquo;\u00e9quipe\"}]},{\"@type\":\"WebSite\",\"@id\":\"https:\/\/spka-wordpress-fhf0e0dzb2bveydb.switzerlandnorth-01.azurewebsites.net\/en\/#website\",\"url\":\"https:\/\/spka-wordpress-fhf0e0dzb2bveydb.switzerlandnorth-01.azurewebsites.net\/en\/\",\"name\":\"Swiss Parkour Association\",\"description\":\"\",\"publisher\":{\"@id\":\"https:\/\/spka-wordpress-fhf0e0dzb2bveydb.switzerlandnorth-01.azurewebsites.net\/en\/#organization\"},\"potentialAction\":[{\"@type\":\"SearchAction\",\"target\":{\"@type\":\"EntryPoint\",\"urlTemplate\":\"https:\/\/spka-wordpress-fhf0e0dzb2bveydb.switzerlandnorth-01.azurewebsites.net\/en\/?s={search_term_string}\"},\"query-input\":{\"@type\":\"PropertyValueSpecification\",\"valueRequired\":true,\"valueName\":\"search_term_string\"}}],\"inLanguage\":\"fr-FR\"},{\"@type\":\"Organization\",\"@id\":\"https:\/\/spka-wordpress-fhf0e0dzb2bveydb.switzerlandnorth-01.azurewebsites.net\/en\/#organization\",\"name\":\"Swiss Parkour Association\",\"url\":\"https:\/\/spka-wordpress-fhf0e0dzb2bveydb.switzerlandnorth-01.azurewebsites.net\/en\/\",\"logo\":{\"@type\":\"ImageObject\",\"inLanguage\":\"fr-FR\",\"@id\":\"https:\/\/spka-wordpress-fhf0e0dzb2bveydb.switzerlandnorth-01.azurewebsites.net\/en\/#\/schema\/logo\/image\/\",\"url\":\"\/wp-content\/uploads\/logo-dark-circle.png\",\"contentUrl\":\"\/wp-content\/uploads\/logo-dark-circle.png\",\"width\":527,\"height\":527,\"caption\":\"Swiss Parkour Association\"},\"image\":{\"@id\":\"https:\/\/spka-wordpress-fhf0e0dzb2bveydb.switzerlandnorth-01.azurewebsites.net\/en\/#\/schema\/logo\/image\/\"},\"sameAs\":[\"https:\/\/www.instagram.com\/spka.swiss\/\"]}]}<\/script>\n<!-- \/ Yoast SEO plugin. -->","yoast_head_json":{"title":"L'\u00e9quipe - Swiss Parkour Association","robots":{"index":"index","follow":"follow","max-snippet":"max-snippet:-1","max-image-preview":"max-image-preview:large","max-video-preview":"max-video-preview:-1"},"canonical":"https:\/\/www.spka.ch\/fr\/team\/","og_locale":"fr_FR","og_type":"article","og_title":"L'\u00e9quipe - Swiss Parkour Association","og_description":"Comit\u00e9 \u00c9lue par les membres de la SPKA, cette \u00e9quipe se porte volontaire pour diriger la SPKA. Yann Daout Pr\u00e9sident Elias Borrajo Tr\u00e9sorier Travis Ranson Membre du comit\u00e9 Jesse Peveril Membre du comit\u00e9 Reno Vogler Membre du comit\u00e9 Chefs d&rsquo;\u00e9quipe Responsables de nos principaux projets Julian Dutoit Jeunesse+Sport Shemaiah Siegenthaler Swiss Parkour Tour","og_url":"https:\/\/www.spka.ch\/fr\/team\/","og_site_name":"Swiss Parkour Association","article_modified_time":"2025-10-08T11:26:10+00:00","twitter_card":"summary_large_image","schema":{"@context":"https:\/\/schema.org","@graph":[{"@type":"WebPage","@id":"https:\/\/www.spka.ch\/fr\/team\/","url":"https:\/\/www.spka.ch\/fr\/team\/","name":"L'\u00e9quipe - Swiss Parkour Association","isPartOf":{"@id":"https:\/\/spka-wordpress-fhf0e0dzb2bveydb.switzerlandnorth-01.azurewebsites.net\/en\/#website"},"datePublished":"2025-02-24T16:52:55+00:00","dateModified":"2025-10-08T11:26:10+00:00","breadcrumb":{"@id":"https:\/\/www.spka.ch\/fr\/team\/#breadcrumb"},"inLanguage":"fr-FR","potentialAction":[{"@type":"ReadAction","target":["https:\/\/www.spka.ch\/fr\/team\/"]}]},{"@type":"BreadcrumbList","@id":"https:\/\/www.spka.ch\/fr\/team\/#breadcrumb","itemListElement":[{"@type":"ListItem","position":1,"name":"Home","item":"https:\/\/spka.ch\/fr\/"},{"@type":"ListItem","position":2,"name":"L&rsquo;\u00e9quipe"}]},{"@type":"WebSite","@id":"https:\/\/spka-wordpress-fhf0e0dzb2bveydb.switzerlandnorth-01.azurewebsites.net\/en\/#website","url":"https:\/\/spka-wordpress-fhf0e0dzb2bveydb.switzerlandnorth-01.azurewebsites.net\/en\/","name":"Swiss Parkour Association","description":"","publisher":{"@id":"https:\/\/spka-wordpress-fhf0e0dzb2bveydb.switzerlandnorth-01.azurewebsites.net\/en\/#organization"},"potentialAction":[{"@type":"SearchAction","target":{"@type":"EntryPoint","urlTemplate":"https:\/\/spka-wordpress-fhf0e0dzb2bveydb.switzerlandnorth-01.azurewebsites.net\/en\/?s={search_term_string}"},"query-input":{"@type":"PropertyValueSpecification","valueRequired":true,"valueName":"search_term_string"}}],"inLanguage":"fr-FR"},{"@type":"Organization","@id":"https:\/\/spka-wordpress-fhf0e0dzb2bveydb.switzerlandnorth-01.azurewebsites.net\/en\/#organization","name":"Swiss Parkour Association","url":"https:\/\/spka-wordpress-fhf0e0dzb2bveydb.switzerlandnorth-01.azurewebsites.net\/en\/","logo":{"@type":"ImageObject","inLanguage":"fr-FR","@id":"https:\/\/spka-wordpress-fhf0e0dzb2bveydb.switzerlandnorth-01.azurewebsites.net\/en\/#\/schema\/logo\/image\/","url":"\/wp-content\/uploads\/logo-dark-circle.png","contentUrl":"\/wp-content\/uploads\/logo-dark-circle.png","width":527,"height":527,"caption":"Swiss Parkour Association"},"image":{"@id":"https:\/\/spka-wordpress-fhf0e0dzb2bveydb.switzerlandnorth-01.azurewebsites.net\/en\/#\/schema\/logo\/image\/"},"sameAs":["https:\/\/www.instagram.com\/spka.swiss\/"]}]}},"jetpack_sharing_enabled":true,"jetpack_shortlink":"https:\/\/wp.me\/PgGha7-eY","_links":{"self":[{"href":"https:\/\/www.spka.ch\/fr\/wp-json\/wp\/v2\/pages\/928","targetHints":{"allow":["GET"]}}],"collection":[{"href":"https:\/\/www.spka.ch\/fr\/wp-json\/wp\/v2\/pages"}],"about":[{"href":"https:\/\/www.spka.ch\/fr\/wp-json\/wp\/v2\/types\/page"}],"author":[{"embeddable":true,"href":"https:\/\/www.spka.ch\/fr\/wp-json\/wp\/v2\/users\/2"}],"replies":[{"embeddable":true,"href":"https:\/\/www.spka.ch\/fr\/wp-json\/wp\/v2\/comments?post=928"}],"version-history":[{"count":6,"href":"https:\/\/www.spka.ch\/fr\/wp-json\/wp\/v2\/pages\/928\/revisions"}],"predecessor-version":[{"id":1410,"href":"https:\/\/www.spka.ch\/fr\/wp-json\/wp\/v2\/pages\/928\/revisions\/1410"}],"wp:attachment":[{"href":"https:\/\/www.spka.ch\/fr\/wp-json\/wp\/v2\/media?parent=928"}],"curies":[{"name":"wp","href":"https:\/\/api.w.org\/{rel}","templated":true}]}}