{"id":937,"date":"2025-02-24T21:00:12","date_gmt":"2025-02-24T20:00:12","guid":{"rendered":"https:\/\/webstaging.spka.ch\/coolclean\/"},"modified":"2025-09-03T15:04:31","modified_gmt":"2025-09-03T13:04:31","slug":"cool-and-clean","status":"publish","type":"page","link":"https:\/\/www.spka.ch\/fr\/values-ethics\/cool-and-clean\/","title":{"rendered":"Cool&amp;clean"},"content":{"rendered":"\n<h3 class=\"wp-block-heading\">Cool&amp;clean<\/h3>\n\n<p>Le programme de pr\u00e9vention pour les jeunes \u00ab<a href=\"https:\/\/www.coolandclean.ch\/fr\/\" target=\"_blank\" rel=\"noreferrer noopener\">cool and clean<\/a>\u00bb de Swiss Olympic soutient les monitrices et moniteurs d\u2019\u00e9quipes de jeunes dans le d\u00e9veloppement des comp\u00e9tences psychosociales des enfants et des adolescents, les aide \u00e0 d\u00e9tecter pr\u00e9cocement les comportements \u00e0 risque et \u00e0 y r\u00e9agir de mani\u00e8re appropri\u00e9e.  <\/p>\n\n<figure class=\"wp-block-image size-large\"><img loading=\"lazy\" decoding=\"async\" width=\"1024\" height=\"439\" src=\"\/wp-content\/uploads\/CnC_Teambuilding.1677249472121-1024x439.jpeg\" alt=\"\" class=\"wp-image-252\" srcset=\"\/wp-content\/uploads\/CnC_Teambuilding.1677249472121-1024x439.jpeg 1024w, \/wp-content\/uploads\/CnC_Teambuilding.1677249472121-300x129.jpeg 300w, \/wp-content\/uploads\/CnC_Teambuilding.1677249472121-768x329.jpeg 768w, \/wp-content\/uploads\/CnC_Teambuilding.1677249472121-1536x659.jpeg 1536w, \/wp-content\/uploads\/CnC_Teambuilding.1677249472121.jpeg 1656w\" sizes=\"auto, (max-width: 1024px) 100vw, 1024px\" \/><\/figure>\n\n<h4 class=\"wp-block-heading\">Les engagements \u00ab\u00a0cool&amp;clean\u00a0\u00bb.<\/h4>\n\n<p>Le programme est bas\u00e9 sur six engagements que les animateurs s&rsquo;engagent \u00e0 respecter avec les jeunes :<\/p>\n\n<ul class=\"wp-block-list\">\n<li><em>Je veux atteindre mes objectifs !<\/em><\/li>\n\n\n\n<li><em>Je me comporterai avec fair-play !<\/em><\/li>\n\n\n\n<li><em>Je r\u00e9ussis sans dopage !<\/em><\/li>\n\n\n\n<li><em>Je renonce au tabac !<\/em><\/li>\n\n\n\n<li><em>Je m&rsquo;abstiens de boire de l&rsquo;alcool !<\/em><\/li>\n\n\n\n<li><em>Je &#8230; ! \/ Nous &#8230; ! (engagement personnel)  <\/em><\/li>\n<\/ul>\n\n<p>\u00ab\u00a0Cool&amp;Sclean\u00a0\u00bb soutient \u00e9galement les organisateurs de sports et les exploitants d&rsquo;installations sportives dans la mise en \u0153uvre de mesures de protection de la jeunesse et de mesures de protection contre le tabagisme passif.<\/p>\n\n<p>En savoir plus sur <a href=\"https:\/\/www.coolandclean.ch\/fr\/\" target=\"_blank\" rel=\"noreferrer noopener\">Cool&amp;clean<\/a>!<\/p>\n\n<p><\/p>\n\n<p><\/p>\n","protected":false},"excerpt":{"rendered":"<p>Cool&amp;clean Le programme de pr\u00e9vention pour les jeunes \u00abcool and clean\u00bb de Swiss Olympic soutient les monitrices et moniteurs d\u2019\u00e9quipes de jeunes dans le d\u00e9veloppement des comp\u00e9tences psychosociales des enfants et des adolescents, les aide \u00e0 d\u00e9tecter pr\u00e9cocement les comportements \u00e0 risque et \u00e0 y r\u00e9agir de mani\u00e8re appropri\u00e9e. Les engagements \u00ab\u00a0cool&amp;clean\u00a0\u00bb. Le programme est [&hellip;]<\/p>\n","protected":false},"author":1,"featured_media":701,"parent":959,"menu_order":0,"comment_status":"closed","ping_status":"closed","template":"","meta":{"footnotes":""},"class_list":["post-937","page","type-page","status-publish","has-post-thumbnail","hentry"],"blocksy_meta":[],"yoast_head":"<!-- This site is optimized with the Yoast SEO plugin v27.2 - https:\/\/yoast.com\/product\/yoast-seo-wordpress\/ -->\n<title>Cool&amp;clean - Swiss Parkour Association<\/title>\n<meta name=\"robots\" content=\"index, follow, max-snippet:-1, max-image-preview:large, max-video-preview:-1\" \/>\n<link rel=\"canonical\" href=\"https:\/\/www.spka.ch\/fr\/values-ethics\/cool-and-clean\/\" \/>\n<meta property=\"og:locale\" content=\"fr_FR\" \/>\n<meta property=\"og:type\" content=\"article\" \/>\n<meta property=\"og:title\" content=\"Cool&amp;clean - Swiss Parkour Association\" \/>\n<meta property=\"og:description\" content=\"Cool&amp;clean Le programme de pr\u00e9vention pour les jeunes \u00abcool and clean\u00bb de Swiss Olympic soutient les monitrices et moniteurs d\u2019\u00e9quipes de jeunes dans le d\u00e9veloppement des comp\u00e9tences psychosociales des enfants et des adolescents, les aide \u00e0 d\u00e9tecter pr\u00e9cocement les comportements \u00e0 risque et \u00e0 y r\u00e9agir de mani\u00e8re appropri\u00e9e. Les engagements \u00ab\u00a0cool&amp;clean\u00a0\u00bb. Le programme est [&hellip;]\" \/>\n<meta property=\"og:url\" content=\"https:\/\/www.spka.ch\/fr\/values-ethics\/cool-and-clean\/\" \/>\n<meta property=\"og:site_name\" content=\"Swiss Parkour Association\" \/>\n<meta property=\"article:modified_time\" content=\"2025-09-03T13:04:31+00:00\" \/>\n<meta property=\"og:image\" content=\"https:\/\/www.spka.ch\/wp-content\/uploads\/CnC_Teambuilding.1677249472121.jpeg\" \/>\n\t<meta property=\"og:image:width\" content=\"1656\" \/>\n\t<meta property=\"og:image:height\" content=\"710\" \/>\n\t<meta property=\"og:image:type\" content=\"image\/jpeg\" \/>\n<meta name=\"twitter:card\" content=\"summary_large_image\" \/>\n<meta name=\"twitter:label1\" content=\"Dur\u00e9e de lecture estim\u00e9e\" \/>\n\t<meta name=\"twitter:data1\" content=\"1 minute\" \/>\n<script type=\"application\/ld+json\" class=\"yoast-schema-graph\">{\"@context\":\"https:\/\/schema.org\",\"@graph\":[{\"@type\":\"WebPage\",\"@id\":\"https:\/\/www.spka.ch\/fr\/values-ethics\/cool-and-clean\/\",\"url\":\"https:\/\/www.spka.ch\/fr\/values-ethics\/cool-and-clean\/\",\"name\":\"Cool&amp;clean - Swiss Parkour Association\",\"isPartOf\":{\"@id\":\"https:\/\/spka-wordpress-fhf0e0dzb2bveydb.switzerlandnorth-01.azurewebsites.net\/en\/#website\"},\"primaryImageOfPage\":{\"@id\":\"https:\/\/www.spka.ch\/fr\/values-ethics\/cool-and-clean\/#primaryimage\"},\"image\":{\"@id\":\"https:\/\/www.spka.ch\/fr\/values-ethics\/cool-and-clean\/#primaryimage\"},\"thumbnailUrl\":\"\/wp-content\/uploads\/CnC_Teambuilding.1677249472121.jpeg\",\"datePublished\":\"2025-02-24T20:00:12+00:00\",\"dateModified\":\"2025-09-03T13:04:31+00:00\",\"breadcrumb\":{\"@id\":\"https:\/\/www.spka.ch\/fr\/values-ethics\/cool-and-clean\/#breadcrumb\"},\"inLanguage\":\"fr-FR\",\"potentialAction\":[{\"@type\":\"ReadAction\",\"target\":[\"https:\/\/www.spka.ch\/fr\/values-ethics\/cool-and-clean\/\"]}]},{\"@type\":\"ImageObject\",\"inLanguage\":\"fr-FR\",\"@id\":\"https:\/\/www.spka.ch\/fr\/values-ethics\/cool-and-clean\/#primaryimage\",\"url\":\"\/wp-content\/uploads\/CnC_Teambuilding.1677249472121.jpeg\",\"contentUrl\":\"\/wp-content\/uploads\/CnC_Teambuilding.1677249472121.jpeg\",\"width\":1656,\"height\":710},{\"@type\":\"BreadcrumbList\",\"@id\":\"https:\/\/www.spka.ch\/fr\/values-ethics\/cool-and-clean\/#breadcrumb\",\"itemListElement\":[{\"@type\":\"ListItem\",\"position\":1,\"name\":\"Home\",\"item\":\"https:\/\/spka.ch\/fr\/\"},{\"@type\":\"ListItem\",\"position\":2,\"name\":\"Valeurs et \u00e9thique\",\"item\":\"https:\/\/webstaging.spka.ch\/fr\/values-ethics\/\"},{\"@type\":\"ListItem\",\"position\":3,\"name\":\"Cool&amp;clean\"}]},{\"@type\":\"WebSite\",\"@id\":\"https:\/\/spka-wordpress-fhf0e0dzb2bveydb.switzerlandnorth-01.azurewebsites.net\/en\/#website\",\"url\":\"https:\/\/spka-wordpress-fhf0e0dzb2bveydb.switzerlandnorth-01.azurewebsites.net\/en\/\",\"name\":\"Swiss Parkour Association\",\"description\":\"\",\"publisher\":{\"@id\":\"https:\/\/spka-wordpress-fhf0e0dzb2bveydb.switzerlandnorth-01.azurewebsites.net\/en\/#organization\"},\"potentialAction\":[{\"@type\":\"SearchAction\",\"target\":{\"@type\":\"EntryPoint\",\"urlTemplate\":\"https:\/\/spka-wordpress-fhf0e0dzb2bveydb.switzerlandnorth-01.azurewebsites.net\/en\/?s={search_term_string}\"},\"query-input\":{\"@type\":\"PropertyValueSpecification\",\"valueRequired\":true,\"valueName\":\"search_term_string\"}}],\"inLanguage\":\"fr-FR\"},{\"@type\":\"Organization\",\"@id\":\"https:\/\/spka-wordpress-fhf0e0dzb2bveydb.switzerlandnorth-01.azurewebsites.net\/en\/#organization\",\"name\":\"Swiss Parkour Association\",\"url\":\"https:\/\/spka-wordpress-fhf0e0dzb2bveydb.switzerlandnorth-01.azurewebsites.net\/en\/\",\"logo\":{\"@type\":\"ImageObject\",\"inLanguage\":\"fr-FR\",\"@id\":\"https:\/\/spka-wordpress-fhf0e0dzb2bveydb.switzerlandnorth-01.azurewebsites.net\/en\/#\/schema\/logo\/image\/\",\"url\":\"\/wp-content\/uploads\/logo-dark-circle.png\",\"contentUrl\":\"\/wp-content\/uploads\/logo-dark-circle.png\",\"width\":527,\"height\":527,\"caption\":\"Swiss Parkour Association\"},\"image\":{\"@id\":\"https:\/\/spka-wordpress-fhf0e0dzb2bveydb.switzerlandnorth-01.azurewebsites.net\/en\/#\/schema\/logo\/image\/\"},\"sameAs\":[\"https:\/\/www.instagram.com\/spka.swiss\/\"]}]}<\/script>\n<!-- \/ Yoast SEO plugin. -->","yoast_head_json":{"title":"Cool&amp;clean - Swiss Parkour Association","robots":{"index":"index","follow":"follow","max-snippet":"max-snippet:-1","max-image-preview":"max-image-preview:large","max-video-preview":"max-video-preview:-1"},"canonical":"https:\/\/www.spka.ch\/fr\/values-ethics\/cool-and-clean\/","og_locale":"fr_FR","og_type":"article","og_title":"Cool&amp;clean - Swiss Parkour Association","og_description":"Cool&amp;clean Le programme de pr\u00e9vention pour les jeunes \u00abcool and clean\u00bb de Swiss Olympic soutient les monitrices et moniteurs d\u2019\u00e9quipes de jeunes dans le d\u00e9veloppement des comp\u00e9tences psychosociales des enfants et des adolescents, les aide \u00e0 d\u00e9tecter pr\u00e9cocement les comportements \u00e0 risque et \u00e0 y r\u00e9agir de mani\u00e8re appropri\u00e9e. Les engagements \u00ab\u00a0cool&amp;clean\u00a0\u00bb. Le programme est [&hellip;]","og_url":"https:\/\/www.spka.ch\/fr\/values-ethics\/cool-and-clean\/","og_site_name":"Swiss Parkour Association","article_modified_time":"2025-09-03T13:04:31+00:00","og_image":[{"width":1656,"height":710,"url":"https:\/\/www.spka.ch\/wp-content\/uploads\/CnC_Teambuilding.1677249472121.jpeg","type":"image\/jpeg"}],"twitter_card":"summary_large_image","twitter_misc":{"Dur\u00e9e de lecture estim\u00e9e":"1 minute"},"schema":{"@context":"https:\/\/schema.org","@graph":[{"@type":"WebPage","@id":"https:\/\/www.spka.ch\/fr\/values-ethics\/cool-and-clean\/","url":"https:\/\/www.spka.ch\/fr\/values-ethics\/cool-and-clean\/","name":"Cool&amp;clean - Swiss Parkour Association","isPartOf":{"@id":"https:\/\/spka-wordpress-fhf0e0dzb2bveydb.switzerlandnorth-01.azurewebsites.net\/en\/#website"},"primaryImageOfPage":{"@id":"https:\/\/www.spka.ch\/fr\/values-ethics\/cool-and-clean\/#primaryimage"},"image":{"@id":"https:\/\/www.spka.ch\/fr\/values-ethics\/cool-and-clean\/#primaryimage"},"thumbnailUrl":"\/wp-content\/uploads\/CnC_Teambuilding.1677249472121.jpeg","datePublished":"2025-02-24T20:00:12+00:00","dateModified":"2025-09-03T13:04:31+00:00","breadcrumb":{"@id":"https:\/\/www.spka.ch\/fr\/values-ethics\/cool-and-clean\/#breadcrumb"},"inLanguage":"fr-FR","potentialAction":[{"@type":"ReadAction","target":["https:\/\/www.spka.ch\/fr\/values-ethics\/cool-and-clean\/"]}]},{"@type":"ImageObject","inLanguage":"fr-FR","@id":"https:\/\/www.spka.ch\/fr\/values-ethics\/cool-and-clean\/#primaryimage","url":"\/wp-content\/uploads\/CnC_Teambuilding.1677249472121.jpeg","contentUrl":"\/wp-content\/uploads\/CnC_Teambuilding.1677249472121.jpeg","width":1656,"height":710},{"@type":"BreadcrumbList","@id":"https:\/\/www.spka.ch\/fr\/values-ethics\/cool-and-clean\/#breadcrumb","itemListElement":[{"@type":"ListItem","position":1,"name":"Home","item":"https:\/\/spka.ch\/fr\/"},{"@type":"ListItem","position":2,"name":"Valeurs et \u00e9thique","item":"https:\/\/webstaging.spka.ch\/fr\/values-ethics\/"},{"@type":"ListItem","position":3,"name":"Cool&amp;clean"}]},{"@type":"WebSite","@id":"https:\/\/spka-wordpress-fhf0e0dzb2bveydb.switzerlandnorth-01.azurewebsites.net\/en\/#website","url":"https:\/\/spka-wordpress-fhf0e0dzb2bveydb.switzerlandnorth-01.azurewebsites.net\/en\/","name":"Swiss Parkour Association","description":"","publisher":{"@id":"https:\/\/spka-wordpress-fhf0e0dzb2bveydb.switzerlandnorth-01.azurewebsites.net\/en\/#organization"},"potentialAction":[{"@type":"SearchAction","target":{"@type":"EntryPoint","urlTemplate":"https:\/\/spka-wordpress-fhf0e0dzb2bveydb.switzerlandnorth-01.azurewebsites.net\/en\/?s={search_term_string}"},"query-input":{"@type":"PropertyValueSpecification","valueRequired":true,"valueName":"search_term_string"}}],"inLanguage":"fr-FR"},{"@type":"Organization","@id":"https:\/\/spka-wordpress-fhf0e0dzb2bveydb.switzerlandnorth-01.azurewebsites.net\/en\/#organization","name":"Swiss Parkour Association","url":"https:\/\/spka-wordpress-fhf0e0dzb2bveydb.switzerlandnorth-01.azurewebsites.net\/en\/","logo":{"@type":"ImageObject","inLanguage":"fr-FR","@id":"https:\/\/spka-wordpress-fhf0e0dzb2bveydb.switzerlandnorth-01.azurewebsites.net\/en\/#\/schema\/logo\/image\/","url":"\/wp-content\/uploads\/logo-dark-circle.png","contentUrl":"\/wp-content\/uploads\/logo-dark-circle.png","width":527,"height":527,"caption":"Swiss Parkour Association"},"image":{"@id":"https:\/\/spka-wordpress-fhf0e0dzb2bveydb.switzerlandnorth-01.azurewebsites.net\/en\/#\/schema\/logo\/image\/"},"sameAs":["https:\/\/www.instagram.com\/spka.swiss\/"]}]}},"jetpack_sharing_enabled":true,"jetpack_shortlink":"https:\/\/wp.me\/PgGha7-f7","_links":{"self":[{"href":"https:\/\/www.spka.ch\/fr\/wp-json\/wp\/v2\/pages\/937","targetHints":{"allow":["GET"]}}],"collection":[{"href":"https:\/\/www.spka.ch\/fr\/wp-json\/wp\/v2\/pages"}],"about":[{"href":"https:\/\/www.spka.ch\/fr\/wp-json\/wp\/v2\/types\/page"}],"author":[{"embeddable":true,"href":"https:\/\/www.spka.ch\/fr\/wp-json\/wp\/v2\/users\/1"}],"replies":[{"embeddable":true,"href":"https:\/\/www.spka.ch\/fr\/wp-json\/wp\/v2\/comments?post=937"}],"version-history":[{"count":7,"href":"https:\/\/www.spka.ch\/fr\/wp-json\/wp\/v2\/pages\/937\/revisions"}],"predecessor-version":[{"id":1337,"href":"https:\/\/www.spka.ch\/fr\/wp-json\/wp\/v2\/pages\/937\/revisions\/1337"}],"up":[{"embeddable":true,"href":"https:\/\/www.spka.ch\/fr\/wp-json\/wp\/v2\/pages\/959"}],"wp:featuredmedia":[{"embeddable":true,"href":"https:\/\/www.spka.ch\/fr\/wp-json\/wp\/v2\/media\/701"}],"wp:attachment":[{"href":"https:\/\/www.spka.ch\/fr\/wp-json\/wp\/v2\/media?parent=937"}],"curies":[{"name":"wp","href":"https:\/\/api.w.org\/{rel}","templated":true}]}}