{"id":963,"date":"2025-02-24T17:53:04","date_gmt":"2025-02-24T16:53:04","guid":{"rendered":"https:\/\/webstaging.spka.ch\/faites-du-benevolat-avec-nous\/"},"modified":"2025-09-03T11:03:08","modified_gmt":"2025-09-03T09:03:08","slug":"volunteering","status":"publish","type":"page","link":"https:\/\/www.spka.ch\/fr\/volunteering\/","title":{"rendered":"Faites du b\u00e9n\u00e9volat avec nous"},"content":{"rendered":"\n<div class=\"wp-block-cover alignfull has-parallax\"><span aria-hidden=\"true\" class=\"wp-block-cover__background has-palette-color-3-background-color has-background-dim\"><\/span><div class=\"wp-block-cover__image-background wp-image-683 has-parallax\" style=\"background-position:50% 50%;background-image:url(\/wp-content\/uploads\/tourteam-s.jpg);\"><\/div><div class=\"wp-block-cover__inner-container is-layout-constrained wp-block-cover-is-layout-constrained\">\n<p class=\"has-text-align-center has-palette-color-2-color has-text-color has-link-color has-x-large-font-size wp-elements-396088920074a866d4124cc5406d325e\"><strong>FAITES DU B\u00c9N\u00c9VOLAT AVEC NOUS<\/strong><\/p>\n<\/div><\/div>\n\n<h3 class=\"wp-block-heading\">LES CHOSES VEULENT \u00caTRE FAITES !<\/h3>\n\n<p>Vous voulez donner un coup de pouce au monde du parkour ? Vous avez donc trouv\u00e9 le bon endroit ! <\/p>\n\n<p>Nous recherchons des membres de projet pour contribuer \u00e0 l&rsquo;organisation des \u00e9v\u00e9nements du Swiss Parkour Tour &#8211; Swiss Parkour Session et les Championnats suisses de Parkour.<\/p>\n\n<p>Nous avons besoin de soutien dans les domaines suivants :<\/p>\n\n<ul class=\"wp-block-list\">\n<li>Communication et marketing<\/li>\n\n\n\n<li>Finances<\/li>\n\n\n\n<li>Administration<\/li>\n\n\n\n<li>Gestion des \u00e9v\u00e9nements<\/li>\n\n\n\n<li>Aide sur place<\/li>\n<\/ul>\n\n<p>Vous \u00eates int\u00e9ress\u00e9 ? Contactez le responsable du projet SPT, Shemaiah, pour plus d&rsquo;informations.   <\/p>\n\n<p>shemaiah.siegenthaler@spka.ch<\/p>\n\n<h4 class=\"wp-block-heading\">Apportez votre propre projet<\/h4>\n\n<p>Vous avez une id\u00e9e pour le Parkour en Suisse ou pour la SPKA que vous souhaitez concr\u00e9tiser avec nous ? Nous sommes toujours \u00e0 l&rsquo;\u00e9coute des id\u00e9es et nous pouvons soutenir les personnes motiv\u00e9es gr\u00e2ce \u00e0 nos ressources et \u00e0 nos relations pour faire avancer les choses. <a href=\"https:\/\/www.spka.ch\/en\/contact\" target=\"_blank\" rel=\"noreferrer noopener\">Prenez contact avec nous<\/a> si c&rsquo;est votre cas !<\/p>\n\n<p>Nous nommons \u00e9galement de nouveaux membres au conseil d&rsquo;administration de la SPKA lors de l&rsquo;assembl\u00e9e g\u00e9n\u00e9rale annuelle. Si vous souhaitez participer \u00e0 la direction de notre organisation, n&rsquo;h\u00e9sitez pas \u00e0 contacter l&rsquo;un des membres de l&rsquo;<a href=\"https:\/\/www.spka.ch\/en\/team\" target=\"_blank\" rel=\"noreferrer noopener\">\u00e9quipe actuelle<\/a>.  <\/p>\n\n<figure class=\"wp-block-image alignfull size-full\"><img loading=\"lazy\" decoding=\"async\" width=\"1200\" height=\"606\" src=\"\/wp-content\/uploads\/tourteam-s.jpg\" alt=\"\" class=\"wp-image-218\" srcset=\"\/wp-content\/uploads\/tourteam-s.jpg 1200w, \/wp-content\/uploads\/tourteam-s-300x152.jpg 300w, \/wp-content\/uploads\/tourteam-s-1024x517.jpg 1024w, \/wp-content\/uploads\/tourteam-s-768x388.jpg 768w\" sizes=\"auto, (max-width: 1200px) 100vw, 1200px\" \/><\/figure>\n","protected":false},"excerpt":{"rendered":"<p>LES CHOSES VEULENT \u00caTRE FAITES ! Vous voulez donner un coup de pouce au monde du parkour ? Vous avez donc trouv\u00e9 le bon endroit ! Nous recherchons des membres de projet pour contribuer \u00e0 l&rsquo;organisation des \u00e9v\u00e9nements du Swiss Parkour Tour &#8211; Swiss Parkour Session et les Championnats suisses de Parkour. Nous avons besoin [&hellip;]<\/p>\n","protected":false},"author":2,"featured_media":683,"parent":0,"menu_order":0,"comment_status":"closed","ping_status":"closed","template":"","meta":{"footnotes":""},"class_list":["post-963","page","type-page","status-publish","has-post-thumbnail","hentry"],"blocksy_meta":[],"yoast_head":"<!-- This site is optimized with the Yoast SEO plugin v27.2 - https:\/\/yoast.com\/product\/yoast-seo-wordpress\/ -->\n<title>Faites du b\u00e9n\u00e9volat avec nous - Swiss Parkour Association<\/title>\n<meta name=\"robots\" content=\"index, follow, max-snippet:-1, max-image-preview:large, max-video-preview:-1\" \/>\n<link rel=\"canonical\" href=\"https:\/\/www.spka.ch\/fr\/volunteering\/\" \/>\n<meta property=\"og:locale\" content=\"fr_FR\" \/>\n<meta property=\"og:type\" content=\"article\" \/>\n<meta property=\"og:title\" content=\"Faites du b\u00e9n\u00e9volat avec nous - Swiss Parkour Association\" \/>\n<meta property=\"og:description\" content=\"LES CHOSES VEULENT \u00caTRE FAITES ! Vous voulez donner un coup de pouce au monde du parkour ? Vous avez donc trouv\u00e9 le bon endroit ! Nous recherchons des membres de projet pour contribuer \u00e0 l&rsquo;organisation des \u00e9v\u00e9nements du Swiss Parkour Tour &#8211; Swiss Parkour Session et les Championnats suisses de Parkour. Nous avons besoin [&hellip;]\" \/>\n<meta property=\"og:url\" content=\"https:\/\/www.spka.ch\/fr\/volunteering\/\" \/>\n<meta property=\"og:site_name\" content=\"Swiss Parkour Association\" \/>\n<meta property=\"article:modified_time\" content=\"2025-09-03T09:03:08+00:00\" \/>\n<meta property=\"og:image\" content=\"https:\/\/www.spka.ch\/wp-content\/uploads\/tourteam-s.jpg\" \/>\n\t<meta property=\"og:image:width\" content=\"1200\" \/>\n\t<meta property=\"og:image:height\" content=\"606\" \/>\n\t<meta property=\"og:image:type\" content=\"image\/jpeg\" \/>\n<meta name=\"twitter:card\" content=\"summary_large_image\" \/>\n<meta name=\"twitter:label1\" content=\"Dur\u00e9e de lecture estim\u00e9e\" \/>\n\t<meta name=\"twitter:data1\" content=\"1 minute\" \/>\n<script type=\"application\/ld+json\" class=\"yoast-schema-graph\">{\"@context\":\"https:\/\/schema.org\",\"@graph\":[{\"@type\":\"WebPage\",\"@id\":\"https:\/\/www.spka.ch\/fr\/volunteering\/\",\"url\":\"https:\/\/www.spka.ch\/fr\/volunteering\/\",\"name\":\"Faites du b\u00e9n\u00e9volat avec nous - Swiss Parkour Association\",\"isPartOf\":{\"@id\":\"https:\/\/spka-wordpress-fhf0e0dzb2bveydb.switzerlandnorth-01.azurewebsites.net\/en\/#website\"},\"primaryImageOfPage\":{\"@id\":\"https:\/\/www.spka.ch\/fr\/volunteering\/#primaryimage\"},\"image\":{\"@id\":\"https:\/\/www.spka.ch\/fr\/volunteering\/#primaryimage\"},\"thumbnailUrl\":\"\/wp-content\/uploads\/tourteam-s.jpg\",\"datePublished\":\"2025-02-24T16:53:04+00:00\",\"dateModified\":\"2025-09-03T09:03:08+00:00\",\"breadcrumb\":{\"@id\":\"https:\/\/www.spka.ch\/fr\/volunteering\/#breadcrumb\"},\"inLanguage\":\"fr-FR\",\"potentialAction\":[{\"@type\":\"ReadAction\",\"target\":[\"https:\/\/www.spka.ch\/fr\/volunteering\/\"]}]},{\"@type\":\"ImageObject\",\"inLanguage\":\"fr-FR\",\"@id\":\"https:\/\/www.spka.ch\/fr\/volunteering\/#primaryimage\",\"url\":\"\/wp-content\/uploads\/tourteam-s.jpg\",\"contentUrl\":\"\/wp-content\/uploads\/tourteam-s.jpg\",\"width\":1200,\"height\":606},{\"@type\":\"BreadcrumbList\",\"@id\":\"https:\/\/www.spka.ch\/fr\/volunteering\/#breadcrumb\",\"itemListElement\":[{\"@type\":\"ListItem\",\"position\":1,\"name\":\"Home\",\"item\":\"https:\/\/spka.ch\/fr\/\"},{\"@type\":\"ListItem\",\"position\":2,\"name\":\"Faites du b\u00e9n\u00e9volat avec nous\"}]},{\"@type\":\"WebSite\",\"@id\":\"https:\/\/spka-wordpress-fhf0e0dzb2bveydb.switzerlandnorth-01.azurewebsites.net\/en\/#website\",\"url\":\"https:\/\/spka-wordpress-fhf0e0dzb2bveydb.switzerlandnorth-01.azurewebsites.net\/en\/\",\"name\":\"Swiss Parkour Association\",\"description\":\"\",\"publisher\":{\"@id\":\"https:\/\/spka-wordpress-fhf0e0dzb2bveydb.switzerlandnorth-01.azurewebsites.net\/en\/#organization\"},\"potentialAction\":[{\"@type\":\"SearchAction\",\"target\":{\"@type\":\"EntryPoint\",\"urlTemplate\":\"https:\/\/spka-wordpress-fhf0e0dzb2bveydb.switzerlandnorth-01.azurewebsites.net\/en\/?s={search_term_string}\"},\"query-input\":{\"@type\":\"PropertyValueSpecification\",\"valueRequired\":true,\"valueName\":\"search_term_string\"}}],\"inLanguage\":\"fr-FR\"},{\"@type\":\"Organization\",\"@id\":\"https:\/\/spka-wordpress-fhf0e0dzb2bveydb.switzerlandnorth-01.azurewebsites.net\/en\/#organization\",\"name\":\"Swiss Parkour Association\",\"url\":\"https:\/\/spka-wordpress-fhf0e0dzb2bveydb.switzerlandnorth-01.azurewebsites.net\/en\/\",\"logo\":{\"@type\":\"ImageObject\",\"inLanguage\":\"fr-FR\",\"@id\":\"https:\/\/spka-wordpress-fhf0e0dzb2bveydb.switzerlandnorth-01.azurewebsites.net\/en\/#\/schema\/logo\/image\/\",\"url\":\"\/wp-content\/uploads\/logo-dark-circle.png\",\"contentUrl\":\"\/wp-content\/uploads\/logo-dark-circle.png\",\"width\":527,\"height\":527,\"caption\":\"Swiss Parkour Association\"},\"image\":{\"@id\":\"https:\/\/spka-wordpress-fhf0e0dzb2bveydb.switzerlandnorth-01.azurewebsites.net\/en\/#\/schema\/logo\/image\/\"},\"sameAs\":[\"https:\/\/www.instagram.com\/spka.swiss\/\"]}]}<\/script>\n<!-- \/ Yoast SEO plugin. -->","yoast_head_json":{"title":"Faites du b\u00e9n\u00e9volat avec nous - Swiss Parkour Association","robots":{"index":"index","follow":"follow","max-snippet":"max-snippet:-1","max-image-preview":"max-image-preview:large","max-video-preview":"max-video-preview:-1"},"canonical":"https:\/\/www.spka.ch\/fr\/volunteering\/","og_locale":"fr_FR","og_type":"article","og_title":"Faites du b\u00e9n\u00e9volat avec nous - Swiss Parkour Association","og_description":"LES CHOSES VEULENT \u00caTRE FAITES ! Vous voulez donner un coup de pouce au monde du parkour ? Vous avez donc trouv\u00e9 le bon endroit ! Nous recherchons des membres de projet pour contribuer \u00e0 l&rsquo;organisation des \u00e9v\u00e9nements du Swiss Parkour Tour &#8211; Swiss Parkour Session et les Championnats suisses de Parkour. Nous avons besoin [&hellip;]","og_url":"https:\/\/www.spka.ch\/fr\/volunteering\/","og_site_name":"Swiss Parkour Association","article_modified_time":"2025-09-03T09:03:08+00:00","og_image":[{"width":1200,"height":606,"url":"https:\/\/www.spka.ch\/wp-content\/uploads\/tourteam-s.jpg","type":"image\/jpeg"}],"twitter_card":"summary_large_image","twitter_misc":{"Dur\u00e9e de lecture estim\u00e9e":"1 minute"},"schema":{"@context":"https:\/\/schema.org","@graph":[{"@type":"WebPage","@id":"https:\/\/www.spka.ch\/fr\/volunteering\/","url":"https:\/\/www.spka.ch\/fr\/volunteering\/","name":"Faites du b\u00e9n\u00e9volat avec nous - Swiss Parkour Association","isPartOf":{"@id":"https:\/\/spka-wordpress-fhf0e0dzb2bveydb.switzerlandnorth-01.azurewebsites.net\/en\/#website"},"primaryImageOfPage":{"@id":"https:\/\/www.spka.ch\/fr\/volunteering\/#primaryimage"},"image":{"@id":"https:\/\/www.spka.ch\/fr\/volunteering\/#primaryimage"},"thumbnailUrl":"\/wp-content\/uploads\/tourteam-s.jpg","datePublished":"2025-02-24T16:53:04+00:00","dateModified":"2025-09-03T09:03:08+00:00","breadcrumb":{"@id":"https:\/\/www.spka.ch\/fr\/volunteering\/#breadcrumb"},"inLanguage":"fr-FR","potentialAction":[{"@type":"ReadAction","target":["https:\/\/www.spka.ch\/fr\/volunteering\/"]}]},{"@type":"ImageObject","inLanguage":"fr-FR","@id":"https:\/\/www.spka.ch\/fr\/volunteering\/#primaryimage","url":"\/wp-content\/uploads\/tourteam-s.jpg","contentUrl":"\/wp-content\/uploads\/tourteam-s.jpg","width":1200,"height":606},{"@type":"BreadcrumbList","@id":"https:\/\/www.spka.ch\/fr\/volunteering\/#breadcrumb","itemListElement":[{"@type":"ListItem","position":1,"name":"Home","item":"https:\/\/spka.ch\/fr\/"},{"@type":"ListItem","position":2,"name":"Faites du b\u00e9n\u00e9volat avec nous"}]},{"@type":"WebSite","@id":"https:\/\/spka-wordpress-fhf0e0dzb2bveydb.switzerlandnorth-01.azurewebsites.net\/en\/#website","url":"https:\/\/spka-wordpress-fhf0e0dzb2bveydb.switzerlandnorth-01.azurewebsites.net\/en\/","name":"Swiss Parkour Association","description":"","publisher":{"@id":"https:\/\/spka-wordpress-fhf0e0dzb2bveydb.switzerlandnorth-01.azurewebsites.net\/en\/#organization"},"potentialAction":[{"@type":"SearchAction","target":{"@type":"EntryPoint","urlTemplate":"https:\/\/spka-wordpress-fhf0e0dzb2bveydb.switzerlandnorth-01.azurewebsites.net\/en\/?s={search_term_string}"},"query-input":{"@type":"PropertyValueSpecification","valueRequired":true,"valueName":"search_term_string"}}],"inLanguage":"fr-FR"},{"@type":"Organization","@id":"https:\/\/spka-wordpress-fhf0e0dzb2bveydb.switzerlandnorth-01.azurewebsites.net\/en\/#organization","name":"Swiss Parkour Association","url":"https:\/\/spka-wordpress-fhf0e0dzb2bveydb.switzerlandnorth-01.azurewebsites.net\/en\/","logo":{"@type":"ImageObject","inLanguage":"fr-FR","@id":"https:\/\/spka-wordpress-fhf0e0dzb2bveydb.switzerlandnorth-01.azurewebsites.net\/en\/#\/schema\/logo\/image\/","url":"\/wp-content\/uploads\/logo-dark-circle.png","contentUrl":"\/wp-content\/uploads\/logo-dark-circle.png","width":527,"height":527,"caption":"Swiss Parkour Association"},"image":{"@id":"https:\/\/spka-wordpress-fhf0e0dzb2bveydb.switzerlandnorth-01.azurewebsites.net\/en\/#\/schema\/logo\/image\/"},"sameAs":["https:\/\/www.instagram.com\/spka.swiss\/"]}]}},"jetpack_sharing_enabled":true,"jetpack_shortlink":"https:\/\/wp.me\/PgGha7-fx","_links":{"self":[{"href":"https:\/\/www.spka.ch\/fr\/wp-json\/wp\/v2\/pages\/963","targetHints":{"allow":["GET"]}}],"collection":[{"href":"https:\/\/www.spka.ch\/fr\/wp-json\/wp\/v2\/pages"}],"about":[{"href":"https:\/\/www.spka.ch\/fr\/wp-json\/wp\/v2\/types\/page"}],"author":[{"embeddable":true,"href":"https:\/\/www.spka.ch\/fr\/wp-json\/wp\/v2\/users\/2"}],"replies":[{"embeddable":true,"href":"https:\/\/www.spka.ch\/fr\/wp-json\/wp\/v2\/comments?post=963"}],"version-history":[{"count":3,"href":"https:\/\/www.spka.ch\/fr\/wp-json\/wp\/v2\/pages\/963\/revisions"}],"predecessor-version":[{"id":1229,"href":"https:\/\/www.spka.ch\/fr\/wp-json\/wp\/v2\/pages\/963\/revisions\/1229"}],"wp:featuredmedia":[{"embeddable":true,"href":"https:\/\/www.spka.ch\/fr\/wp-json\/wp\/v2\/media\/683"}],"wp:attachment":[{"href":"https:\/\/www.spka.ch\/fr\/wp-json\/wp\/v2\/media?parent=963"}],"curies":[{"name":"wp","href":"https:\/\/api.w.org\/{rel}","templated":true}]}}