{"id":975,"date":"2025-02-24T17:52:45","date_gmt":"2025-02-24T16:52:45","guid":{"rendered":"https:\/\/webstaging.spka.ch\/documents-publies\/"},"modified":"2026-03-24T22:53:49","modified_gmt":"2026-03-24T21:53:49","slug":"document-archive","status":"publish","type":"page","link":"https:\/\/www.spka.ch\/fr\/document-archive\/","title":{"rendered":"Documents publi\u00e9s"},"content":{"rendered":"\n<h2 class=\"wp-block-heading\">Documents publi\u00e9s<\/h2>\n\n<p>Permet d&rsquo;acc\u00e9der aux documents publics de SPKA<\/p>\n\n<div class=\"wp-block-columns is-layout-flex wp-container-core-columns-is-layout-28f84493 wp-block-columns-is-layout-flex\">\n<div class=\"wp-block-column is-layout-flow wp-block-column-is-layout-flow\">\n<h4 class=\"wp-block-heading\">Rapports annuels<\/h4>\n\n\n\n<p>Chaque ann\u00e9e, lors de notre assembl\u00e9e g\u00e9n\u00e9rale annuelle, nous publions un rapport comprenant les \u00e9tats financiers et les points forts des projets. Ils sont disponibles ici. <\/p>\n\n\n\n<ul class=\"wp-block-list\">\n<li><a href=\"\/wp-content\/uploads\/AnnualReport2025.pdf\"><strong>2025<\/strong><\/a><\/li>\n\n\n\n<li><strong><a href=\"\/wp-content\/uploads\/AnnualReport2024.pdf\">2024<\/a><\/strong><\/li>\n\n\n\n<li><strong><a href=\"https:\/\/content.spka.ch\/assets\/e25b8de8-ba5d-4a6c-8817-7660876ac978\" target=\"_blank\" rel=\"noreferrer noopener\">2023<\/a><\/strong><\/li>\n\n\n\n<li><strong><a href=\"https:\/\/content.spka.ch\/assets\/ac0ea7a6-6a9a-4ce9-9f96-6608122e36b0\" target=\"_blank\" rel=\"noreferrer noopener\">2022<\/a><\/strong><\/li>\n\n\n\n<li><strong><a href=\"https:\/\/content.spka.ch\/assets\/a0abebf9-6411-4ebf-bfa9-2f9c5819a50d\" target=\"_blank\" rel=\"noreferrer noopener\">2021<\/a><\/strong><\/li>\n\n\n\n<li><strong><a href=\"https:\/\/content.spka.ch\/assets\/46b3f149-3968-4f6c-8a71-47ad875e226d\" target=\"_blank\" rel=\"noreferrer noopener\">2020<\/a><\/strong><\/li>\n<\/ul>\n<\/div>\n\n\n\n<div class=\"wp-block-column is-layout-flow wp-block-column-is-layout-flow\">\n<h4 class=\"wp-block-heading\">Gouvernance<\/h4>\n\n\n\n<p>Les r\u00e8gles qui r\u00e9gissent la SPKA sont disponibles ici.<\/p>\n\n\n\n<p><strong><a href=\"\/wp-content\/uploads\/Constitution.pdf\" target=\"_blank\" rel=\"noreferrer noopener\">Statuts de la SPKA<\/a><\/strong><\/p>\n<\/div>\n\n\n\n<div class=\"wp-block-column is-layout-flow wp-block-column-is-layout-flow\">\n<h4 class=\"wp-block-heading\">D\u00e9clarations de conflits d&rsquo;int\u00e9r\u00eats<\/h4>\n\n\n\n<p>Chaque membre du conseil d&rsquo;administration remplit un formulaire de conflit d&rsquo;int\u00e9r\u00eats, accessible au public.  <\/p>\n\n\n\n<ul class=\"wp-block-list\">\n<li><strong><a href=\"\/wp-content\/uploads\/ConflictOfInterest.pdf\" target=\"_blank\" rel=\"noreferrer noopener\">Conflits d&rsquo;int\u00e9r\u00eats<\/a><\/strong><\/li>\n<\/ul>\n<\/div>\n<\/div>\n\n<p><\/p>\n","protected":false},"excerpt":{"rendered":"<p>Documents publi\u00e9s Permet d&rsquo;acc\u00e9der aux documents publics de SPKA Rapports annuels Chaque ann\u00e9e, lors de notre assembl\u00e9e g\u00e9n\u00e9rale annuelle, nous publions un rapport comprenant les \u00e9tats financiers et les points forts des projets. Ils sont disponibles ici. Gouvernance Les r\u00e8gles qui r\u00e9gissent la SPKA sont disponibles ici. Statuts de la SPKA D\u00e9clarations de conflits d&rsquo;int\u00e9r\u00eats [&hellip;]<\/p>\n","protected":false},"author":2,"featured_media":0,"parent":0,"menu_order":0,"comment_status":"closed","ping_status":"closed","template":"","meta":{"footnotes":""},"class_list":["post-975","page","type-page","status-publish","hentry"],"blocksy_meta":[],"yoast_head":"<!-- This site is optimized with the Yoast SEO plugin v27.2 - https:\/\/yoast.com\/product\/yoast-seo-wordpress\/ -->\n<title>Documents publi\u00e9s - Swiss Parkour Association<\/title>\n<meta name=\"robots\" content=\"index, follow, max-snippet:-1, max-image-preview:large, max-video-preview:-1\" \/>\n<link rel=\"canonical\" href=\"https:\/\/www.spka.ch\/fr\/document-archive\/\" \/>\n<meta property=\"og:locale\" content=\"fr_FR\" \/>\n<meta property=\"og:type\" content=\"article\" \/>\n<meta property=\"og:title\" content=\"Documents publi\u00e9s - Swiss Parkour Association\" \/>\n<meta property=\"og:description\" content=\"Documents publi\u00e9s Permet d&rsquo;acc\u00e9der aux documents publics de SPKA Rapports annuels Chaque ann\u00e9e, lors de notre assembl\u00e9e g\u00e9n\u00e9rale annuelle, nous publions un rapport comprenant les \u00e9tats financiers et les points forts des projets. Ils sont disponibles ici. Gouvernance Les r\u00e8gles qui r\u00e9gissent la SPKA sont disponibles ici. Statuts de la SPKA D\u00e9clarations de conflits d&rsquo;int\u00e9r\u00eats [&hellip;]\" \/>\n<meta property=\"og:url\" content=\"https:\/\/www.spka.ch\/fr\/document-archive\/\" \/>\n<meta property=\"og:site_name\" content=\"Swiss Parkour Association\" \/>\n<meta property=\"article:modified_time\" content=\"2026-03-24T21:53:49+00:00\" \/>\n<meta name=\"twitter:card\" content=\"summary_large_image\" \/>\n<script type=\"application\/ld+json\" class=\"yoast-schema-graph\">{\"@context\":\"https:\/\/schema.org\",\"@graph\":[{\"@type\":\"WebPage\",\"@id\":\"https:\/\/www.spka.ch\/fr\/document-archive\/\",\"url\":\"https:\/\/www.spka.ch\/fr\/document-archive\/\",\"name\":\"Documents publi\u00e9s - Swiss Parkour Association\",\"isPartOf\":{\"@id\":\"https:\/\/spka-wordpress-fhf0e0dzb2bveydb.switzerlandnorth-01.azurewebsites.net\/en\/#website\"},\"datePublished\":\"2025-02-24T16:52:45+00:00\",\"dateModified\":\"2026-03-24T21:53:49+00:00\",\"breadcrumb\":{\"@id\":\"https:\/\/www.spka.ch\/fr\/document-archive\/#breadcrumb\"},\"inLanguage\":\"fr-FR\",\"potentialAction\":[{\"@type\":\"ReadAction\",\"target\":[\"https:\/\/www.spka.ch\/fr\/document-archive\/\"]}]},{\"@type\":\"BreadcrumbList\",\"@id\":\"https:\/\/www.spka.ch\/fr\/document-archive\/#breadcrumb\",\"itemListElement\":[{\"@type\":\"ListItem\",\"position\":1,\"name\":\"Home\",\"item\":\"https:\/\/spka.ch\/fr\/\"},{\"@type\":\"ListItem\",\"position\":2,\"name\":\"Documents publi\u00e9s\"}]},{\"@type\":\"WebSite\",\"@id\":\"https:\/\/spka-wordpress-fhf0e0dzb2bveydb.switzerlandnorth-01.azurewebsites.net\/en\/#website\",\"url\":\"https:\/\/spka-wordpress-fhf0e0dzb2bveydb.switzerlandnorth-01.azurewebsites.net\/en\/\",\"name\":\"Swiss Parkour Association\",\"description\":\"\",\"publisher\":{\"@id\":\"https:\/\/spka-wordpress-fhf0e0dzb2bveydb.switzerlandnorth-01.azurewebsites.net\/en\/#organization\"},\"potentialAction\":[{\"@type\":\"SearchAction\",\"target\":{\"@type\":\"EntryPoint\",\"urlTemplate\":\"https:\/\/spka-wordpress-fhf0e0dzb2bveydb.switzerlandnorth-01.azurewebsites.net\/en\/?s={search_term_string}\"},\"query-input\":{\"@type\":\"PropertyValueSpecification\",\"valueRequired\":true,\"valueName\":\"search_term_string\"}}],\"inLanguage\":\"fr-FR\"},{\"@type\":\"Organization\",\"@id\":\"https:\/\/spka-wordpress-fhf0e0dzb2bveydb.switzerlandnorth-01.azurewebsites.net\/en\/#organization\",\"name\":\"Swiss Parkour Association\",\"url\":\"https:\/\/spka-wordpress-fhf0e0dzb2bveydb.switzerlandnorth-01.azurewebsites.net\/en\/\",\"logo\":{\"@type\":\"ImageObject\",\"inLanguage\":\"fr-FR\",\"@id\":\"https:\/\/spka-wordpress-fhf0e0dzb2bveydb.switzerlandnorth-01.azurewebsites.net\/en\/#\/schema\/logo\/image\/\",\"url\":\"\/wp-content\/uploads\/logo-dark-circle.png\",\"contentUrl\":\"\/wp-content\/uploads\/logo-dark-circle.png\",\"width\":527,\"height\":527,\"caption\":\"Swiss Parkour Association\"},\"image\":{\"@id\":\"https:\/\/spka-wordpress-fhf0e0dzb2bveydb.switzerlandnorth-01.azurewebsites.net\/en\/#\/schema\/logo\/image\/\"},\"sameAs\":[\"https:\/\/www.instagram.com\/spka.swiss\/\"]}]}<\/script>\n<!-- \/ Yoast SEO plugin. -->","yoast_head_json":{"title":"Documents publi\u00e9s - Swiss Parkour Association","robots":{"index":"index","follow":"follow","max-snippet":"max-snippet:-1","max-image-preview":"max-image-preview:large","max-video-preview":"max-video-preview:-1"},"canonical":"https:\/\/www.spka.ch\/fr\/document-archive\/","og_locale":"fr_FR","og_type":"article","og_title":"Documents publi\u00e9s - Swiss Parkour Association","og_description":"Documents publi\u00e9s Permet d&rsquo;acc\u00e9der aux documents publics de SPKA Rapports annuels Chaque ann\u00e9e, lors de notre assembl\u00e9e g\u00e9n\u00e9rale annuelle, nous publions un rapport comprenant les \u00e9tats financiers et les points forts des projets. Ils sont disponibles ici. Gouvernance Les r\u00e8gles qui r\u00e9gissent la SPKA sont disponibles ici. Statuts de la SPKA D\u00e9clarations de conflits d&rsquo;int\u00e9r\u00eats [&hellip;]","og_url":"https:\/\/www.spka.ch\/fr\/document-archive\/","og_site_name":"Swiss Parkour Association","article_modified_time":"2026-03-24T21:53:49+00:00","twitter_card":"summary_large_image","schema":{"@context":"https:\/\/schema.org","@graph":[{"@type":"WebPage","@id":"https:\/\/www.spka.ch\/fr\/document-archive\/","url":"https:\/\/www.spka.ch\/fr\/document-archive\/","name":"Documents publi\u00e9s - Swiss Parkour Association","isPartOf":{"@id":"https:\/\/spka-wordpress-fhf0e0dzb2bveydb.switzerlandnorth-01.azurewebsites.net\/en\/#website"},"datePublished":"2025-02-24T16:52:45+00:00","dateModified":"2026-03-24T21:53:49+00:00","breadcrumb":{"@id":"https:\/\/www.spka.ch\/fr\/document-archive\/#breadcrumb"},"inLanguage":"fr-FR","potentialAction":[{"@type":"ReadAction","target":["https:\/\/www.spka.ch\/fr\/document-archive\/"]}]},{"@type":"BreadcrumbList","@id":"https:\/\/www.spka.ch\/fr\/document-archive\/#breadcrumb","itemListElement":[{"@type":"ListItem","position":1,"name":"Home","item":"https:\/\/spka.ch\/fr\/"},{"@type":"ListItem","position":2,"name":"Documents publi\u00e9s"}]},{"@type":"WebSite","@id":"https:\/\/spka-wordpress-fhf0e0dzb2bveydb.switzerlandnorth-01.azurewebsites.net\/en\/#website","url":"https:\/\/spka-wordpress-fhf0e0dzb2bveydb.switzerlandnorth-01.azurewebsites.net\/en\/","name":"Swiss Parkour Association","description":"","publisher":{"@id":"https:\/\/spka-wordpress-fhf0e0dzb2bveydb.switzerlandnorth-01.azurewebsites.net\/en\/#organization"},"potentialAction":[{"@type":"SearchAction","target":{"@type":"EntryPoint","urlTemplate":"https:\/\/spka-wordpress-fhf0e0dzb2bveydb.switzerlandnorth-01.azurewebsites.net\/en\/?s={search_term_string}"},"query-input":{"@type":"PropertyValueSpecification","valueRequired":true,"valueName":"search_term_string"}}],"inLanguage":"fr-FR"},{"@type":"Organization","@id":"https:\/\/spka-wordpress-fhf0e0dzb2bveydb.switzerlandnorth-01.azurewebsites.net\/en\/#organization","name":"Swiss Parkour Association","url":"https:\/\/spka-wordpress-fhf0e0dzb2bveydb.switzerlandnorth-01.azurewebsites.net\/en\/","logo":{"@type":"ImageObject","inLanguage":"fr-FR","@id":"https:\/\/spka-wordpress-fhf0e0dzb2bveydb.switzerlandnorth-01.azurewebsites.net\/en\/#\/schema\/logo\/image\/","url":"\/wp-content\/uploads\/logo-dark-circle.png","contentUrl":"\/wp-content\/uploads\/logo-dark-circle.png","width":527,"height":527,"caption":"Swiss Parkour Association"},"image":{"@id":"https:\/\/spka-wordpress-fhf0e0dzb2bveydb.switzerlandnorth-01.azurewebsites.net\/en\/#\/schema\/logo\/image\/"},"sameAs":["https:\/\/www.instagram.com\/spka.swiss\/"]}]}},"jetpack_sharing_enabled":true,"jetpack_shortlink":"https:\/\/wp.me\/PgGha7-fJ","_links":{"self":[{"href":"https:\/\/www.spka.ch\/fr\/wp-json\/wp\/v2\/pages\/975","targetHints":{"allow":["GET"]}}],"collection":[{"href":"https:\/\/www.spka.ch\/fr\/wp-json\/wp\/v2\/pages"}],"about":[{"href":"https:\/\/www.spka.ch\/fr\/wp-json\/wp\/v2\/types\/page"}],"author":[{"embeddable":true,"href":"https:\/\/www.spka.ch\/fr\/wp-json\/wp\/v2\/users\/2"}],"replies":[{"embeddable":true,"href":"https:\/\/www.spka.ch\/fr\/wp-json\/wp\/v2\/comments?post=975"}],"version-history":[{"count":6,"href":"https:\/\/www.spka.ch\/fr\/wp-json\/wp\/v2\/pages\/975\/revisions"}],"predecessor-version":[{"id":1861,"href":"https:\/\/www.spka.ch\/fr\/wp-json\/wp\/v2\/pages\/975\/revisions\/1861"}],"wp:attachment":[{"href":"https:\/\/www.spka.ch\/fr\/wp-json\/wp\/v2\/media?parent=975"}],"curies":[{"name":"wp","href":"https:\/\/api.w.org\/{rel}","templated":true}]}}