{"id":989,"date":"2025-02-24T17:52:49","date_gmt":"2025-02-24T16:52:49","guid":{"rendered":"https:\/\/webstaging.spka.ch\/jeunessesport\/normes-de-securite-bfu\/"},"modified":"2025-09-03T15:04:16","modified_gmt":"2025-09-03T13:04:16","slug":"safety-standards","status":"publish","type":"page","link":"https:\/\/www.spka.ch\/fr\/js\/safety-standards\/","title":{"rendered":"Normes de s\u00e9curit\u00e9 (BPA)"},"content":{"rendered":"\n<h3 class=\"wp-block-heading\">Normes de s\u00e9curit\u00e9 dans l&rsquo;entra\u00eenement au parkour<\/h3>\n\n<p>La SPKA est partenaire du Bureau suisse de pr\u00e9vention des accidents (BPA). En collaboration avec le BPA, des mesures de s\u00e9curit\u00e9 ont \u00e9t\u00e9 d\u00e9finies dans le cadre de la formation \u00e0 Jeunesse+Sport, qui doivent \u00eatre mises en \u0153uvre dans tous les clubs. Les mesures de s\u00e9curit\u00e9 peuvent \u00eatre utilis\u00e9es pour promouvoir la pr\u00e9vention des accidents dans le parkour aupr\u00e8s des enfants et des jeunes. En principe, la SPKA s&rsquo;oppose \u00e0 tout risque disproportionn\u00e9 et adh\u00e8re \u00e0 la valeur \u00ab\u00a0s\u00e9curit\u00e9 et contr\u00f4le dans chaque situation\u00a0\u00bb.    <\/p>\n\n<h5 class=\"wp-block-heading\">Les moniteurs de Parkour &#8230;<\/h5>\n\n<ul class=\"wp-block-list\">\n<li>exercent, lors des activit\u00e9s, une surveillance active adapt\u00e9e au degr\u00e9 de d\u00e9veloppement des participants;<\/li>\n\n\n\n<li>incitent les enfants et les jeunes \u00e0 appr\u00e9hender consciemment les difficult\u00e9s, le risque et la prise de risque ainsi qu\u2019\u00e0 \u00e9valuer leurs propres capacit\u00e9s;<\/li>\n\n\n\n<li>veillent \u00e0 ce que tous les participants retirent ou scotchent montres et bijoux, crachent leurs chewing-gums\/bonbons et attachent leurs cheveux s\u2019ils sont longs; <\/li>\n\n\n\n<li>respectent l\u2019environnement, les pi\u00e9tons ainsi que leurs coll\u00e8gues d\u2019entra\u00eenement, jettent leurs d\u00e9chets aux endroits pr\u00e9vus \u00e0 cet effet et s\u2019assurent que les traceurs ne d\u00e9t\u00e9riorent en aucun cas le milieu dans lequel ils s\u2019entra\u00eenent;  <\/li>\n\n\n\n<li>veillent \u00e0 ce que les enfants et les jeunes n\u2019aient acc\u00e8s qu\u2019\u00e0 des infrastructures qui correspondent \u00e0 leur niveau;<\/li>\n\n\n\n<li>prennent en compte les exigences sp\u00e9cifiques propres aux trois types d\u2019environnement (int\u00e9rieur, ext\u00e9rieur et installations de parkour).<\/li>\n<\/ul>\n\n<div class=\"wp-block-media-text is-stacked-on-mobile\" style=\"grid-template-columns:21% auto\"><figure class=\"wp-block-media-text__media\"><img loading=\"lazy\" decoding=\"async\" width=\"722\" height=\"1024\" src=\"\/wp-content\/uploads\/bfu1-722x1024.jpg\" alt=\"\" class=\"wp-image-185 size-full\" srcset=\"\/wp-content\/uploads\/bfu1-722x1024.jpg 722w, \/wp-content\/uploads\/bfu1-212x300.jpg 212w, \/wp-content\/uploads\/bfu1.jpg 760w\" sizes=\"auto, (max-width: 722px) 100vw, 722px\" \/><\/figure><div class=\"wp-block-media-text__content\">\n<p><br\/><br\/><br\/>Document : <a href=\"https:\/\/backend.jugendundsport.ch\/fileservice\/sdweb-docs-prod-jugdsport-files\/files\/2024\/03\/06\/f04aba71-5777-4744-a905-d6e2a3105f21.pdf\" target=\"_blank\" rel=\"noreferrer noopener\">Pr\u00e9vention des accidents en parkour (site web J+S)<\/a><\/p>\n\n\n\n<p>Document : <a href=\"https:\/\/www.jugendundsport.ch\/fr\/aide-memoire-prevention-des-accidents\" target=\"_blank\" rel=\"noreferrer noopener\">Lignes directrices compl\u00e8tes en mati\u00e8re de s\u00e9curit\u00e9 (site web J+S)<\/a><\/p>\n\n\n\n<p>Site Internet du BPA : <a href=\"https:\/\/www.bfu.ch\/fr\/sport-et-activite-physique\">www.bfu.ch<\/a><\/p>\n<\/div><\/div>\n\n<p><\/p>\n","protected":false},"excerpt":{"rendered":"<p>Normes de s\u00e9curit\u00e9 dans l&rsquo;entra\u00eenement au parkour La SPKA est partenaire du Bureau suisse de pr\u00e9vention des accidents (BPA). En collaboration avec le BPA, des mesures de s\u00e9curit\u00e9 ont \u00e9t\u00e9 d\u00e9finies dans le cadre de la formation \u00e0 Jeunesse+Sport, qui doivent \u00eatre mises en \u0153uvre dans tous les clubs. Les mesures de s\u00e9curit\u00e9 peuvent \u00eatre [&hellip;]<\/p>\n","protected":false},"author":2,"featured_media":0,"parent":914,"menu_order":0,"comment_status":"closed","ping_status":"closed","template":"","meta":{"footnotes":""},"class_list":["post-989","page","type-page","status-publish","hentry"],"blocksy_meta":[],"yoast_head":"<!-- This site is optimized with the Yoast SEO plugin v27.2 - https:\/\/yoast.com\/product\/yoast-seo-wordpress\/ -->\n<title>Normes de s\u00e9curit\u00e9 (BPA) - Swiss Parkour Association<\/title>\n<meta name=\"robots\" content=\"index, follow, max-snippet:-1, max-image-preview:large, max-video-preview:-1\" \/>\n<link rel=\"canonical\" href=\"https:\/\/www.spka.ch\/fr\/js\/safety-standards\/\" \/>\n<meta property=\"og:locale\" content=\"fr_FR\" \/>\n<meta property=\"og:type\" content=\"article\" \/>\n<meta property=\"og:title\" content=\"Normes de s\u00e9curit\u00e9 (BPA) - Swiss Parkour Association\" \/>\n<meta property=\"og:description\" content=\"Normes de s\u00e9curit\u00e9 dans l&rsquo;entra\u00eenement au parkour La SPKA est partenaire du Bureau suisse de pr\u00e9vention des accidents (BPA). En collaboration avec le BPA, des mesures de s\u00e9curit\u00e9 ont \u00e9t\u00e9 d\u00e9finies dans le cadre de la formation \u00e0 Jeunesse+Sport, qui doivent \u00eatre mises en \u0153uvre dans tous les clubs. Les mesures de s\u00e9curit\u00e9 peuvent \u00eatre [&hellip;]\" \/>\n<meta property=\"og:url\" content=\"https:\/\/www.spka.ch\/fr\/js\/safety-standards\/\" \/>\n<meta property=\"og:site_name\" content=\"Swiss Parkour Association\" \/>\n<meta property=\"article:modified_time\" content=\"2025-09-03T13:04:16+00:00\" \/>\n<meta name=\"twitter:card\" content=\"summary_large_image\" \/>\n<meta name=\"twitter:label1\" content=\"Dur\u00e9e de lecture estim\u00e9e\" \/>\n\t<meta name=\"twitter:data1\" content=\"1 minute\" \/>\n<script type=\"application\/ld+json\" class=\"yoast-schema-graph\">{\"@context\":\"https:\/\/schema.org\",\"@graph\":[{\"@type\":\"WebPage\",\"@id\":\"https:\/\/www.spka.ch\/fr\/js\/safety-standards\/\",\"url\":\"https:\/\/www.spka.ch\/fr\/js\/safety-standards\/\",\"name\":\"Normes de s\u00e9curit\u00e9 (BPA) - Swiss Parkour Association\",\"isPartOf\":{\"@id\":\"https:\/\/spka-wordpress-fhf0e0dzb2bveydb.switzerlandnorth-01.azurewebsites.net\/en\/#website\"},\"datePublished\":\"2025-02-24T16:52:49+00:00\",\"dateModified\":\"2025-09-03T13:04:16+00:00\",\"breadcrumb\":{\"@id\":\"https:\/\/www.spka.ch\/fr\/js\/safety-standards\/#breadcrumb\"},\"inLanguage\":\"fr-FR\",\"potentialAction\":[{\"@type\":\"ReadAction\",\"target\":[\"https:\/\/www.spka.ch\/fr\/js\/safety-standards\/\"]}]},{\"@type\":\"BreadcrumbList\",\"@id\":\"https:\/\/www.spka.ch\/fr\/js\/safety-standards\/#breadcrumb\",\"itemListElement\":[{\"@type\":\"ListItem\",\"position\":1,\"name\":\"Home\",\"item\":\"https:\/\/spka.ch\/fr\/\"},{\"@type\":\"ListItem\",\"position\":2,\"name\":\"Jeunesse+Sport Information G\u00e9n\u00e9rale\",\"item\":\"https:\/\/spka.ch\/fr\/js\/\"},{\"@type\":\"ListItem\",\"position\":3,\"name\":\"Normes de s\u00e9curit\u00e9 (BPA)\"}]},{\"@type\":\"WebSite\",\"@id\":\"https:\/\/spka-wordpress-fhf0e0dzb2bveydb.switzerlandnorth-01.azurewebsites.net\/en\/#website\",\"url\":\"https:\/\/spka-wordpress-fhf0e0dzb2bveydb.switzerlandnorth-01.azurewebsites.net\/en\/\",\"name\":\"Swiss Parkour Association\",\"description\":\"\",\"publisher\":{\"@id\":\"https:\/\/spka-wordpress-fhf0e0dzb2bveydb.switzerlandnorth-01.azurewebsites.net\/en\/#organization\"},\"potentialAction\":[{\"@type\":\"SearchAction\",\"target\":{\"@type\":\"EntryPoint\",\"urlTemplate\":\"https:\/\/spka-wordpress-fhf0e0dzb2bveydb.switzerlandnorth-01.azurewebsites.net\/en\/?s={search_term_string}\"},\"query-input\":{\"@type\":\"PropertyValueSpecification\",\"valueRequired\":true,\"valueName\":\"search_term_string\"}}],\"inLanguage\":\"fr-FR\"},{\"@type\":\"Organization\",\"@id\":\"https:\/\/spka-wordpress-fhf0e0dzb2bveydb.switzerlandnorth-01.azurewebsites.net\/en\/#organization\",\"name\":\"Swiss Parkour Association\",\"url\":\"https:\/\/spka-wordpress-fhf0e0dzb2bveydb.switzerlandnorth-01.azurewebsites.net\/en\/\",\"logo\":{\"@type\":\"ImageObject\",\"inLanguage\":\"fr-FR\",\"@id\":\"https:\/\/spka-wordpress-fhf0e0dzb2bveydb.switzerlandnorth-01.azurewebsites.net\/en\/#\/schema\/logo\/image\/\",\"url\":\"\/wp-content\/uploads\/logo-dark-circle.png\",\"contentUrl\":\"\/wp-content\/uploads\/logo-dark-circle.png\",\"width\":527,\"height\":527,\"caption\":\"Swiss Parkour Association\"},\"image\":{\"@id\":\"https:\/\/spka-wordpress-fhf0e0dzb2bveydb.switzerlandnorth-01.azurewebsites.net\/en\/#\/schema\/logo\/image\/\"},\"sameAs\":[\"https:\/\/www.instagram.com\/spka.swiss\/\"]}]}<\/script>\n<!-- \/ Yoast SEO plugin. -->","yoast_head_json":{"title":"Normes de s\u00e9curit\u00e9 (BPA) - Swiss Parkour Association","robots":{"index":"index","follow":"follow","max-snippet":"max-snippet:-1","max-image-preview":"max-image-preview:large","max-video-preview":"max-video-preview:-1"},"canonical":"https:\/\/www.spka.ch\/fr\/js\/safety-standards\/","og_locale":"fr_FR","og_type":"article","og_title":"Normes de s\u00e9curit\u00e9 (BPA) - Swiss Parkour Association","og_description":"Normes de s\u00e9curit\u00e9 dans l&rsquo;entra\u00eenement au parkour La SPKA est partenaire du Bureau suisse de pr\u00e9vention des accidents (BPA). En collaboration avec le BPA, des mesures de s\u00e9curit\u00e9 ont \u00e9t\u00e9 d\u00e9finies dans le cadre de la formation \u00e0 Jeunesse+Sport, qui doivent \u00eatre mises en \u0153uvre dans tous les clubs. Les mesures de s\u00e9curit\u00e9 peuvent \u00eatre [&hellip;]","og_url":"https:\/\/www.spka.ch\/fr\/js\/safety-standards\/","og_site_name":"Swiss Parkour Association","article_modified_time":"2025-09-03T13:04:16+00:00","twitter_card":"summary_large_image","twitter_misc":{"Dur\u00e9e de lecture estim\u00e9e":"1 minute"},"schema":{"@context":"https:\/\/schema.org","@graph":[{"@type":"WebPage","@id":"https:\/\/www.spka.ch\/fr\/js\/safety-standards\/","url":"https:\/\/www.spka.ch\/fr\/js\/safety-standards\/","name":"Normes de s\u00e9curit\u00e9 (BPA) - Swiss Parkour Association","isPartOf":{"@id":"https:\/\/spka-wordpress-fhf0e0dzb2bveydb.switzerlandnorth-01.azurewebsites.net\/en\/#website"},"datePublished":"2025-02-24T16:52:49+00:00","dateModified":"2025-09-03T13:04:16+00:00","breadcrumb":{"@id":"https:\/\/www.spka.ch\/fr\/js\/safety-standards\/#breadcrumb"},"inLanguage":"fr-FR","potentialAction":[{"@type":"ReadAction","target":["https:\/\/www.spka.ch\/fr\/js\/safety-standards\/"]}]},{"@type":"BreadcrumbList","@id":"https:\/\/www.spka.ch\/fr\/js\/safety-standards\/#breadcrumb","itemListElement":[{"@type":"ListItem","position":1,"name":"Home","item":"https:\/\/spka.ch\/fr\/"},{"@type":"ListItem","position":2,"name":"Jeunesse+Sport Information G\u00e9n\u00e9rale","item":"https:\/\/spka.ch\/fr\/js\/"},{"@type":"ListItem","position":3,"name":"Normes de s\u00e9curit\u00e9 (BPA)"}]},{"@type":"WebSite","@id":"https:\/\/spka-wordpress-fhf0e0dzb2bveydb.switzerlandnorth-01.azurewebsites.net\/en\/#website","url":"https:\/\/spka-wordpress-fhf0e0dzb2bveydb.switzerlandnorth-01.azurewebsites.net\/en\/","name":"Swiss Parkour Association","description":"","publisher":{"@id":"https:\/\/spka-wordpress-fhf0e0dzb2bveydb.switzerlandnorth-01.azurewebsites.net\/en\/#organization"},"potentialAction":[{"@type":"SearchAction","target":{"@type":"EntryPoint","urlTemplate":"https:\/\/spka-wordpress-fhf0e0dzb2bveydb.switzerlandnorth-01.azurewebsites.net\/en\/?s={search_term_string}"},"query-input":{"@type":"PropertyValueSpecification","valueRequired":true,"valueName":"search_term_string"}}],"inLanguage":"fr-FR"},{"@type":"Organization","@id":"https:\/\/spka-wordpress-fhf0e0dzb2bveydb.switzerlandnorth-01.azurewebsites.net\/en\/#organization","name":"Swiss Parkour Association","url":"https:\/\/spka-wordpress-fhf0e0dzb2bveydb.switzerlandnorth-01.azurewebsites.net\/en\/","logo":{"@type":"ImageObject","inLanguage":"fr-FR","@id":"https:\/\/spka-wordpress-fhf0e0dzb2bveydb.switzerlandnorth-01.azurewebsites.net\/en\/#\/schema\/logo\/image\/","url":"\/wp-content\/uploads\/logo-dark-circle.png","contentUrl":"\/wp-content\/uploads\/logo-dark-circle.png","width":527,"height":527,"caption":"Swiss Parkour Association"},"image":{"@id":"https:\/\/spka-wordpress-fhf0e0dzb2bveydb.switzerlandnorth-01.azurewebsites.net\/en\/#\/schema\/logo\/image\/"},"sameAs":["https:\/\/www.instagram.com\/spka.swiss\/"]}]}},"jetpack_sharing_enabled":true,"jetpack_shortlink":"https:\/\/wp.me\/PgGha7-fX","_links":{"self":[{"href":"https:\/\/www.spka.ch\/fr\/wp-json\/wp\/v2\/pages\/989","targetHints":{"allow":["GET"]}}],"collection":[{"href":"https:\/\/www.spka.ch\/fr\/wp-json\/wp\/v2\/pages"}],"about":[{"href":"https:\/\/www.spka.ch\/fr\/wp-json\/wp\/v2\/types\/page"}],"author":[{"embeddable":true,"href":"https:\/\/www.spka.ch\/fr\/wp-json\/wp\/v2\/users\/2"}],"replies":[{"embeddable":true,"href":"https:\/\/www.spka.ch\/fr\/wp-json\/wp\/v2\/comments?post=989"}],"version-history":[{"count":10,"href":"https:\/\/www.spka.ch\/fr\/wp-json\/wp\/v2\/pages\/989\/revisions"}],"predecessor-version":[{"id":1336,"href":"https:\/\/www.spka.ch\/fr\/wp-json\/wp\/v2\/pages\/989\/revisions\/1336"}],"up":[{"embeddable":true,"href":"https:\/\/www.spka.ch\/fr\/wp-json\/wp\/v2\/pages\/914"}],"wp:attachment":[{"href":"https:\/\/www.spka.ch\/fr\/wp-json\/wp\/v2\/media?parent=989"}],"curies":[{"name":"wp","href":"https:\/\/api.w.org\/{rel}","templated":true}]}}