{"id":996,"date":"2025-02-24T17:53:09","date_gmt":"2025-02-24T16:53:09","guid":{"rendered":"https:\/\/webstaging.spka.ch\/quest-ce-que-le-parkour\/"},"modified":"2025-09-03T12:40:03","modified_gmt":"2025-09-03T10:40:03","slug":"what-is-parkour","status":"publish","type":"page","link":"https:\/\/www.spka.ch\/fr\/what-is-parkour\/","title":{"rendered":"Qu&rsquo;est-ce que le Parkour ?"},"content":{"rendered":"\n<h2 class=\"wp-block-heading\">Qu&rsquo;est-ce que le Parkour ?<\/h2>\n\n<p>Le Parkour est une discipline dynamique et fascinante qui consiste \u00e0 se d\u00e9placer dans des environnements urbains en utilisant ses capacit\u00e9s physiques pour surmonter les obstacles de la mani\u00e8re la plus efficace, la plus cr\u00e9ative ou la plus amusante possible. Il m\u00eale des \u00e9l\u00e9ments d&rsquo;acrobatie, d&rsquo;athl\u00e9tisme et de r\u00e9solution cr\u00e9ative de probl\u00e8mes, offrant aux pratiquants une mani\u00e8re unique d&rsquo;interagir avec leur environnement. <\/p>\n\n<p class=\"has-text-align-left\">Le Parkour, souvent appel\u00e9 \u00ab\u00a0l&rsquo;art du d\u00e9placement\u00a0\u00bb, est n\u00e9 \u00e0 la fin des ann\u00e9es 1980 dans la banlieue de Paris, en France. Il a \u00e9t\u00e9 d\u00e9velopp\u00e9 par un groupe de neuf amis connus sous le nom de Yamakasi, qui signifie \u00ab\u00a0esprit fort\u00a0\u00bb en lingala, une langue parl\u00e9e en R\u00e9publique du Congo. Les Yamakasi se sont inspir\u00e9s de diverses sources, notamment de l&rsquo;entra\u00eenement militaire \u00e0 la course d&rsquo;obstacles, des arts martiaux et des d\u00e9placements naturels des animaux.  <\/p>\n\n<p>David Belle, l&rsquo;un des membres fondateurs des Yamakasi, est souvent consid\u00e9r\u00e9 comme le principal innovateur du parkour. Il s&rsquo;est inspir\u00e9 de son p\u00e8re, Raymond Belle, un pompier exp\u00e9riment\u00e9 qui a d\u00e9velopp\u00e9 des techniques efficaces pour naviguer dans des environnements dangereux. David a affin\u00e9 et d\u00e9velopp\u00e9 ces principes, cr\u00e9ant une approche structur\u00e9e du mouvement ax\u00e9e sur la vitesse, l&rsquo;efficacit\u00e9 et la s\u00e9curit\u00e9.  <\/p>\n\n<figure class=\"wp-block-gallery has-nested-images columns-4 wp-block-gallery-1 is-layout-flex wp-block-gallery-is-layout-flex\">\n<figure class=\"wp-block-image size-medium\"><img loading=\"lazy\" decoding=\"async\" width=\"230\" height=\"300\" data-id=\"135\" src=\"\/wp-content\/uploads\/climb-230x300.jpg\" alt=\"\" class=\"wp-image-135\" srcset=\"\/wp-content\/uploads\/climb-230x300.jpg 230w, \/wp-content\/uploads\/climb.jpg 315w\" sizes=\"auto, (max-width: 230px) 100vw, 230px\" \/><\/figure>\n\n\n\n<figure class=\"wp-block-image size-full\"><img loading=\"lazy\" decoding=\"async\" width=\"694\" height=\"635\" data-id=\"544\" src=\"\/wp-content\/uploads\/equilibres.jpg\" alt=\"\" class=\"wp-image-544\" srcset=\"\/wp-content\/uploads\/equilibres.jpg 694w, \/wp-content\/uploads\/equilibres-300x274.jpg 300w\" sizes=\"auto, (max-width: 694px) 100vw, 694px\" \/><\/figure>\n\n\n\n<figure class=\"wp-block-image size-medium is-style-default\"><img loading=\"lazy\" decoding=\"async\" width=\"189\" height=\"300\" data-id=\"438\" src=\"\/wp-content\/uploads\/1625626_597331753676709_439502069_n-189x300.jpg\" alt=\"\" class=\"wp-image-438\" srcset=\"\/wp-content\/uploads\/1625626_597331753676709_439502069_n-189x300.jpg 189w, \/wp-content\/uploads\/1625626_597331753676709_439502069_n.jpg 315w\" sizes=\"auto, (max-width: 189px) 100vw, 189px\" \/><\/figure>\n\n\n\n<figure class=\"wp-block-image aligncenter size-full\"><img loading=\"lazy\" decoding=\"async\" width=\"998\" height=\"816\" data-id=\"136\" src=\"\/wp-content\/uploads\/David-Belle-parkour.webp\" alt=\"\" class=\"wp-image-136\" srcset=\"\/wp-content\/uploads\/David-Belle-parkour.webp 998w, \/wp-content\/uploads\/David-Belle-parkour-300x245.webp 300w, \/wp-content\/uploads\/David-Belle-parkour-768x628.webp 768w\" sizes=\"auto, (max-width: 998px) 100vw, 998px\" \/><\/figure>\n<\/figure>\n\n<p><\/p>\n\n<p><\/p>\n\n<div class=\"wp-block-media-text has-media-on-the-right is-stacked-on-mobile is-style-default\"><div class=\"wp-block-media-text__content\">\n<p>\u00c0 l&rsquo;origine, le parkour \u00e9tait surtout pratiqu\u00e9 par le groupe des Yamakasi, qui s&rsquo;entra\u00eenaient rigoureusement pour affiner leurs comp\u00e9tences. Cependant, il a gagn\u00e9 en notori\u00e9t\u00e9 et en popularit\u00e9 gr\u00e2ce \u00e0 la publication de documentaires, de vid\u00e9os en ligne et d&rsquo;apparitions dans des films et des publicit\u00e9s. La nature visuellement stup\u00e9fiante et impressionnante du parkour a captiv\u00e9 le public dans le monde entier, ce qui a conduit \u00e0 sa croissance rapide en tant que sport urbain populaire.  <\/p>\n\n\n\n<p>Le Parkour n&rsquo;est pas seulement une question de prouesses physiques ; il incarne une philosophie de d\u00e9passement de soi, de discipline et de d\u00e9passement des limites personnelles. Les pratiquants, appel\u00e9s traceurs ou traceuses, s&rsquo;entra\u00eenent pour d\u00e9velopper leur force, leur agilit\u00e9, leur \u00e9quilibre, leur perception de l&rsquo;espace et leur concentration mentale. Cette discipline encourage la cr\u00e9ativit\u00e9, l&rsquo;adaptabilit\u00e9 et la capacit\u00e9 \u00e0 r\u00e9fl\u00e9chir rapidement, ce qui en fait une activit\u00e9 tr\u00e8s polyvalente et attrayante.  <\/p>\n\n\n\n<p>Aujourd&rsquo;hui, le parkour est devenu une communaut\u00e9 dynamique de passionn\u00e9s, avec des structures d&rsquo;entra\u00eenement d\u00e9di\u00e9es, des comp\u00e9titions et des \u00e9v\u00e8nements organis\u00e9s dans le monde entier. Il continue d&rsquo;inspirer les individus \u00e0 explorer leur potentiel physique, \u00e0 s&rsquo;approprier leur environnement urbain et \u00e0 cultiver un lien profond entre le corps et l&rsquo;esprit. Qu&rsquo;il s&rsquo;agisse d&rsquo;une activit\u00e9 r\u00e9cr\u00e9ative passionnante ou d&rsquo;une activit\u00e9 professionnelle, le parkour offre un moyen exaltant de se d\u00e9placer dans le monde avec style, gr\u00e2ce et efficacit\u00e9.  <\/p>\n<\/div><figure class=\"wp-block-media-text__media\"><img loading=\"lazy\" decoding=\"async\" width=\"1280\" height=\"852\" src=\"\/wp-content\/uploads\/Gros-52625092585_1861e2c88c_o.jpeg\" alt=\"\" class=\"wp-image-140 size-full\" srcset=\"\/wp-content\/uploads\/Gros-52625092585_1861e2c88c_o.jpeg 1280w, \/wp-content\/uploads\/Gros-52625092585_1861e2c88c_o-300x200.jpeg 300w, \/wp-content\/uploads\/Gros-52625092585_1861e2c88c_o-1024x682.jpeg 1024w, \/wp-content\/uploads\/Gros-52625092585_1861e2c88c_o-768x511.jpeg 768w\" sizes=\"auto, (max-width: 1280px) 100vw, 1280px\" \/><\/figure><\/div>\n\n<p><\/p>\n","protected":false},"excerpt":{"rendered":"<p>Qu&rsquo;est-ce que le Parkour ? Le Parkour est une discipline dynamique et fascinante qui consiste \u00e0 se d\u00e9placer dans des environnements urbains en utilisant ses capacit\u00e9s physiques pour surmonter les obstacles de la mani\u00e8re la plus efficace, la plus cr\u00e9ative ou la plus amusante possible. Il m\u00eale des \u00e9l\u00e9ments d&rsquo;acrobatie, d&rsquo;athl\u00e9tisme et de r\u00e9solution cr\u00e9ative [&hellip;]<\/p>\n","protected":false},"author":2,"featured_media":743,"parent":0,"menu_order":0,"comment_status":"closed","ping_status":"closed","template":"","meta":{"footnotes":""},"class_list":["post-996","page","type-page","status-publish","has-post-thumbnail","hentry"],"blocksy_meta":[],"yoast_head":"<!-- This site is optimized with the Yoast SEO plugin v27.2 - https:\/\/yoast.com\/product\/yoast-seo-wordpress\/ -->\n<title>Qu&#039;est-ce que le Parkour ? - Swiss Parkour Association<\/title>\n<meta name=\"robots\" content=\"index, follow, max-snippet:-1, max-image-preview:large, max-video-preview:-1\" \/>\n<link rel=\"canonical\" href=\"https:\/\/www.spka.ch\/fr\/what-is-parkour\/\" \/>\n<meta property=\"og:locale\" content=\"fr_FR\" \/>\n<meta property=\"og:type\" content=\"article\" \/>\n<meta property=\"og:title\" content=\"Qu&#039;est-ce que le Parkour ? - Swiss Parkour Association\" \/>\n<meta property=\"og:description\" content=\"Qu&rsquo;est-ce que le Parkour ? Le Parkour est une discipline dynamique et fascinante qui consiste \u00e0 se d\u00e9placer dans des environnements urbains en utilisant ses capacit\u00e9s physiques pour surmonter les obstacles de la mani\u00e8re la plus efficace, la plus cr\u00e9ative ou la plus amusante possible. Il m\u00eale des \u00e9l\u00e9ments d&rsquo;acrobatie, d&rsquo;athl\u00e9tisme et de r\u00e9solution cr\u00e9ative [&hellip;]\" \/>\n<meta property=\"og:url\" content=\"https:\/\/www.spka.ch\/fr\/what-is-parkour\/\" \/>\n<meta property=\"og:site_name\" content=\"Swiss Parkour Association\" \/>\n<meta property=\"article:modified_time\" content=\"2025-09-03T10:40:03+00:00\" \/>\n<meta property=\"og:image\" content=\"https:\/\/www.spka.ch\/wp-content\/uploads\/1625626_597331753676709_439502069_n.jpg\" \/>\n\t<meta property=\"og:image:width\" content=\"315\" \/>\n\t<meta property=\"og:image:height\" content=\"500\" \/>\n\t<meta property=\"og:image:type\" content=\"image\/jpeg\" \/>\n<meta name=\"twitter:card\" content=\"summary_large_image\" \/>\n<meta name=\"twitter:label1\" content=\"Dur\u00e9e de lecture estim\u00e9e\" \/>\n\t<meta name=\"twitter:data1\" content=\"2 minutes\" \/>\n<script type=\"application\/ld+json\" class=\"yoast-schema-graph\">{\"@context\":\"https:\/\/schema.org\",\"@graph\":[{\"@type\":\"WebPage\",\"@id\":\"https:\/\/www.spka.ch\/fr\/what-is-parkour\/\",\"url\":\"https:\/\/www.spka.ch\/fr\/what-is-parkour\/\",\"name\":\"Qu'est-ce que le Parkour ? - Swiss Parkour Association\",\"isPartOf\":{\"@id\":\"https:\/\/spka-wordpress-fhf0e0dzb2bveydb.switzerlandnorth-01.azurewebsites.net\/en\/#website\"},\"primaryImageOfPage\":{\"@id\":\"https:\/\/www.spka.ch\/fr\/what-is-parkour\/#primaryimage\"},\"image\":{\"@id\":\"https:\/\/www.spka.ch\/fr\/what-is-parkour\/#primaryimage\"},\"thumbnailUrl\":\"\/wp-content\/uploads\/1625626_597331753676709_439502069_n.jpg\",\"datePublished\":\"2025-02-24T16:53:09+00:00\",\"dateModified\":\"2025-09-03T10:40:03+00:00\",\"breadcrumb\":{\"@id\":\"https:\/\/www.spka.ch\/fr\/what-is-parkour\/#breadcrumb\"},\"inLanguage\":\"fr-FR\",\"potentialAction\":[{\"@type\":\"ReadAction\",\"target\":[\"https:\/\/www.spka.ch\/fr\/what-is-parkour\/\"]}]},{\"@type\":\"ImageObject\",\"inLanguage\":\"fr-FR\",\"@id\":\"https:\/\/www.spka.ch\/fr\/what-is-parkour\/#primaryimage\",\"url\":\"\/wp-content\/uploads\/1625626_597331753676709_439502069_n.jpg\",\"contentUrl\":\"\/wp-content\/uploads\/1625626_597331753676709_439502069_n.jpg\",\"width\":315,\"height\":500},{\"@type\":\"BreadcrumbList\",\"@id\":\"https:\/\/www.spka.ch\/fr\/what-is-parkour\/#breadcrumb\",\"itemListElement\":[{\"@type\":\"ListItem\",\"position\":1,\"name\":\"Home\",\"item\":\"https:\/\/spka.ch\/fr\/\"},{\"@type\":\"ListItem\",\"position\":2,\"name\":\"Qu&rsquo;est-ce que le Parkour ?\"}]},{\"@type\":\"WebSite\",\"@id\":\"https:\/\/spka-wordpress-fhf0e0dzb2bveydb.switzerlandnorth-01.azurewebsites.net\/en\/#website\",\"url\":\"https:\/\/spka-wordpress-fhf0e0dzb2bveydb.switzerlandnorth-01.azurewebsites.net\/en\/\",\"name\":\"Swiss Parkour Association\",\"description\":\"\",\"publisher\":{\"@id\":\"https:\/\/spka-wordpress-fhf0e0dzb2bveydb.switzerlandnorth-01.azurewebsites.net\/en\/#organization\"},\"potentialAction\":[{\"@type\":\"SearchAction\",\"target\":{\"@type\":\"EntryPoint\",\"urlTemplate\":\"https:\/\/spka-wordpress-fhf0e0dzb2bveydb.switzerlandnorth-01.azurewebsites.net\/en\/?s={search_term_string}\"},\"query-input\":{\"@type\":\"PropertyValueSpecification\",\"valueRequired\":true,\"valueName\":\"search_term_string\"}}],\"inLanguage\":\"fr-FR\"},{\"@type\":\"Organization\",\"@id\":\"https:\/\/spka-wordpress-fhf0e0dzb2bveydb.switzerlandnorth-01.azurewebsites.net\/en\/#organization\",\"name\":\"Swiss Parkour Association\",\"url\":\"https:\/\/spka-wordpress-fhf0e0dzb2bveydb.switzerlandnorth-01.azurewebsites.net\/en\/\",\"logo\":{\"@type\":\"ImageObject\",\"inLanguage\":\"fr-FR\",\"@id\":\"https:\/\/spka-wordpress-fhf0e0dzb2bveydb.switzerlandnorth-01.azurewebsites.net\/en\/#\/schema\/logo\/image\/\",\"url\":\"\/wp-content\/uploads\/logo-dark-circle.png\",\"contentUrl\":\"\/wp-content\/uploads\/logo-dark-circle.png\",\"width\":527,\"height\":527,\"caption\":\"Swiss Parkour Association\"},\"image\":{\"@id\":\"https:\/\/spka-wordpress-fhf0e0dzb2bveydb.switzerlandnorth-01.azurewebsites.net\/en\/#\/schema\/logo\/image\/\"},\"sameAs\":[\"https:\/\/www.instagram.com\/spka.swiss\/\"]}]}<\/script>\n<!-- \/ Yoast SEO plugin. -->","yoast_head_json":{"title":"Qu'est-ce que le Parkour ? - Swiss Parkour Association","robots":{"index":"index","follow":"follow","max-snippet":"max-snippet:-1","max-image-preview":"max-image-preview:large","max-video-preview":"max-video-preview:-1"},"canonical":"https:\/\/www.spka.ch\/fr\/what-is-parkour\/","og_locale":"fr_FR","og_type":"article","og_title":"Qu'est-ce que le Parkour ? - Swiss Parkour Association","og_description":"Qu&rsquo;est-ce que le Parkour ? Le Parkour est une discipline dynamique et fascinante qui consiste \u00e0 se d\u00e9placer dans des environnements urbains en utilisant ses capacit\u00e9s physiques pour surmonter les obstacles de la mani\u00e8re la plus efficace, la plus cr\u00e9ative ou la plus amusante possible. Il m\u00eale des \u00e9l\u00e9ments d&rsquo;acrobatie, d&rsquo;athl\u00e9tisme et de r\u00e9solution cr\u00e9ative [&hellip;]","og_url":"https:\/\/www.spka.ch\/fr\/what-is-parkour\/","og_site_name":"Swiss Parkour Association","article_modified_time":"2025-09-03T10:40:03+00:00","og_image":[{"width":315,"height":500,"url":"https:\/\/www.spka.ch\/wp-content\/uploads\/1625626_597331753676709_439502069_n.jpg","type":"image\/jpeg"}],"twitter_card":"summary_large_image","twitter_misc":{"Dur\u00e9e de lecture estim\u00e9e":"2 minutes"},"schema":{"@context":"https:\/\/schema.org","@graph":[{"@type":"WebPage","@id":"https:\/\/www.spka.ch\/fr\/what-is-parkour\/","url":"https:\/\/www.spka.ch\/fr\/what-is-parkour\/","name":"Qu'est-ce que le Parkour ? - Swiss Parkour Association","isPartOf":{"@id":"https:\/\/spka-wordpress-fhf0e0dzb2bveydb.switzerlandnorth-01.azurewebsites.net\/en\/#website"},"primaryImageOfPage":{"@id":"https:\/\/www.spka.ch\/fr\/what-is-parkour\/#primaryimage"},"image":{"@id":"https:\/\/www.spka.ch\/fr\/what-is-parkour\/#primaryimage"},"thumbnailUrl":"\/wp-content\/uploads\/1625626_597331753676709_439502069_n.jpg","datePublished":"2025-02-24T16:53:09+00:00","dateModified":"2025-09-03T10:40:03+00:00","breadcrumb":{"@id":"https:\/\/www.spka.ch\/fr\/what-is-parkour\/#breadcrumb"},"inLanguage":"fr-FR","potentialAction":[{"@type":"ReadAction","target":["https:\/\/www.spka.ch\/fr\/what-is-parkour\/"]}]},{"@type":"ImageObject","inLanguage":"fr-FR","@id":"https:\/\/www.spka.ch\/fr\/what-is-parkour\/#primaryimage","url":"\/wp-content\/uploads\/1625626_597331753676709_439502069_n.jpg","contentUrl":"\/wp-content\/uploads\/1625626_597331753676709_439502069_n.jpg","width":315,"height":500},{"@type":"BreadcrumbList","@id":"https:\/\/www.spka.ch\/fr\/what-is-parkour\/#breadcrumb","itemListElement":[{"@type":"ListItem","position":1,"name":"Home","item":"https:\/\/spka.ch\/fr\/"},{"@type":"ListItem","position":2,"name":"Qu&rsquo;est-ce que le Parkour ?"}]},{"@type":"WebSite","@id":"https:\/\/spka-wordpress-fhf0e0dzb2bveydb.switzerlandnorth-01.azurewebsites.net\/en\/#website","url":"https:\/\/spka-wordpress-fhf0e0dzb2bveydb.switzerlandnorth-01.azurewebsites.net\/en\/","name":"Swiss Parkour Association","description":"","publisher":{"@id":"https:\/\/spka-wordpress-fhf0e0dzb2bveydb.switzerlandnorth-01.azurewebsites.net\/en\/#organization"},"potentialAction":[{"@type":"SearchAction","target":{"@type":"EntryPoint","urlTemplate":"https:\/\/spka-wordpress-fhf0e0dzb2bveydb.switzerlandnorth-01.azurewebsites.net\/en\/?s={search_term_string}"},"query-input":{"@type":"PropertyValueSpecification","valueRequired":true,"valueName":"search_term_string"}}],"inLanguage":"fr-FR"},{"@type":"Organization","@id":"https:\/\/spka-wordpress-fhf0e0dzb2bveydb.switzerlandnorth-01.azurewebsites.net\/en\/#organization","name":"Swiss Parkour Association","url":"https:\/\/spka-wordpress-fhf0e0dzb2bveydb.switzerlandnorth-01.azurewebsites.net\/en\/","logo":{"@type":"ImageObject","inLanguage":"fr-FR","@id":"https:\/\/spka-wordpress-fhf0e0dzb2bveydb.switzerlandnorth-01.azurewebsites.net\/en\/#\/schema\/logo\/image\/","url":"\/wp-content\/uploads\/logo-dark-circle.png","contentUrl":"\/wp-content\/uploads\/logo-dark-circle.png","width":527,"height":527,"caption":"Swiss Parkour Association"},"image":{"@id":"https:\/\/spka-wordpress-fhf0e0dzb2bveydb.switzerlandnorth-01.azurewebsites.net\/en\/#\/schema\/logo\/image\/"},"sameAs":["https:\/\/www.instagram.com\/spka.swiss\/"]}]}},"jetpack_sharing_enabled":true,"jetpack_shortlink":"https:\/\/wp.me\/PgGha7-g4","_links":{"self":[{"href":"https:\/\/www.spka.ch\/fr\/wp-json\/wp\/v2\/pages\/996","targetHints":{"allow":["GET"]}}],"collection":[{"href":"https:\/\/www.spka.ch\/fr\/wp-json\/wp\/v2\/pages"}],"about":[{"href":"https:\/\/www.spka.ch\/fr\/wp-json\/wp\/v2\/types\/page"}],"author":[{"embeddable":true,"href":"https:\/\/www.spka.ch\/fr\/wp-json\/wp\/v2\/users\/2"}],"replies":[{"embeddable":true,"href":"https:\/\/www.spka.ch\/fr\/wp-json\/wp\/v2\/comments?post=996"}],"version-history":[{"count":7,"href":"https:\/\/www.spka.ch\/fr\/wp-json\/wp\/v2\/pages\/996\/revisions"}],"predecessor-version":[{"id":1270,"href":"https:\/\/www.spka.ch\/fr\/wp-json\/wp\/v2\/pages\/996\/revisions\/1270"}],"wp:featuredmedia":[{"embeddable":true,"href":"https:\/\/www.spka.ch\/fr\/wp-json\/wp\/v2\/media\/743"}],"wp:attachment":[{"href":"https:\/\/www.spka.ch\/fr\/wp-json\/wp\/v2\/media?parent=996"}],"curies":[{"name":"wp","href":"https:\/\/api.w.org\/{rel}","templated":true}]}}